{"id":9374,"date":"2025-03-17T13:30:50","date_gmt":"2025-03-17T12:30:50","guid":{"rendered":"https:\/\/aranyj.hu\/?page_id=9374"},"modified":"2025-06-16T20:41:57","modified_gmt":"2025-06-16T18:41:57","slug":"egyeb-szabalyzatok","status":"publish","type":"page","link":"https:\/\/aranyj.hu\/?page_id=9374","title":{"rendered":"Egy\u00e9b szab\u00e1lyzatok"},"content":{"rendered":"<p><a href=\"http:\/\/aranyj.hu\/wp-content\/uploads\/2025\/03\/Gyakornoki_szabalyzat.pdf\">Gyakornoki szab\u00e1lyzat<\/a><br \/>\n<a href=\"http:\/\/aranyj.hu\/wp-content\/uploads\/2025\/03\/NOKS_gyakornok_minositesi_szabalyzata.pdf\">NOKS gyakornok min\u0151s\u00edt\u00e9si szab\u00e1lyzata<\/a><br \/>\n<a href=\"http:\/\/aranyj.hu\/wp-content\/uploads\/2025\/03\/Panaszkezelesi_szabalyzat.pdf\">Panaszkezel\u00e9si szab\u00e1lyzat<\/a><br \/>\n<a href=\"http:\/\/aranyj.hu\/wp-content\/uploads\/2025\/06\/Intezmenyi-teljesitmenyertekelesi-rendszer.pdf\">Int\u00e9zm\u00e9nyi teljes\u00edtm\u00e9ny\u00e9rt\u00e9kel\u00e9si rendszer<\/a><br \/>\n<a href=\"http:\/\/aranyj.hu\/wp-content\/uploads\/2025\/06\/A-Teljesitmenyertekeles-lebonyolitasa.pdf\">A Teljes\u00edtm\u00e9ny\u00e9rt\u00e9kel\u00e9s lebonyol\u00edt\u00e1sa<\/a><\/p>\n","protected":false},"excerpt":{"rendered":"<p>Gyakornoki szab\u00e1lyzat NOKS gyakornok min\u0151s\u00edt\u00e9si szab\u00e1lyzata Panaszkezel\u00e9si szab\u00e1lyzat Int\u00e9zm\u00e9nyi teljes\u00edtm\u00e9ny\u00e9rt\u00e9kel\u00e9si rendszer A Teljes\u00edtm\u00e9ny\u00e9rt\u00e9kel\u00e9s lebonyol\u00edt\u00e1sa<\/p>\n","protected":false},"author":1,"featured_media":0,"parent":0,"menu_order":0,"comment_status":"closed","ping_status":"closed","template":"","meta":[],"_links":{"self":[{"href":"https:\/\/aranyj.hu\/index.php?rest_route=\/wp\/v2\/pages\/9374"}],"collection":[{"href":"https:\/\/aranyj.hu\/index.php?rest_route=\/wp\/v2\/pages"}],"about":[{"href":"https:\/\/aranyj.hu\/index.php?rest_route=\/wp\/v2\/types\/page"}],"author":[{"embeddable":true,"href":"https:\/\/aranyj.hu\/index.php?rest_route=\/wp\/v2\/users\/1"}],"replies":[{"embeddable":true,"href":"https:\/\/aranyj.hu\/index.php?rest_route=%2Fwp%2Fv2%2Fcomments&post=9374"}],"version-history":[{"count":4,"href":"https:\/\/aranyj.hu\/index.php?rest_route=\/wp\/v2\/pages\/9374\/revisions"}],"predecessor-version":[{"id":9715,"href":"https:\/\/aranyj.hu\/index.php?rest_route=\/wp\/v2\/pages\/9374\/revisions\/9715"}],"wp:attachment":[{"href":"https:\/\/aranyj.hu\/index.php?rest_route=%2Fwp%2Fv2%2Fmedia&parent=9374"}],"curies":[{"name":"wp","href":"https:\/\/api.w.org\/{rel}","templated":true}]}}