{"id":8570,"date":"2023-02-20T11:22:49","date_gmt":"2023-02-20T10:22:49","guid":{"rendered":"http:\/\/aranyj.hu\/?page_id=8570"},"modified":"2023-10-26T11:23:44","modified_gmt":"2023-10-26T09:23:44","slug":"intezmenyvezetoi-palyazat","status":"publish","type":"page","link":"https:\/\/aranyj.hu\/?page_id=8570","title":{"rendered":"Int\u00e9zm\u00e9nyvezet\u0151i p\u00e1ly\u00e1zat"},"content":{"rendered":"<p><a href=\"http:\/\/aranyj.hu\/wp-content\/uploads\/2023\/02\/SASHEGYI_intezmenyvezetoi_palyazat.pdf\">Megtekint\u00e9s<\/a><\/p>\n","protected":false},"excerpt":{"rendered":"<p>Megtekint\u00e9s<\/p>\n","protected":false},"author":1,"featured_media":0,"parent":0,"menu_order":0,"comment_status":"closed","ping_status":"closed","template":"","meta":[],"_links":{"self":[{"href":"https:\/\/aranyj.hu\/index.php?rest_route=\/wp\/v2\/pages\/8570"}],"collection":[{"href":"https:\/\/aranyj.hu\/index.php?rest_route=\/wp\/v2\/pages"}],"about":[{"href":"https:\/\/aranyj.hu\/index.php?rest_route=\/wp\/v2\/types\/page"}],"author":[{"embeddable":true,"href":"https:\/\/aranyj.hu\/index.php?rest_route=\/wp\/v2\/users\/1"}],"replies":[{"embeddable":true,"href":"https:\/\/aranyj.hu\/index.php?rest_route=%2Fwp%2Fv2%2Fcomments&post=8570"}],"version-history":[{"count":1,"href":"https:\/\/aranyj.hu\/index.php?rest_route=\/wp\/v2\/pages\/8570\/revisions"}],"predecessor-version":[{"id":8571,"href":"https:\/\/aranyj.hu\/index.php?rest_route=\/wp\/v2\/pages\/8570\/revisions\/8571"}],"wp:attachment":[{"href":"https:\/\/aranyj.hu\/index.php?rest_route=%2Fwp%2Fv2%2Fmedia&parent=8570"}],"curies":[{"name":"wp","href":"https:\/\/api.w.org\/{rel}","templated":true}]}}