{"id":7820,"date":"2022-09-09T13:22:39","date_gmt":"2022-09-09T12:22:39","guid":{"rendered":"http:\/\/aranyj.hu\/?page_id=7820"},"modified":"2022-09-09T13:22:39","modified_gmt":"2022-09-09T12:22:39","slug":"tankonyv-tajekoztato","status":"publish","type":"page","link":"https:\/\/aranyj.hu\/?page_id=7820","title":{"rendered":"Tank\u00f6nyv t\u00e1j\u00e9koztat\u00f3"},"content":{"rendered":"<p><a href=\"http:\/\/aranyj.hu\/wp-content\/uploads\/2022\/09\/Tankonyvtajekoztato-2022-2023-astanev.pdf\">Tank\u00f6nyv t\u00e1j\u00e9koztat\u00f3<\/a><\/p>\n","protected":false},"excerpt":{"rendered":"<p>Tank\u00f6nyv t\u00e1j\u00e9koztat\u00f3<\/p>\n","protected":false},"author":1,"featured_media":0,"parent":0,"menu_order":0,"comment_status":"closed","ping_status":"closed","template":"","meta":[],"_links":{"self":[{"href":"https:\/\/aranyj.hu\/index.php?rest_route=\/wp\/v2\/pages\/7820"}],"collection":[{"href":"https:\/\/aranyj.hu\/index.php?rest_route=\/wp\/v2\/pages"}],"about":[{"href":"https:\/\/aranyj.hu\/index.php?rest_route=\/wp\/v2\/types\/page"}],"author":[{"embeddable":true,"href":"https:\/\/aranyj.hu\/index.php?rest_route=\/wp\/v2\/users\/1"}],"replies":[{"embeddable":true,"href":"https:\/\/aranyj.hu\/index.php?rest_route=%2Fwp%2Fv2%2Fcomments&post=7820"}],"version-history":[{"count":1,"href":"https:\/\/aranyj.hu\/index.php?rest_route=\/wp\/v2\/pages\/7820\/revisions"}],"predecessor-version":[{"id":7823,"href":"https:\/\/aranyj.hu\/index.php?rest_route=\/wp\/v2\/pages\/7820\/revisions\/7823"}],"wp:attachment":[{"href":"https:\/\/aranyj.hu\/index.php?rest_route=%2Fwp%2Fv2%2Fmedia&parent=7820"}],"curies":[{"name":"wp","href":"https:\/\/api.w.org\/{rel}","templated":true}]}}