{"id":7748,"date":"2022-06-28T09:21:55","date_gmt":"2022-06-28T08:21:55","guid":{"rendered":"http:\/\/aranyj.hu\/?page_id=7748"},"modified":"2026-02-13T12:39:20","modified_gmt":"2026-02-13T11:39:20","slug":"adatvedelem","status":"publish","type":"page","link":"https:\/\/aranyj.hu\/?page_id=7748","title":{"rendered":"Adatv\u00e9delem"},"content":{"rendered":"<p>Adatv\u00e9delmi tiszts\u00e9gvisel\u0151: <strong>Dr. Hornos-Horv\u00e1th Andrea<\/strong><br \/>\nE-mail c\u00edm: adatvedelem.arany@kozepbudaitk.hu<br \/>\nPostai c\u00edm: 1027 Budapest F\u0151 utca 80.<\/p>\n<p><strong>Adatkezel\u00e9si t\u00e1j\u00e9koztat\u00f3:<br \/>\n\u00c9rv\u00e9nyes 2022.11.25-ig<\/strong><\/p>\n<p><a href=\"http:\/\/aranyj.hu\/wp-content\/uploads\/2022\/08\/Adatkezelesi_szabalyzat_2022.pdf\"><strong>Adatkezel\u00e9si szab\u00e1lyzat<\/strong><\/a><br \/>\n<strong><a href=\"http:\/\/aranyj.hu\/wp-content\/uploads\/2022\/08\/Adatkezelesi_tevekenysegek_nyilvantartasa_2022.pdf\">Adatkezel\u00e9si tev\u00e9kenys\u00e9gek nyilv\u00e1ntart\u00e1sa<\/a><br \/>\n<\/strong><strong><a href=\"http:\/\/aranyj.hu\/wp-content\/uploads\/2022\/08\/Altalanos_adatkezelesi_tajekoztato_2022.pdf\">\u00c1ltal\u00e1nos adatkezel\u00e9si t\u00e1j\u00e9koztat\u00f3<\/a><br \/>\n<\/strong><a href=\"http:\/\/aranyj.hu\/wp-content\/uploads\/2020\/04\/adatkezelesi_tajekoztato.pdf\"><strong>T\u00e1j\u00e9koztat\u00f3 a tantermen k\u00edv\u00fcli, digit\u00e1lis munkarendben val\u00f3 r\u00e9szv\u00e9tel sor\u00e1n megval\u00f3sul\u00f3 adatkezel\u00e9sr\u0151l<\/strong><\/a><br \/>\n<a href=\"http:\/\/aranyj.hu\/wp-content\/uploads\/2020\/04\/utmutato_digitalis_oktatas_tanulok_szulok.pdf\"><strong>\u00datmutat\u00f3 a tantermen k\u00edv\u00fcli, digit\u00e1lis munkarendben val\u00f3 r\u00e9szv\u00e9tel sor\u00e1n megval\u00f3sul\u00f3 adatkezel\u00e9shez<\/strong><\/a><br \/>\n<strong><a href=\"http:\/\/aranyj.hu\/wp-content\/uploads\/2022\/06\/adatkezelesi_tajekoztato_20200127125217.pdf\">GDPR adatv\u00e9delmi t\u00e1j\u00e9koztat\u00f3<\/a><br \/>\n<\/strong><strong><a href=\"http:\/\/aranyj.hu\/wp-content\/uploads\/2022\/08\/adatkezelesi_tajekoztato.pdf\">Adatkezel\u00e9si t\u00e1j\u00e9koztat\u00f3<\/a><br \/>\n<\/strong><strong><a href=\"http:\/\/aranyj.hu\/wp-content\/uploads\/2022\/08\/Sashegyi-Arany_Janos_Alt_Iskola_es_Gimnazium_Iratkezelesi_szabalyzat.pdf\">Iratkezel\u00e9si szab\u00e1lyzat<\/a><br \/>\n<\/strong><strong><a href=\"http:\/\/aranyj.hu\/wp-content\/uploads\/2022\/08\/Kamera_szabalyzat_2022.pdf\">Kamera szab\u00e1lyzat<\/a><\/strong><\/p>\n<p><strong><br \/>\nAdatkezel\u00e9si t\u00e1j\u00e9koztat\u00f3:<br \/>\n\u00c9rv\u00e9nyes 2022.11.25-t\u0151l<\/strong><\/p>\n<div><a href=\"http:\/\/aranyj.hu\/wp-content\/uploads\/2022\/11\/Adatkezelesi_szabalyzat.pdf\"><strong>Adatkezel\u00e9si szab\u00e1lyzat<\/strong><\/a><\/div>\n<div><strong><a href=\"http:\/\/aranyj.hu\/wp-content\/uploads\/2022\/11\/Adatkezelesi_tevekenysegek_nyilvantartasa.pdf\">Adatkezel\u00e9si tev\u00e9kenys\u00e9gek nyilv\u00e1ntart\u00e1sa<\/a><\/strong><\/div>\n<div><strong><a href=\"http:\/\/aranyj.hu\/wp-content\/uploads\/2022\/11\/Adatkezelesi_tajekoztato.pdf\">Adatkezel\u00e9si t\u00e1j\u00e9koztat\u00f3<\/a><\/strong><\/div>\n<div><strong><a href=\"http:\/\/aranyj.hu\/wp-content\/uploads\/2022\/11\/Altalanos_adatkezelesi_tajekoztato.pdf\">\u00c1ltal\u00e1nos adatkezel\u00e9si t\u00e1j\u00e9koztat\u00f3<\/a><\/strong><\/div>\n<div><strong><a href=\"http:\/\/aranyj.hu\/wp-content\/uploads\/2022\/11\/Kamera_szabalyzat.pdf\">Kamera szab\u00e1lyzat<\/a><\/strong><\/div>\n<div><strong><a href=\"http:\/\/aranyj.hu\/wp-content\/uploads\/2022\/08\/Sashegyi-Arany_Janos_Alt_Iskola_es_Gimnazium_Iratkezelesi_szabalyzat.pdf\">Iratkezel\u00e9si szab\u00e1lyzat<\/a><\/strong><\/div>\n<div><\/div>\n<div><\/div>\n<div>\n<p><strong>Adatkezel\u00e9si t\u00e1j\u00e9koztat\u00f3:<br \/>\n\u00c9rv\u00e9nyes 2025.03.07-t\u0151l<\/strong><\/p>\n<div><a href=\"http:\/\/aranyj.hu\/wp-content\/uploads\/2022\/11\/Adatkezelesi_szabalyzat.pdf\"><strong>Adatkezel\u00e9si szab\u00e1lyzat<\/strong><\/a><\/div>\n<div><a href=\"http:\/\/aranyj.hu\/wp-content\/uploads\/2025\/03\/Adatkezelesi_tevekenysegek_nyilvantartasa.pdf\"><strong>Adatkezel\u00e9si tev\u00e9kenys\u00e9gek nyilv\u00e1ntart\u00e1sa<\/strong><\/a><\/div>\n<div><a href=\"http:\/\/aranyj.hu\/wp-content\/uploads\/2025\/03\/Adatkezelesi_tajekoztato.pdf\"><strong>Adatkezel\u00e9si t\u00e1j\u00e9koztat\u00f3<\/strong><\/a><\/div>\n<div><a href=\"http:\/\/aranyj.hu\/wp-content\/uploads\/2025\/03\/Adatkezelesi_tajekoztato_adatlap.pdf\"><strong>Adatkezel\u00e9si t\u00e1j\u00e9koztat\u00f3 adatlap<\/strong><\/a><\/div>\n<div><strong><a href=\"http:\/\/aranyj.hu\/wp-content\/uploads\/2022\/11\/Kamera_szabalyzat.pdf\">Kamera szab\u00e1lyzat<\/a><\/strong><\/div>\n<div><strong><a href=\"http:\/\/aranyj.hu\/wp-content\/uploads\/2022\/08\/Sashegyi-Arany_Janos_Alt_Iskola_es_Gimnazium_Iratkezelesi_szabalyzat.pdf\">Iratkezel\u00e9si szab\u00e1lyzat<\/a><\/strong><\/div>\n<\/div>\n","protected":false},"excerpt":{"rendered":"<p>Adatv\u00e9delmi tiszts\u00e9gvisel\u0151: Dr. Hornos-Horv\u00e1th Andrea E-mail c\u00edm: adatvedelem.arany@kozepbudaitk.hu Postai c\u00edm: 1027 Budapest F\u0151 utca 80. Adatkezel\u00e9si t\u00e1j\u00e9koztat\u00f3: \u00c9rv\u00e9nyes 2022.11.25-ig Adatkezel\u00e9si szab\u00e1lyzat Adatkezel\u00e9si tev\u00e9kenys\u00e9gek nyilv\u00e1ntart\u00e1sa \u00c1ltal\u00e1nos adatkezel\u00e9si t\u00e1j\u00e9koztat\u00f3 T\u00e1j\u00e9koztat\u00f3 a tantermen k\u00edv\u00fcli, digit\u00e1lis munkarendben val\u00f3 r\u00e9szv\u00e9tel sor\u00e1n megval\u00f3sul\u00f3 adatkezel\u00e9sr\u0151l \u00datmutat\u00f3 a tantermen k\u00edv\u00fcli, digit\u00e1lis munkarendben val\u00f3 r\u00e9szv\u00e9tel sor\u00e1n megval\u00f3sul\u00f3 adatkezel\u00e9shez GDPR adatv\u00e9delmi t\u00e1j\u00e9koztat\u00f3 Adatkezel\u00e9si t\u00e1j\u00e9koztat\u00f3 Iratkezel\u00e9si [&hellip;]<\/p>\n","protected":false},"author":1,"featured_media":0,"parent":0,"menu_order":0,"comment_status":"closed","ping_status":"closed","template":"","meta":[],"_links":{"self":[{"href":"https:\/\/aranyj.hu\/index.php?rest_route=\/wp\/v2\/pages\/7748"}],"collection":[{"href":"https:\/\/aranyj.hu\/index.php?rest_route=\/wp\/v2\/pages"}],"about":[{"href":"https:\/\/aranyj.hu\/index.php?rest_route=\/wp\/v2\/types\/page"}],"author":[{"embeddable":true,"href":"https:\/\/aranyj.hu\/index.php?rest_route=\/wp\/v2\/users\/1"}],"replies":[{"embeddable":true,"href":"https:\/\/aranyj.hu\/index.php?rest_route=%2Fwp%2Fv2%2Fcomments&post=7748"}],"version-history":[{"count":21,"href":"https:\/\/aranyj.hu\/index.php?rest_route=\/wp\/v2\/pages\/7748\/revisions"}],"predecessor-version":[{"id":10042,"href":"https:\/\/aranyj.hu\/index.php?rest_route=\/wp\/v2\/pages\/7748\/revisions\/10042"}],"wp:attachment":[{"href":"https:\/\/aranyj.hu\/index.php?rest_route=%2Fwp%2Fv2%2Fmedia&parent=7748"}],"curies":[{"name":"wp","href":"https:\/\/api.w.org\/{rel}","templated":true}]}}