{"id":679,"date":"2016-01-04T19:14:11","date_gmt":"2016-01-04T18:14:11","guid":{"rendered":"http:\/\/aranyj.hu\/?page_id=679"},"modified":"2016-01-04T19:14:19","modified_gmt":"2016-01-04T18:14:19","slug":"kapuera","status":"publish","type":"page","link":"https:\/\/aranyj.hu\/?page_id=679","title":{"rendered":"Kapuera"},"content":{"rendered":"<p><img decoding=\"async\" class=\"alignleft\" src=\"http:\/\/aranyj.hu\/wp-content\/uploads\/tanfolyamok\/270_b.jpg\" alt=\"\" \/><br \/>\n<strong>Aki kapuerazni szeretne, annak erre szerd\u00e1n \u00e9s p\u00e9nteken 17 \u00e9s 18 \u00f3ra k\u00f6z\u00f6tt ny\u00edlik lehet\u0151s\u00e9ge.<\/strong><\/p>\n","protected":false},"excerpt":{"rendered":"<p>Aki kapuerazni szeretne, annak erre szerd\u00e1n \u00e9s p\u00e9nteken 17 \u00e9s 18 \u00f3ra k\u00f6z\u00f6tt ny\u00edlik lehet\u0151s\u00e9ge.<\/p>\n","protected":false},"author":1,"featured_media":0,"parent":0,"menu_order":0,"comment_status":"closed","ping_status":"closed","template":"","meta":[],"_links":{"self":[{"href":"https:\/\/aranyj.hu\/index.php?rest_route=\/wp\/v2\/pages\/679"}],"collection":[{"href":"https:\/\/aranyj.hu\/index.php?rest_route=\/wp\/v2\/pages"}],"about":[{"href":"https:\/\/aranyj.hu\/index.php?rest_route=\/wp\/v2\/types\/page"}],"author":[{"embeddable":true,"href":"https:\/\/aranyj.hu\/index.php?rest_route=\/wp\/v2\/users\/1"}],"replies":[{"embeddable":true,"href":"https:\/\/aranyj.hu\/index.php?rest_route=%2Fwp%2Fv2%2Fcomments&post=679"}],"version-history":[{"count":2,"href":"https:\/\/aranyj.hu\/index.php?rest_route=\/wp\/v2\/pages\/679\/revisions"}],"predecessor-version":[{"id":681,"href":"https:\/\/aranyj.hu\/index.php?rest_route=\/wp\/v2\/pages\/679\/revisions\/681"}],"wp:attachment":[{"href":"https:\/\/aranyj.hu\/index.php?rest_route=%2Fwp%2Fv2%2Fmedia&parent=679"}],"curies":[{"name":"wp","href":"https:\/\/api.w.org\/{rel}","templated":true}]}}