{"id":671,"date":"2016-01-04T18:55:50","date_gmt":"2016-01-04T17:55:50","guid":{"rendered":"http:\/\/aranyj.hu\/?page_id=671"},"modified":"2016-01-04T18:56:12","modified_gmt":"2016-01-04T17:56:12","slug":"ritmikus-gimnasztika","status":"publish","type":"page","link":"https:\/\/aranyj.hu\/?page_id=671","title":{"rendered":"Ritmikus Gimnasztika"},"content":{"rendered":"<p><img decoding=\"async\" loading=\"lazy\" class=\"alignleft\" src=\"http:\/\/aranyj.hu\/wp-content\/uploads\/tanfolyamok\/268_b.jpg\" alt=\"\" width=\"385\" height=\"302\" \/><br \/>\nIskol\u00e1nkban hossz\u00fa \u00e9vek \u00f3ta tart ritmikus gimnasztika tanfolyamot<br \/>\nJehoda Judit \u00e9s Lad\u00e1nyi Gabriella.<\/p>\n<p><strong>A tanfolyamok id\u0151pontjai:<\/strong><\/p>\n<p><strong>kezd\u0151 csoport:<\/strong> szerda \u00e9s cs\u00fct\u00f6rt\u00f6k, 14-15 \u00f3r\u00e1ig<br \/>\n<strong>k\u00f6z\u00e9p-halad\u00f3 csoport:<\/strong> h\u00e9tf\u0151 16.30-17.30-ig \u00e9s cs\u00fct\u00f6rt\u00f6k 15-16-ig<br \/>\n<strong>halad\u00f3 csoport:<\/strong> h\u00e9tf\u015116.30-17.30-ig, szerda 17-18 \u00f3r\u00e1ig (az \u00c9rdi \u00faton) \u00e9s p\u00e9ntek 17.30-18.30-ig<\/p>\n","protected":false},"excerpt":{"rendered":"<p>Iskol\u00e1nkban hossz\u00fa \u00e9vek \u00f3ta tart ritmikus gimnasztika tanfolyamot Jehoda Judit \u00e9s Lad\u00e1nyi Gabriella. A tanfolyamok id\u0151pontjai: kezd\u0151 csoport: szerda \u00e9s cs\u00fct\u00f6rt\u00f6k, 14-15 \u00f3r\u00e1ig k\u00f6z\u00e9p-halad\u00f3 csoport: h\u00e9tf\u0151 16.30-17.30-ig \u00e9s cs\u00fct\u00f6rt\u00f6k 15-16-ig halad\u00f3 csoport: h\u00e9tf\u015116.30-17.30-ig, szerda 17-18 \u00f3r\u00e1ig (az \u00c9rdi \u00faton) \u00e9s p\u00e9ntek 17.30-18.30-ig<\/p>\n","protected":false},"author":1,"featured_media":0,"parent":0,"menu_order":0,"comment_status":"closed","ping_status":"closed","template":"","meta":[],"_links":{"self":[{"href":"https:\/\/aranyj.hu\/index.php?rest_route=\/wp\/v2\/pages\/671"}],"collection":[{"href":"https:\/\/aranyj.hu\/index.php?rest_route=\/wp\/v2\/pages"}],"about":[{"href":"https:\/\/aranyj.hu\/index.php?rest_route=\/wp\/v2\/types\/page"}],"author":[{"embeddable":true,"href":"https:\/\/aranyj.hu\/index.php?rest_route=\/wp\/v2\/users\/1"}],"replies":[{"embeddable":true,"href":"https:\/\/aranyj.hu\/index.php?rest_route=%2Fwp%2Fv2%2Fcomments&post=671"}],"version-history":[{"count":2,"href":"https:\/\/aranyj.hu\/index.php?rest_route=\/wp\/v2\/pages\/671\/revisions"}],"predecessor-version":[{"id":673,"href":"https:\/\/aranyj.hu\/index.php?rest_route=\/wp\/v2\/pages\/671\/revisions\/673"}],"wp:attachment":[{"href":"https:\/\/aranyj.hu\/index.php?rest_route=%2Fwp%2Fv2%2Fmedia&parent=671"}],"curies":[{"name":"wp","href":"https:\/\/api.w.org\/{rel}","templated":true}]}}