{"id":663,"date":"2016-01-04T18:44:23","date_gmt":"2016-01-04T17:44:23","guid":{"rendered":"http:\/\/aranyj.hu\/?page_id=663"},"modified":"2016-01-04T18:44:23","modified_gmt":"2016-01-04T17:44:23","slug":"solti-gyorgy-zeneiskola","status":"publish","type":"page","link":"https:\/\/aranyj.hu\/?page_id=663","title":{"rendered":"Solti Gy\u00f6rgy Zeneiskola"},"content":{"rendered":"<p><img decoding=\"async\" class=\"alignleft\" src=\"http:\/\/aranyj.hu\/wp-content\/uploads\/tanfolyamok\/266_b.jpg\" alt=\"\" \/><\/p>\n<div id=\"apDiv77\">\n<div><span class=\"style3\"><strong>Az Aranyban tanulhat\u00f3 hangszerek:<br \/>\n<\/strong>zongora, furulya, klarin\u00e9t, git\u00e1r, \u00fct\u0151, szolf\u00e9zs<br \/>\n<strong><br \/>\nTan\u00e1r &#8211; Tanszak:<br \/>\n<\/strong>Bakonyin\u00e9 G. M\u00e1ria &#8211; zongora<br \/>\nMayer Erika &#8211; zongora,<br \/>\nM\u00e1rku Zsuzsa &#8211; git\u00e1r,<br \/>\nGudor Judit &#8211; furulya, klarin\u00e9t,<br \/>\nGy\u00f6re Csilla &#8211; \u00fct\u0151,<br \/>\nS\u00e1ri Andrea &#8211; szolf\u00e9zs<\/span><\/div>\n<\/div>\n<div id=\"apDiv79\" class=\"style3\"><a href=\"http:\/\/www.soltizeneiskola.hu\/index.php?option=com_frontpage&amp;Itemid=1\" target=\"_blank\">A zeneiskola honlapja &gt;&gt;&gt;<\/a><\/div>\n","protected":false},"excerpt":{"rendered":"<p>Az Aranyban tanulhat\u00f3 hangszerek: zongora, furulya, klarin\u00e9t, git\u00e1r, \u00fct\u0151, szolf\u00e9zs Tan\u00e1r &#8211; Tanszak: Bakonyin\u00e9 G. M\u00e1ria &#8211; zongora Mayer Erika &#8211; zongora, M\u00e1rku Zsuzsa &#8211; git\u00e1r, Gudor Judit &#8211; furulya, klarin\u00e9t, Gy\u00f6re Csilla &#8211; \u00fct\u0151, S\u00e1ri Andrea &#8211; szolf\u00e9zs A zeneiskola honlapja &gt;&gt;&gt;<\/p>\n","protected":false},"author":1,"featured_media":0,"parent":0,"menu_order":0,"comment_status":"closed","ping_status":"closed","template":"","meta":[],"_links":{"self":[{"href":"https:\/\/aranyj.hu\/index.php?rest_route=\/wp\/v2\/pages\/663"}],"collection":[{"href":"https:\/\/aranyj.hu\/index.php?rest_route=\/wp\/v2\/pages"}],"about":[{"href":"https:\/\/aranyj.hu\/index.php?rest_route=\/wp\/v2\/types\/page"}],"author":[{"embeddable":true,"href":"https:\/\/aranyj.hu\/index.php?rest_route=\/wp\/v2\/users\/1"}],"replies":[{"embeddable":true,"href":"https:\/\/aranyj.hu\/index.php?rest_route=%2Fwp%2Fv2%2Fcomments&post=663"}],"version-history":[{"count":1,"href":"https:\/\/aranyj.hu\/index.php?rest_route=\/wp\/v2\/pages\/663\/revisions"}],"predecessor-version":[{"id":664,"href":"https:\/\/aranyj.hu\/index.php?rest_route=\/wp\/v2\/pages\/663\/revisions\/664"}],"wp:attachment":[{"href":"https:\/\/aranyj.hu\/index.php?rest_route=%2Fwp%2Fv2%2Fmedia&parent=663"}],"curies":[{"name":"wp","href":"https:\/\/api.w.org\/{rel}","templated":true}]}}