{"id":661,"date":"2016-01-04T18:36:02","date_gmt":"2016-01-04T17:36:02","guid":{"rendered":"http:\/\/aranyj.hu\/?page_id=661"},"modified":"2018-12-19T09:38:09","modified_gmt":"2018-12-19T08:38:09","slug":"tanfolyamok","status":"publish","type":"page","link":"https:\/\/aranyj.hu\/?page_id=661","title":{"rendered":"Tanfolyamok"},"content":{"rendered":"<div id=\"\\\">\n<div class=\"\\\">\n<p><a href=\"http:\/\/aranyj.hu\/?page_id=663 \"><img decoding=\"async\" loading=\"lazy\" src=\"http:\/\/aranyj.hu\/wp-content\/uploads\/tanfolyamok\/_tinymce_uploads!bp_arany!images!solti_55.jpg\" alt=\"\\\" width=\"55\" height=\"55\" \/><\/a> <a href=\"http:\/\/aranyj.hu\/?page_id=663 \">Solti Gy\u00f6rgy Zeneiskola<\/a><\/p>\n<\/div>\n<p>&nbsp;<\/p>\n<p><a href=\"http:\/\/www.keramia-skmuhely.hu\/\" target=\"_blank\" rel=\"noopener\"><img decoding=\"async\" loading=\"lazy\" src=\"http:\/\/aranyj.hu\/wp-content\/uploads\/tanfolyamok\/_tinymce_uploads!bp_arany!images!keramia01_55.jpg\" alt=\"\\\" width=\"55\" height=\"55\" \/><\/a> <a href=\"http:\/\/www.keramia-skmuhely.hu\/\" target=\"_blank\" rel=\"noopener\">S.K. Ker\u00e1mia<\/a><\/p>\n<p>&nbsp;<\/p>\n<\/div>\n<div class=\"\\\">\n<p><a href=\"http:\/\/aranyj.hu\/?page_id=668 \"><img decoding=\"async\" loading=\"lazy\" src=\"http:\/\/aranyj.hu\/wp-content\/uploads\/tanfolyamok\/_tinymce_uploads!bp_arany!images!csillagszemu_55.jpg\" alt=\"\\\" width=\"55\" height=\"55\" \/><\/a> <a href=\"http:\/\/aranyj.hu\/?page_id=668 \">Csillagszem\u0171 T\u00e1ncegy\u00fcttes<\/a><\/p>\n<p>&nbsp;<\/p>\n<\/div>\n<div class=\"\\\">\n<p><a href=\"http:\/\/www.tabanispartacus.hu\/foci\/index.php\" target=\"_blank\" rel=\"noopener\"><img decoding=\"async\" loading=\"lazy\" src=\"http:\/\/aranyj.hu\/wp-content\/uploads\/tanfolyamok\/_tinymce_uploads!bp_arany!images!foci01_53.jpg\" alt=\"\\\" width=\"53\" height=\"55\" \/> Tab\u00e1ni Spartacus<\/a><\/p>\n<p>&nbsp;<\/p>\n<\/div>\n<div class=\"\\\">\n<p><a href=\"http:\/\/www.blacktimehiphop.com\/black-time-hip-hop-tanciskola-szuloknek\/tanfolyamok#12\" target=\"_blank\" rel=\"noopener\"><img decoding=\"async\" loading=\"lazy\" src=\"http:\/\/aranyj.hu\/wp-content\/uploads\/tanfolyamok\/_tinymce_uploads!bp_arany!images!blt_55.jpg\" alt=\"\\\" width=\"55\" height=\"55\" \/><\/a> <a href=\"http:\/\/www.blacktimehiphop.com\/black-time-hip-hop-tanciskola-szuloknek\/tanfolyamok#12\" target=\"_blank\" rel=\"noopener\">Black Time Hip-hop<\/a><\/p>\n<p>&nbsp;<\/p>\n<\/div>\n<div class=\"\\\">\n<p><a href=\"http:\/\/aranyj.hu\/?page_id=671 \"><img decoding=\"async\" loading=\"lazy\" src=\"http:\/\/aranyj.hu\/wp-content\/uploads\/tanfolyamok\/_tinymce_uploads!bp_arany!images!rg_55.jpg\" alt=\"\\\" width=\"55\" height=\"55\" \/> Ritmikus gimnasztika<\/a><\/p>\n<p>&nbsp;<\/p>\n<\/div>\n<div class=\"\\\">\n<p><a href=\"http:\/\/aranyj.hu\/?page_id=675\"><img decoding=\"async\" loading=\"lazy\" src=\"http:\/\/aranyj.hu\/wp-content\/uploads\/tanfolyamok\/_tinymce_uploads!bp_arany!images!judo01_57.jpg\" alt=\"\\\" width=\"57\" height=\"55\" \/> Judo<\/a><\/p>\n<p>&nbsp;<\/p>\n<\/div>\n<div class=\"\\\">\n<div class=\"\\\">\n<p><a href=\"http:\/\/aranyj.hu\/?page_id=679\"><img decoding=\"async\" loading=\"lazy\" src=\"http:\/\/aranyj.hu\/wp-content\/uploads\/tanfolyamok\/_tinymce_uploads!bp_arany!images!kapuera01_55.jpg\" alt=\"\\\" width=\"55\" height=\"55\" \/> Kapuera<\/a><\/p>\n<\/div>\n<p>&nbsp;<\/p>\n<\/div>\n<div><a href=\"http:\/\/543.hu\/\"><img decoding=\"async\" loading=\"lazy\" class=\"alignnone\" src=\"http:\/\/aranyj.hu\/wp-content\/themes\/hirek_wp\/images\/543_cserk_logo.jpg\" width=\"113\" height=\"62\" \/><\/a>\u00a0\u00a0<a href=\"http:\/\/543.hu\/\">543. \u00a0CSABA KIR\u00c1LYFI CSERK\u00c9SZCSAPAT<\/a><\/div>\n<div><\/div>\n<p>&nbsp;<\/p>\n<div><\/div>\n<div><a href=\"http:\/\/aranyj.hu\/?page_id=4635\"><img decoding=\"async\" loading=\"lazy\" class=\"alignnone\" src=\"http:\/\/aranyj.hu\/wp-content\/uploads\/2018\/12\/Gyerekjoga_szoro_A5_kifutos-e1545208410732.jpg\" width=\"113\" height=\"62\" \/><\/a>\u00a0\u00a0<a href=\"http:\/\/aranyj.hu\/?page_id=4635\">Gyerekj\u00f3ga<\/a><\/div>\n<p>&nbsp;<\/p>\n","protected":false},"excerpt":{"rendered":"<p>Solti Gy\u00f6rgy Zeneiskola &nbsp; S.K. Ker\u00e1mia &nbsp; Csillagszem\u0171 T\u00e1ncegy\u00fcttes &nbsp; Tab\u00e1ni Spartacus &nbsp; Black Time Hip-hop &nbsp; Ritmikus gimnasztika &nbsp; Judo &nbsp; Kapuera &nbsp; \u00a0\u00a0543. \u00a0CSABA KIR\u00c1LYFI CSERK\u00c9SZCSAPAT &nbsp; \u00a0\u00a0Gyerekj\u00f3ga &nbsp;<\/p>\n","protected":false},"author":1,"featured_media":0,"parent":0,"menu_order":0,"comment_status":"closed","ping_status":"closed","template":"","meta":[],"_links":{"self":[{"href":"https:\/\/aranyj.hu\/index.php?rest_route=\/wp\/v2\/pages\/661"}],"collection":[{"href":"https:\/\/aranyj.hu\/index.php?rest_route=\/wp\/v2\/pages"}],"about":[{"href":"https:\/\/aranyj.hu\/index.php?rest_route=\/wp\/v2\/types\/page"}],"author":[{"embeddable":true,"href":"https:\/\/aranyj.hu\/index.php?rest_route=\/wp\/v2\/users\/1"}],"replies":[{"embeddable":true,"href":"https:\/\/aranyj.hu\/index.php?rest_route=%2Fwp%2Fv2%2Fcomments&post=661"}],"version-history":[{"count":13,"href":"https:\/\/aranyj.hu\/index.php?rest_route=\/wp\/v2\/pages\/661\/revisions"}],"predecessor-version":[{"id":4638,"href":"https:\/\/aranyj.hu\/index.php?rest_route=\/wp\/v2\/pages\/661\/revisions\/4638"}],"wp:attachment":[{"href":"https:\/\/aranyj.hu\/index.php?rest_route=%2Fwp%2Fv2%2Fmedia&parent=661"}],"curies":[{"name":"wp","href":"https:\/\/api.w.org\/{rel}","templated":true}]}}