{"id":6518,"date":"2020-11-02T09:03:14","date_gmt":"2020-11-02T08:03:14","guid":{"rendered":"http:\/\/aranyj.hu\/?page_id=6518"},"modified":"2023-11-27T16:00:12","modified_gmt":"2023-11-27T15:00:12","slug":"gimnazium-helyi-tantervek","status":"publish","type":"page","link":"https:\/\/aranyj.hu\/?page_id=6518","title":{"rendered":"Gimn\u00e1zium helyi tantervek"},"content":{"rendered":"<p><a href=\"http:\/\/aranyj.hu\/wp-content\/uploads\/2023\/09\/kozossegi_neveles_helyi_tanterv-9-12.pdf\">K\u00f6z\u00f6ss\u00e9gi nevel\u00e9s (oszt\u00e1lyf\u0151n\u00f6ki) 9-12. \u00e9vfolyam<\/a><\/p>\n<p><a href=\"http:\/\/aranyj.hu\/wp-content\/uploads\/2020\/11\/Allampolgari_ismeretek12.pdf\">\u00c1llampolg\u00e1ri ismeretek<\/a><\/p>\n<p><a href=\"http:\/\/aranyj.hu\/wp-content\/uploads\/2020\/11\/Angolnyelv9-12.pdf\">Angol nyelv<\/a><\/p>\n<p><a href=\"http:\/\/aranyj.hu\/wp-content\/uploads\/2021\/01\/Biologia9-10.pdf\">Biol\u00f3gia<\/a><\/p>\n<p><a href=\"http:\/\/aranyj.hu\/wp-content\/uploads\/2020\/11\/Digitaliskultura9-11.pdf\">Digit\u00e1lis kult\u00fara<\/a><\/p>\n<p><a href=\"http:\/\/aranyj.hu\/wp-content\/uploads\/2020\/11\/Enek-zene9-11.pdf\">\u00c9nek-zene<\/a><\/p>\n<p><a href=\"http:\/\/aranyj.hu\/wp-content\/uploads\/2020\/11\/Fizika9-10.pdf\">Fizika<\/a><\/p>\n<p><a href=\"http:\/\/aranyj.hu\/wp-content\/uploads\/2020\/11\/Foldrajz9-10.pdf\">F\u00f6ldrajz<\/a><\/p>\n<p><a href=\"http:\/\/aranyj.hu\/wp-content\/uploads\/2020\/11\/Francianyelv9-12.pdf\">Francia nyelv<\/a><\/p>\n<p><a href=\"http:\/\/aranyj.hu\/wp-content\/uploads\/2020\/11\/Kemia9-10.pdf\">K\u00e9mia<\/a><\/p>\n<p><a href=\"http:\/\/aranyj.hu\/wp-content\/uploads\/2020\/11\/Magyarnyelvesirodalom9-12..pdf\">Magyar nyelv \u00e9s irodalom<\/a><\/p>\n<p><a href=\"http:\/\/aranyj.hu\/wp-content\/uploads\/2020\/11\/Matematika9-12.pdf\">Matematika<\/a><\/p>\n<p><a href=\"http:\/\/aranyj.hu\/wp-content\/uploads\/2020\/11\/Mozgokepkulturaesmediaismeret12.pdf\">Mozg\u00f3k\u00e9pkult\u00fara \u00e9s m\u00e9diaismeret<\/a><\/p>\n<p><a href=\"http:\/\/aranyj.hu\/wp-content\/uploads\/2020\/11\/Nemet_nyelv9-12.pdf\">N\u00e9met nyelv<\/a><\/p>\n<p><a href=\"http:\/\/aranyj.hu\/wp-content\/uploads\/2020\/11\/Termeszettudomany11.pdf\">Term\u00e9szettudom\u00e1ny<\/a><\/p>\n<p><a href=\"http:\/\/aranyj.hu\/wp-content\/uploads\/2020\/11\/Testneveles9-12.pdf\">Testnevel\u00e9s<\/a><\/p>\n<p><a href=\"http:\/\/aranyj.hu\/wp-content\/uploads\/2020\/11\/Tortenelem9-12.pdf\">T\u00f6rt\u00e9nelem<\/a><\/p>\n<p><a href=\"http:\/\/aranyj.hu\/wp-content\/uploads\/2020\/11\/Vizualiskultura9-10.pdf\">Vizu\u00e1lis kult\u00fara\u00a0<\/a><\/p>\n","protected":false},"excerpt":{"rendered":"<p>K\u00f6z\u00f6ss\u00e9gi nevel\u00e9s (oszt\u00e1lyf\u0151n\u00f6ki) 9-12. \u00e9vfolyam \u00c1llampolg\u00e1ri ismeretek Angol nyelv Biol\u00f3gia Digit\u00e1lis kult\u00fara \u00c9nek-zene Fizika F\u00f6ldrajz Francia nyelv K\u00e9mia Magyar nyelv \u00e9s irodalom Matematika Mozg\u00f3k\u00e9pkult\u00fara \u00e9s m\u00e9diaismeret N\u00e9met nyelv Term\u00e9szettudom\u00e1ny Testnevel\u00e9s T\u00f6rt\u00e9nelem Vizu\u00e1lis kult\u00fara\u00a0<\/p>\n","protected":false},"author":1,"featured_media":0,"parent":0,"menu_order":0,"comment_status":"closed","ping_status":"closed","template":"","meta":[],"_links":{"self":[{"href":"https:\/\/aranyj.hu\/index.php?rest_route=\/wp\/v2\/pages\/6518"}],"collection":[{"href":"https:\/\/aranyj.hu\/index.php?rest_route=\/wp\/v2\/pages"}],"about":[{"href":"https:\/\/aranyj.hu\/index.php?rest_route=\/wp\/v2\/types\/page"}],"author":[{"embeddable":true,"href":"https:\/\/aranyj.hu\/index.php?rest_route=\/wp\/v2\/users\/1"}],"replies":[{"embeddable":true,"href":"https:\/\/aranyj.hu\/index.php?rest_route=%2Fwp%2Fv2%2Fcomments&post=6518"}],"version-history":[{"count":5,"href":"https:\/\/aranyj.hu\/index.php?rest_route=\/wp\/v2\/pages\/6518\/revisions"}],"predecessor-version":[{"id":8619,"href":"https:\/\/aranyj.hu\/index.php?rest_route=\/wp\/v2\/pages\/6518\/revisions\/8619"}],"wp:attachment":[{"href":"https:\/\/aranyj.hu\/index.php?rest_route=%2Fwp%2Fv2%2Fmedia&parent=6518"}],"curies":[{"name":"wp","href":"https:\/\/api.w.org\/{rel}","templated":true}]}}