{"id":650,"date":"2016-01-04T13:23:36","date_gmt":"2016-01-04T12:23:36","guid":{"rendered":"http:\/\/aranyj.hu\/?page_id=650"},"modified":"2016-01-04T13:44:48","modified_gmt":"2016-01-04T12:44:48","slug":"iskolabemutato","status":"publish","type":"page","link":"https:\/\/aranyj.hu\/?page_id=650","title":{"rendered":"Iskolabemutat\u00f3"},"content":{"rendered":"<h3><strong>Az int\u00e9zm\u00e9ny bemutat\u00e1sa<\/strong><\/h3>\n<p>Iskol\u00e1nk Budapesten, a Sas-hegyen, a term\u00e9szetv\u00e9delmi ter\u00fclet szomsz\u00e9ds\u00e1g\u00e1ban helyezkedik el. A v\u00e1ros majd minden r\u00e9sz\u00e9r\u0151l gy\u00f6ny\u00f6r\u0171 l\u00e1tv\u00e1nyt ny\u00fajt a homlokzat f\u00f6l\u00e9 magasod\u00f3 szikl\u00e1s hegytet\u0151vel.<\/p>\n<p>[fvplayer src=&#8221;http:\/\/aranyj.hu\/wp-content\/uploads\/flv\/comenius_gab.flv&#8221; width=&#8221;800&#8243; height=&#8221;400&#8243;]<\/p>\n<p>[fvplayer src=&#8221;http:\/\/aranyj.hu\/wp-content\/uploads\/flv\/k\u00e9pek_az_aranyr\u00f3l.flv&#8221; width=&#8221;800&#8243; height=&#8221;400&#8243;]<\/p>\n<p>1930-ban \u00e9p\u00fclt Sz\u00f6r\u00e9nyi-Reischl Guszt\u00e1v tervei alapj\u00e1n. Az \u00e9p\u00fcletnek kedvez\u0151 a t\u00e1jol\u00e1sa, mert a hosszabb, de keskeny oldala fordul a sz\u00e9lj\u00e1r\u00e1s ir\u00e1ny\u00e1ba. A Notre Dame De Sion rend sz\u00e1m\u00e1ra \u00e9p\u00fclt, akik 1949-ig bentlak\u00e1sos \u00e9s bej\u00e1r\u00f3 tanul\u00f3kat tan\u00edtottak az iskol\u00e1ban. Hatalmas park veszi k\u00f6r\u00fcl az \u00e9p\u00fcletet, a parkban feny\u0151ligetek, gy\u00fcm\u00f6lcsf\u00e1k, s\u00e9ta utak \u00e9s j\u00e1tsz\u00f3terek voltak. Minden oszt\u00e1lynak volt saj\u00e1t lugasa, gombatelepe, amit \u00f6nmaguk \u00e1poltak. A botanikus kertr\u00e9szt sok mad\u00e1retet\u0151vel l\u00e1tt\u00e1k el. A nevel\u00e9si, oktat\u00e1si c\u00e9ljaik, ha m\u00e1sk\u00e9nt megfogalmazva, de szerepelnek iskol\u00e1nk jelenlegi pedag\u00f3giai programj\u00e1ban \u00e9s \u00f6koiskolai c\u00e9lkit\u0171z\u00e9seiben.<\/p>\n<p>2000\/2001-es tan\u00e9vben \u00fcnnepelt\u00fck az \u00e9p\u00fclet fenn\u00e1ll\u00e1s\u00e1nak 70. \u00e9vfordul\u00f3j\u00e1t. A vil\u00e1g minden r\u00e9sz\u00e9r\u0151l volt Sionos vend\u00e9gek \u00e9rkeztek az \u00e9vfordul\u00f3ra. \u00dcnnepi m\u0171sort \u00e9s ki\u00e1ll\u00edt\u00e1st szervezt\u00fcnk a vend\u00e9gek tisztelet\u00e9re. Az iskol\u00e1hoz \u00e9p\u00edtett, 1945-ben s\u00falyosan megs\u00e9r\u00fclt \u00e9s k\u00e9s\u0151bb lebont\u00e1sra ker\u00fclt neog\u00f3tikus k\u00e1polna altemplom\u00e1ban helyt\u00f6rt\u00e9neti ki\u00e1ll\u00edt\u00e1st nyitunk a tavasz folyam\u00e1n, ahol a f\u00e9ltve \u0151rz\u00f6tt relikvi\u00e1k v\u00e1lnak l\u00e1that\u00f3v\u00e1 az \u00e9rdekl\u0151d\u0151k sz\u00e1m\u00e1ra.<\/p>\n<p>1949-54 k\u00f6z\u00f6tt az Oleg Kosevojr\u00f3l elnevezett szovjet \u00f6szt\u00f6nd\u00edjas iskola k\u00f6lt\u00f6z\u00f6tt az int\u00e9zm\u00e9nybe.<\/p>\n<p>1954-ben a t\u00e1voz\u00e1suk ut\u00e1n alakult meg az az\u00f3ta is m\u0171k\u00f6d\u0151 Arany J\u00e1nos \u00c1ltal\u00e1nos Iskola \u00e9s Gimn\u00e1zium. Az iskola speci\u00e1lis volt \u00f6sszetetts\u00e9ge miatt. Helye volt benne gyermekotthonnak, di\u00e1kotthonnak is. Voltak bej\u00e1r\u00f3 tanul\u00f3k, kezdetben csak fi\u00fak. A hegy be\u00e9p\u00fcl\u00e9s\u00e9vel m\u00e1r vegyes oszt\u00e1lyok is ny\u00edltak.<\/p>\n<p>1963-ban a Magyar Tudom\u00e1nyos Akad\u00e9mia pszichol\u00f3giai \u00e9s pedag\u00f3giai b\u00e1zis iskol\u00e1j\u00e1v\u00e1 jel\u00f6lt ki minket. A tudom\u00e1nyos munkat\u00e1rsak sz\u00e1m\u00e1ra \u00e9s k\u00eds\u00e9rleti tantermek c\u00e9lj\u00e1ra, a volt k\u00e1polna hely\u00e9n 1967-ben egy \u00faj k\u00e9tszintes sz\u00e1rnnyal b\u0151v\u00edtett\u00e9k az iskol\u00e1t. A kutat\u00e1sok \u00e9s k\u00eds\u00e9rletek lebonyol\u00edt\u00e1sa sokir\u00e1ny\u00fa szervez\u0151 munk\u00e1t ig\u00e9nyelt. Az el\u00e9rt eredm\u00e9nyekre m\u00e1r nemcsak orsz\u00e1gos \u00e9rdekl\u0151d\u00e9s mutatkozott, t\u00f6bb k\u00fclf\u00f6ldi pedag\u00f3gus is k\u00edv\u00e1ncsi lett m\u00f3dszereinkre. P\u00e9ld\u00e1ul: 1970-71-ben 191 tan\u00f3r\u00e1n kb. 2000 vend\u00e9g volt jelen, k\u00f6z\u00f6tt\u00fck sz\u00e1mos k\u00fclf\u00f6ldi.<\/p>\n<p>1973-ban az OPI vette \u00e1t a kutat\u00e1sok ir\u00e1ny\u00edt\u00e1s\u00e1t.<\/p>\n<p>1980-ban a hegyvid\u00e9k tov\u00e1bbi ben\u00e9pesed\u00e9se miatt el\u0151bb a gyermekotthon, majd a koll\u00e9gium is \u00e1tadta a hely\u00e9t a bej\u00f6v\u0151 \u00faj oszt\u00e1lyok sz\u00e1m\u00e1ra. A zs\u00fafolts\u00e1g enyh\u00edt\u00e9s\u00e9re 1984-ben, majd 1986-ban k\u00e9t \u00faj l\u00e9tes\u00edtm\u00e9nnyel b\u0151v\u00fclt az iskola. Az als\u00f3 tagozat r\u00e9sz\u00e9re egy kis iskola \u00e9p\u00fclt, ill. egy korszer\u0171 tornacsarnok. 2007-t\u0151l rendelkez\u00fcnk egy m\u0171f\u00fcves, t\u00e9lire fedett sportp\u00e1ly\u00e1val.<\/p>\n<p>A XXI. sz\u00e1zad elej\u00e9n el\u0151revet\u00edtj\u00fck, milyen embereket szeretn\u00e9nk nevelni, mit fog a j\u00f6v\u0151, az egyes\u00fclt Eur\u00f3pa ig\u00e9nyelni a mai fiataljainkt\u00f3l.<\/p>\n<p>Nagyon fontos az idegen nyelvek ismerete, nemcsak a kommunik\u00e1ci\u00f3 szintj\u00e9n, hanem a szakirodalom megismer\u00e9se ter\u00e9n is. Ez\u00e9rt m\u00e1r az 1. \u00e9vfolyamt\u00f3l kezdve tan\u00edtunk idegen nyelvet. A gimn\u00e1zium 9. \u00e9vfolyam\u00e1t\u00f3l 2 nyelvet emelt \u00f3rasz\u00e1mban. A sikeres nyelvtud\u00e1s \u00e9rdek\u00e9ben bontott csoportokban, j\u00f3l felk\u00e9sz\u00fclt nyelvtan\u00e1rokkal, korszer\u0171 technik\u00e1val rem\u00e9lj\u00fck a siker el\u00e9r\u00e9s\u00e9t. 2005-ben bevezett\u00fck a nyelvi el\u0151k\u00e9sz\u00edt\u0151 \u00e9vfolyamot, ahol di\u00e1kjaink heti 16 \u00f3r\u00e1ban tanulj\u00e1k az angol nyelvet a 9. \u00e9vfolyamon.<\/p>\n<p>A sz\u00e1m\u00edt\u00f3g\u00e9p, az internet m\u00e1r az emberek t\u00f6bbs\u00e9g\u00e9nek munkaeszk\u00f6z, \u00edgy ennek a tan\u00edt\u00e1s\u00e1t is fel kell gyors\u00edtani. Ez\u00e9rt m\u00e1r a 3. \u00e9vfolyamt\u00f3l megismertetj\u00fck kisdi\u00e1kjainkat a sz\u00e1m\u00edt\u00e1stechnika, az informatika alapjaival. A g\u00e9pparkot igyeksz\u00fcnk rendszeresen fel\u00faj\u00edtani, b\u0151v\u00edteni, korszer\u0171s\u00edteni. A nyelvi el\u0151k\u00e9sz\u00edt\u0151 oszt\u00e1lyban di\u00e1kjaink heti 4 \u00f3r\u00e1ban tanulj\u00e1k az informatik\u00e1t is \u00e9s megismerkednek az IKT eszk\u00f6z\u00f6kkel, hogy ezek seg\u00edts\u00e9g\u00e9vel testv\u00e9riskolai kapcsolatokat hozzanak l\u00e9tre \u00e9s r\u00e9szt vehessenek nemzetk\u00f6zi projektekben.<\/p>\n<p>A term\u00e9szettudom\u00e1nyok ter\u00e9n m\u00e1r a 70-es 80-as \u00e9vekben kimagasl\u00f3 eredm\u00e9nyt \u00e9rt el az iskol\u00e1nk. Ez k\u00f6sz\u00f6nhet\u0151 volt a magas \u00f3rasz\u00e1moknak \u00e9s kiv\u00e1l\u00f3 pedag\u00f3gusainknak. Akkoriban \u00e9vfolyamonk\u00e9nt 3 \u00e1ltal\u00e1nos iskolai \u00e9s 2 gimn\u00e1ziumi oszt\u00e1lyunk volt. T\u00f6bb \u00f3r\u00e1s matematika, fizika szakk\u00f6r v\u00e1rta a gyerekeket. Volt olyan oszt\u00e1ly, ahol az \u00f6sszes tanul\u00f3 a matematika fakult\u00e1ci\u00f3t v\u00e1lasztotta. A m\u0171szaki p\u00e1ly\u00e1ra jelentkezett di\u00e1kjainkn\u00e1l a felv\u00e9teli ar\u00e1ny k\u00f6zel 100%-os volt. A k\u00e9t gimn\u00e1ziumi oszt\u00e1lyb\u00f3l 8-10 fiatal ment orvosi p\u00e1ly\u00e1ra, ez\u00e9rt is kapta meg 2010-ben iskol\u00e1nk a Semmelweis Orvostudom\u00e1nyi Egyetem Partneriskol\u00e1ja c\u00edmet. \u00a0Tanul\u00f3ink indultak OKTV-n, sokan v\u00e1lasztott\u00e1k az orvosi p\u00e1ly\u00e1t, de lettek kutat\u00f3orvosok, biol\u00f3gusok, agr\u00e1r- \u00e9s kert\u00e9szm\u00e9rn\u00f6k\u00f6k is k\u00f6z\u00fcl\u00fck. T\u00f6bb p\u00e1ly\u00e1zaton nyert\u00fcnk, \u00edgy korszer\u0171s\u00edteni \u00e9s fejleszteni tudtuk a szert\u00e1rokat.<\/p>\n<p>Az \u00faj igazgat\u00f3, Patk\u00f3 Lajos felismerte, hogy a term\u00e9szettudom\u00e1nyos k\u00e9pz\u00e9s fontoss\u00e1ga n\u0151ni fog, \u00e9s az els\u0151k k\u00f6z\u00f6tt ind\u00edtott kiemelt term\u00e9szettudom\u00e1nyos oszt\u00e1lyt. Ehhez megnyerte a Magyar Tudom\u00e1nyos Akad\u00e9mia \u00e9s a Magyar Innov\u00e1ci\u00f3s Sz\u00f6vets\u00e9g seg\u00edts\u00e9g\u00e9vel az EGIS, a Richter Gedeon \u00e9s az Elektronika 77 c\u00e9gek anyagi t\u00e1mogat\u00e1s\u00e1t is, \u00edgy a term\u00e9szettudom\u00e1nyos oktat\u00e1s t\u00e1rgyi felt\u00e9teleinek alapjai megteremt\u0151dtek.<\/p>\n<p>C\u00e9lul t\u0171zt\u00fck ki:<\/p>\n<p>&#8211; hogy legal\u00e1bb az \u00e9rdekl\u0151d\u0151 \u2013 majdan \u2013 ilyen ir\u00e1nyban tov\u00e1bbtanul\u00f3 di\u00e1kok r\u00e9sz\u00e9re biztos\u00edtsuk mind elm\u00e9leti, mind gyakorlati t\u00e9ren az intenz\u00edvebb felk\u00e9sz\u00edt\u00e9st;<\/p>\n<p>&#8211; az emelt szint\u0171 \u00e9retts\u00e9gire val\u00f3 felk\u00e9sz\u00edt\u00e9st;<\/p>\n<p>&#8211; a p\u00e1ly\u00e1zatok, versenyek folyamatos \u00f6sszehangolt szervez\u00e9s\u00e9t, ezekre a tanul\u00f3k felk\u00e9sz\u00edt\u00e9s\u00e9t;<\/p>\n<p>&#8211; a term\u00e9szettudom\u00e1nyos gondolkod\u00e1s fejleszt\u00e9s\u00e9t, a megismer\u00e9s m\u00f3dszereinek gyakoroltat\u00e1s\u00e1t;<\/p>\n<p>&#8211; a t\u00e1rgyak k\u00f6z\u00f6tti koncentr\u00e1ci\u00f3 egym\u00e1st er\u0151s\u00edt\u0151 hat\u00e1s\u00e1nak seg\u00edts\u00e9g\u00e9vel biztos tud\u00e1s el\u00e9r\u00e9s\u00e9t;<\/p>\n<p>&#8211; az \u00f6n\u00e1ll\u00f3s\u00e1got m\u00e9r\u00e9sek, vizsg\u00e1latok sor\u00e1n, ennek, t\u00e1rgyi felt\u00e9teleinek fokozatos kialak\u00edt\u00e1s\u00e1t;<\/p>\n<p>&#8211; az ECDL vizsga \u00e9s egy idegen nyelvb\u0151l a k\u00f6z\u00e9pfok\u00fa nyelvvizsga megszerz\u00e9s\u00e9t.<\/p>\n<p>Ennek \u00e9rdek\u00e9ben 9. \u00e9vfolyamon megn\u00f6velt\u00fck a matematika, informatika, a k\u00e9mia \u00e9s az egyik idegen nyelv \u00f3r\u00e1inak a sz\u00e1m\u00e1t. Fizik\u00e1b\u00f3l az \u00e1ltal\u00e1nos iskolai anyag szinten tart\u00e1sa \u00e9s tanul\u00f3i k\u00eds\u00e9rletek elv\u00e9gz\u00e9se a tananyag.\u00a0 A 10. \u00e9vfolyamon beindul emelt \u00f3rasz\u00e1mban a fizika \u00e9s a biol\u00f3gia, marad az idegen nyelv, a k\u00e9mia, az informatika \u00e9s a matematika magasabb \u00f3rasz\u00e1ma. A 9. \u00e9s a 10. oszt\u00e1lyban heti k\u00e9t \u00f3r\u00e1ban oktatunk latin nyelvet. A 11. \u00e9vfolyamon a tanul\u00f3k el\u0151re hozott emelt szint\u0171 \u00e9retts\u00e9gi vizsg\u00e1t tehetnek f\u00f6ldrajzb\u00f3l, ehhez heti 3 \u00f3r\u00e1s felk\u00e9sz\u00fcl\u00e9st vehetnek ig\u00e9nybe. A 11. 12. \u00e9vfolyamon megmarad a norm\u00e1l gimn\u00e1ziumi k\u00e9pz\u00e9sek \u00f3rasz\u00e1ma az egyes tant\u00e1rgyakn\u00e1l mindenki sz\u00e1m\u00e1ra, \u00e9s v\u00e1laszthatnak a matematika, fizika, k\u00e9mia, biol\u00f3gia, informatika tant\u00e1rgyak k\u00f6z\u00fcl kett\u0151 olyat, amely p\u00e1lyav\u00e1laszt\u00e1suknak legink\u00e1bb megfelel. Ezeket heti 3-3 t\u00f6bblet\u00f3r\u00e1ban tanulhatj\u00e1k. A 11. 12. \u00e9vfolyamon megfordul a k\u00e9t \u00e9l\u0151 idegen nyelv \u00f3rasz\u00e1ma, hogy megadjuk a lehet\u0151s\u00e9get a m\u00e1sodik nyelvvizsg\u00e1ra illetve a szinten tart\u00e1sra.<\/p>\n<p>Az oktat\u00e1s sz\u00ednvonal\u00e1t akad\u00e9mikusok, tud\u00f3sok el\u0151ad\u00e1saival tessz\u00fck sz\u00ednvonalasabb\u00e1. A term\u00e9szettudom\u00e1nyok n\u00e9pszer\u0171s\u00edt\u00e9s\u00e9vel kapcsolatos rendezv\u00e9nyeknek adunk helyet Az iskola orsz\u00e1gos szinten is p\u00e1ratlan fekv\u00e9s\u00e9vel, term\u00e9szeti adotts\u00e1g\u00e1val, hatalmas z\u00f6ld kertj\u00e9vel megfelel\u0151 kikapcsol\u00f3d\u00e1st biztos\u00edt az \u00f3r\u00e1k k\u00f6zti felfriss\u00fcl\u00e9sre. 2009-ban elnyert\u00fck el\u0151sz\u00f6r az \u00f6koiskola c\u00edmet is. Ezt szeretn\u00e9nk meg\u00faj\u00edtani \u00e9s v\u00e9g\u00fcl elnyerni az \u00f6r\u00f6k\u00f6s \u00f6koiskola c\u00edmet is.<\/p>\n<p>A term\u00e9szettudom\u00e1nyos oktat\u00e1s szem\u00e9lyi felt\u00e9telei j\u00f3k, tan\u00e1raink akt\u00edvak, j\u00f3l k\u00e9pzettek, folyamatosan r\u00e9szt vesznek az akkredit\u00e1lt tov\u00e1bbk\u00e9pz\u00e9seken. Az iskola minden \u00e9vben \u00e9retts\u00e9gi vizsgak\u00f6zpont. Ezeknek a k\u00f6z\u00e9p- \u00e9s emelt szint\u0171 vizsg\u00e1knak a hivatalb\u00f3l kijel\u00f6lt vizsg\u00e1ztat\u00f3i is r\u00e9szben iskol\u00e1nk tan\u00e1rai. Egyik tan\u00e1runk tank\u00f6nyvszerz\u0151 \u00e9s az OKTV biol\u00f3gia bizotts\u00e1g\u00e1nak tan\u00e1reln\u00f6ke. Az ELTE K\u00e9miai M\u00f3dszertani Csoportj\u00e1val is megindult egy egy\u00fcttm\u0171k\u00f6d\u00e9s. Nagyon fontos, hogy a napi munk\u00e1nkat egy f\u0151\u00e1ll\u00e1s\u00fa labor\u00e1ns seg\u00edti.<\/p>\n<p>T\u00f6reksz\u00fcnk arra is, hogy hasonl\u00f3 profil\u00fa iskol\u00e1kkal vegy\u00fck fel a kapcsolatot itthon \u00e9s k\u00fclf\u00f6ld\u00f6n egyar\u00e1nt. Eml\u00edt\u00e9sre m\u00e9lt\u00f3 partneriskol\u00e1ink: Br\u00f3dy Imre Gimn\u00e1zium, Ajka, Ady Endre Alapiskola, P\u00e1rk\u00e1ny, Csiky Gergely Iskolak\u00f6zpont, Arad, Gymn\u00e1zium Milady Horakov\u00e9, Pr\u00e1ga.<\/p>\n<p>Rem\u00e9lj\u00fck, hogy a mostani oktat\u00e1spolitikusok sz\u00e1m\u00e1ra is egy\u00e9rtelm\u0171v\u00e9 v\u00e1lik, hogy Magyarorsz\u00e1gnak a fejlett orsz\u00e1gokhoz t\u00f6rt\u00e9n\u0151 felz\u00e1rk\u00f3z\u00e1s \u00e9rdek\u00e9ben alapvet\u0151en fontos, hogy n\u00f6vekedjen a term\u00e9szettudom\u00e1nyos, m\u0171szaki v\u00e9gzetts\u00e9g\u0171 szakemberek ar\u00e1nya, \u00e9s javuljon azok felk\u00e9sz\u00fclts\u00e9ge.<\/p>\n<p>Olyan embereket szeretn\u00e9nk nevelni, akik \u00e9rz\u00e9kenyek m\u00e1sok probl\u00e9m\u00e1ira, kapcsolataikat felel\u0151ss\u00e9gtudat hatja \u00e1t. Tisztelik \u00e9s szeretik az \u00e9letet, keresik \u00e9s felismerik az igazs\u00e1got, \u00f6r\u00fclnek saj\u00e1t \u00e9s m\u00e1sok alkot\u00e1sainak, k\u00edv\u00e1nj\u00e1k \u00e9s v\u00e9dik k\u00f6rnyezet\u00fck eszt\u00e9tikus mivolt\u00e1t. Mindezek egy \u00e9rzelmileg gazdag XXI. sz\u00e1zadi szem\u00e9lyis\u00e9g kialakul\u00e1s\u00e1nak n\u00e9lk\u00fcl\u00f6zhetetlen elemei.<\/p>\n","protected":false},"excerpt":{"rendered":"<p>Az int\u00e9zm\u00e9ny bemutat\u00e1sa Iskol\u00e1nk Budapesten, a Sas-hegyen, a term\u00e9szetv\u00e9delmi ter\u00fclet szomsz\u00e9ds\u00e1g\u00e1ban helyezkedik el. A v\u00e1ros majd minden r\u00e9sz\u00e9r\u0151l gy\u00f6ny\u00f6r\u0171 l\u00e1tv\u00e1nyt ny\u00fajt a homlokzat f\u00f6l\u00e9 magasod\u00f3 szikl\u00e1s hegytet\u0151vel. [fvplayer src=&#8221;http:\/\/aranyj.hu\/wp-content\/uploads\/flv\/comenius_gab.flv&#8221; width=&#8221;800&#8243; height=&#8221;400&#8243;] [fvplayer src=&#8221;http:\/\/aranyj.hu\/wp-content\/uploads\/flv\/k\u00e9pek_az_aranyr\u00f3l.flv&#8221; width=&#8221;800&#8243; height=&#8221;400&#8243;] 1930-ban \u00e9p\u00fclt Sz\u00f6r\u00e9nyi-Reischl Guszt\u00e1v tervei alapj\u00e1n. Az \u00e9p\u00fcletnek kedvez\u0151 a t\u00e1jol\u00e1sa, mert a hosszabb, de keskeny oldala fordul a sz\u00e9lj\u00e1r\u00e1s [&hellip;]<\/p>\n","protected":false},"author":1,"featured_media":0,"parent":0,"menu_order":0,"comment_status":"closed","ping_status":"closed","template":"","meta":[],"_links":{"self":[{"href":"https:\/\/aranyj.hu\/index.php?rest_route=\/wp\/v2\/pages\/650"}],"collection":[{"href":"https:\/\/aranyj.hu\/index.php?rest_route=\/wp\/v2\/pages"}],"about":[{"href":"https:\/\/aranyj.hu\/index.php?rest_route=\/wp\/v2\/types\/page"}],"author":[{"embeddable":true,"href":"https:\/\/aranyj.hu\/index.php?rest_route=\/wp\/v2\/users\/1"}],"replies":[{"embeddable":true,"href":"https:\/\/aranyj.hu\/index.php?rest_route=%2Fwp%2Fv2%2Fcomments&post=650"}],"version-history":[{"count":5,"href":"https:\/\/aranyj.hu\/index.php?rest_route=\/wp\/v2\/pages\/650\/revisions"}],"predecessor-version":[{"id":655,"href":"https:\/\/aranyj.hu\/index.php?rest_route=\/wp\/v2\/pages\/650\/revisions\/655"}],"wp:attachment":[{"href":"https:\/\/aranyj.hu\/index.php?rest_route=%2Fwp%2Fv2%2Fmedia&parent=650"}],"curies":[{"name":"wp","href":"https:\/\/api.w.org\/{rel}","templated":true}]}}