{"id":65,"date":"2015-11-28T17:08:40","date_gmt":"2015-11-28T17:08:40","guid":{"rendered":"http:\/\/aranyj.hu\/?page_id=65"},"modified":"2026-05-05T13:17:14","modified_gmt":"2026-05-05T11:17:14","slug":"hazirend","status":"publish","type":"page","link":"https:\/\/aranyj.hu\/?page_id=65","title":{"rendered":"H\u00e1zirend"},"content":{"rendered":"<p><a href=\"http:\/\/aranyj.hu\/wp-content\/uploads\/2026\/05\/kirinfo_hazirend_035289_20251017_1902-2.pdf\" target=\"blank\" rel=\"noopener\">H\u00e1zirend<\/a><\/p>\n<p><a href=\"http:\/\/aranyj.hu\/wp-content\/uploads\/2025\/03\/Hazirendkiegeszites_modositas_2025.pdf\">H\u00e1zirendkieg\u00e9szit\u00e9s 2025<\/a><\/p>\n","protected":false},"excerpt":{"rendered":"<p>H\u00e1zirend H\u00e1zirendkieg\u00e9szit\u00e9s 2025<\/p>\n","protected":false},"author":1,"featured_media":0,"parent":0,"menu_order":0,"comment_status":"closed","ping_status":"closed","template":"","meta":[],"_links":{"self":[{"href":"https:\/\/aranyj.hu\/index.php?rest_route=\/wp\/v2\/pages\/65"}],"collection":[{"href":"https:\/\/aranyj.hu\/index.php?rest_route=\/wp\/v2\/pages"}],"about":[{"href":"https:\/\/aranyj.hu\/index.php?rest_route=\/wp\/v2\/types\/page"}],"author":[{"embeddable":true,"href":"https:\/\/aranyj.hu\/index.php?rest_route=\/wp\/v2\/users\/1"}],"replies":[{"embeddable":true,"href":"https:\/\/aranyj.hu\/index.php?rest_route=%2Fwp%2Fv2%2Fcomments&post=65"}],"version-history":[{"count":29,"href":"https:\/\/aranyj.hu\/index.php?rest_route=\/wp\/v2\/pages\/65\/revisions"}],"predecessor-version":[{"id":10184,"href":"https:\/\/aranyj.hu\/index.php?rest_route=\/wp\/v2\/pages\/65\/revisions\/10184"}],"wp:attachment":[{"href":"https:\/\/aranyj.hu\/index.php?rest_route=%2Fwp%2Fv2%2Fmedia&parent=65"}],"curies":[{"name":"wp","href":"https:\/\/api.w.org\/{rel}","templated":true}]}}