{"id":6493,"date":"2020-11-02T08:17:42","date_gmt":"2020-11-02T07:17:42","guid":{"rendered":"http:\/\/aranyj.hu\/?page_id=6493"},"modified":"2024-01-30T12:41:29","modified_gmt":"2024-01-30T11:41:29","slug":"altalanos-iskola-felso-tagozat-helyi-tantervek","status":"publish","type":"page","link":"https:\/\/aranyj.hu\/?page_id=6493","title":{"rendered":"\u00c1ltal\u00e1nos iskola fels\u0151 tagozat helyi tantervek"},"content":{"rendered":"<p><a href=\"http:\/\/aranyj.hu\/wp-content\/uploads\/2023\/09\/kozossegi_neveles_helyi_tanterv-5-8.pdf\">K\u00f6z\u00f6ss\u00e9gi nevel\u00e9s (oszt\u00e1lyf\u0151n\u00f6ki) 5-8. \u00e9vfolyam<\/a><\/p>\n<p><a href=\"http:\/\/aranyj.hu\/wp-content\/uploads\/2020\/11\/Allampolgari_ismeretek8.pdf\">\u00c1llampolg\u00e1ri ismeretek<\/a><\/p>\n<p><a href=\"http:\/\/aranyj.hu\/wp-content\/uploads\/2020\/11\/Angolnyelv5-8.pdf\">Angol nyelv<\/a><\/p>\n<p><a href=\"http:\/\/aranyj.hu\/wp-content\/uploads\/2020\/11\/Biologia7-8.pdf\">Biol\u00f3gia<\/a><\/p>\n<p><a href=\"http:\/\/aranyj.hu\/wp-content\/uploads\/2024\/01\/Digitaliskultura_2.pdf\">Digit\u00e1lis kult\u00fara<\/a><\/p>\n<p><a href=\"http:\/\/aranyj.hu\/wp-content\/uploads\/2020\/11\/Dramaesszinhaz7.pdf\">Dr\u00e1ma \u00e9s sz\u00ednh\u00e1z<\/a><\/p>\n<p><a href=\"http:\/\/aranyj.hu\/wp-content\/uploads\/2020\/11\/Enek-zene5-8.pdf\">\u00c9nek-zene<\/a><\/p>\n<p><a href=\"http:\/\/aranyj.hu\/wp-content\/uploads\/2020\/11\/Etika5-8.pdf\">Etika<\/a><\/p>\n<p><a href=\"http:\/\/aranyj.hu\/wp-content\/uploads\/2020\/11\/Evangelikushittan5-8.pdf\">Evang\u00e9likus hittan<\/a><\/p>\n<p><a href=\"http:\/\/aranyj.hu\/wp-content\/uploads\/2020\/11\/Fizika7-8.pdf\">Fizika<\/a><\/p>\n<p><a href=\"http:\/\/aranyj.hu\/wp-content\/uploads\/2020\/11\/Foldrajz7-8.pdf\">F\u00f6ldrajz<\/a><\/p>\n<p><a href=\"http:\/\/aranyj.hu\/wp-content\/uploads\/2020\/11\/Hon_es_nepismeret6.pdf\">Hon \u00e9s n\u00e9pismeret<\/a><\/p>\n<p><a href=\"http:\/\/aranyj.hu\/wp-content\/uploads\/2020\/11\/Katolikushittan5-8.pdf\">Katolikus hittan<\/a><\/p>\n<p><a href=\"http:\/\/aranyj.hu\/wp-content\/uploads\/2020\/11\/Kemia7-8.pdf\">K\u00e9mia<\/a><\/p>\n<p><a href=\"http:\/\/aranyj.hu\/wp-content\/uploads\/2020\/11\/Magyar_nyelv_es_irodalom5-8.pdf\">Magyar nyelv \u00e9s Irodalom<\/a><\/p>\n<p><a href=\"http:\/\/aranyj.hu\/wp-content\/uploads\/2020\/11\/Matematika5-8.pdf\">Matematika<\/a><\/p>\n<p><a href=\"http:\/\/aranyj.hu\/wp-content\/uploads\/2020\/11\/Reformatushittan5-8.pdf\">Reform\u00e1tus hittan<\/a><\/p>\n<p><a href=\"http:\/\/aranyj.hu\/wp-content\/uploads\/2020\/11\/Technikaestervezes5-7.pdf\">Technika \u00e9s tervez\u00e9s<\/a><\/p>\n<p><a href=\"http:\/\/aranyj.hu\/wp-content\/uploads\/2020\/11\/Termeszettudomany5-6.pdf\">Term\u00e9szettudom\u00e1ny<\/a><\/p>\n<p><a href=\"http:\/\/aranyj.hu\/wp-content\/uploads\/2020\/11\/Testneveles5-8.pdf\">Testnevel\u00e9s<\/a><\/p>\n<p><a href=\"http:\/\/aranyj.hu\/wp-content\/uploads\/2020\/11\/Tortenelem5-8.pdf\">T\u00f6rt\u00e9nelem<\/a><\/p>\n<p><a href=\"http:\/\/aranyj.hu\/wp-content\/uploads\/2020\/11\/Vizualiskultura5-8.pdf\">Vizu\u00e1lis kult\u00fara<\/a><\/p>\n","protected":false},"excerpt":{"rendered":"<p>K\u00f6z\u00f6ss\u00e9gi nevel\u00e9s (oszt\u00e1lyf\u0151n\u00f6ki) 5-8. \u00e9vfolyam \u00c1llampolg\u00e1ri ismeretek Angol nyelv Biol\u00f3gia Digit\u00e1lis kult\u00fara Dr\u00e1ma \u00e9s sz\u00ednh\u00e1z \u00c9nek-zene Etika Evang\u00e9likus hittan Fizika F\u00f6ldrajz Hon \u00e9s n\u00e9pismeret Katolikus hittan K\u00e9mia Magyar nyelv \u00e9s Irodalom Matematika Reform\u00e1tus hittan Technika \u00e9s tervez\u00e9s Term\u00e9szettudom\u00e1ny Testnevel\u00e9s T\u00f6rt\u00e9nelem Vizu\u00e1lis kult\u00fara<\/p>\n","protected":false},"author":1,"featured_media":0,"parent":0,"menu_order":0,"comment_status":"closed","ping_status":"closed","template":"","meta":[],"_links":{"self":[{"href":"https:\/\/aranyj.hu\/index.php?rest_route=\/wp\/v2\/pages\/6493"}],"collection":[{"href":"https:\/\/aranyj.hu\/index.php?rest_route=\/wp\/v2\/pages"}],"about":[{"href":"https:\/\/aranyj.hu\/index.php?rest_route=\/wp\/v2\/types\/page"}],"author":[{"embeddable":true,"href":"https:\/\/aranyj.hu\/index.php?rest_route=\/wp\/v2\/users\/1"}],"replies":[{"embeddable":true,"href":"https:\/\/aranyj.hu\/index.php?rest_route=%2Fwp%2Fv2%2Fcomments&post=6493"}],"version-history":[{"count":5,"href":"https:\/\/aranyj.hu\/index.php?rest_route=\/wp\/v2\/pages\/6493\/revisions"}],"predecessor-version":[{"id":8699,"href":"https:\/\/aranyj.hu\/index.php?rest_route=\/wp\/v2\/pages\/6493\/revisions\/8699"}],"wp:attachment":[{"href":"https:\/\/aranyj.hu\/index.php?rest_route=%2Fwp%2Fv2%2Fmedia&parent=6493"}],"curies":[{"name":"wp","href":"https:\/\/api.w.org\/{rel}","templated":true}]}}