{"id":6476,"date":"2020-11-02T07:53:52","date_gmt":"2020-11-02T06:53:52","guid":{"rendered":"http:\/\/aranyj.hu\/?page_id=6476"},"modified":"2020-11-02T07:53:52","modified_gmt":"2020-11-02T06:53:52","slug":"altalanos-iskola-also-tagozat-helyi-tantervek","status":"publish","type":"page","link":"https:\/\/aranyj.hu\/?page_id=6476","title":{"rendered":"\u00c1ltal\u00e1nos iskola als\u00f3 tagozat helyi tantervek"},"content":{"rendered":"<p><a href=\"http:\/\/aranyj.hu\/wp-content\/uploads\/2020\/11\/Angolnyelv1-4.pdf\">Angol nyelv<\/a><\/p>\n<p><a href=\"http:\/\/aranyj.hu\/wp-content\/uploads\/2020\/11\/Digitalis_kultra3-4.pdf\">Digit\u00e1lis kult\u00fara<\/a><\/p>\n<p><a href=\"http:\/\/aranyj.hu\/wp-content\/uploads\/2020\/11\/enekzene1-4.pdf\">\u00c9nek-zene<\/a><\/p>\n<p><a href=\"http:\/\/aranyj.hu\/wp-content\/uploads\/2020\/11\/Etika1-4.pdf\">Etika<\/a><\/p>\n<p><a href=\"http:\/\/aranyj.hu\/wp-content\/uploads\/2020\/11\/Evangelikushittan1-4.pdf\">Evang\u00e9likus hittan<\/a><\/p>\n<p><a href=\"http:\/\/aranyj.hu\/wp-content\/uploads\/2020\/11\/Katoliokushittan1-4.pdf\">Katolikus hittan<\/a><\/p>\n<p><a href=\"http:\/\/aranyj.hu\/wp-content\/uploads\/2020\/11\/Kornyezetismeret3-4.pdf\">K\u00f6rnyezetismeret<\/a><\/p>\n<p><a href=\"http:\/\/aranyj.hu\/wp-content\/uploads\/2020\/11\/Magyarnyelvesirodalom1-4.pdf\">Magyar nyelv \u00e9s irodalom<\/a><\/p>\n<p><a href=\"http:\/\/aranyj.hu\/wp-content\/uploads\/2020\/11\/Matemetika1-4.pdf\">Matematika<\/a><\/p>\n<p><a href=\"http:\/\/aranyj.hu\/wp-content\/uploads\/2020\/11\/Reformatushittan1-4.pdf\">Reform\u00e1tus hittan<\/a><\/p>\n<p><a href=\"http:\/\/aranyj.hu\/wp-content\/uploads\/2020\/11\/Technikaestervezes1-4.pdf\">Technika \u00e9s tervez\u00e9s<\/a><\/p>\n<p><a href=\"http:\/\/aranyj.hu\/wp-content\/uploads\/2020\/11\/Testneveles1-4.pdf\">Testnevel\u00e9s<\/a><\/p>\n<p><a href=\"http:\/\/aranyj.hu\/wp-content\/uploads\/2020\/11\/Vizualiskultura1-4.pdf\">Vizu\u00e1lis kult\u00fara<\/a><\/p>\n","protected":false},"excerpt":{"rendered":"<p>Angol nyelv Digit\u00e1lis kult\u00fara \u00c9nek-zene Etika Evang\u00e9likus hittan Katolikus hittan K\u00f6rnyezetismeret Magyar nyelv \u00e9s irodalom Matematika Reform\u00e1tus hittan Technika \u00e9s tervez\u00e9s Testnevel\u00e9s Vizu\u00e1lis kult\u00fara<\/p>\n","protected":false},"author":1,"featured_media":0,"parent":0,"menu_order":0,"comment_status":"closed","ping_status":"closed","template":"","meta":[],"_links":{"self":[{"href":"https:\/\/aranyj.hu\/index.php?rest_route=\/wp\/v2\/pages\/6476"}],"collection":[{"href":"https:\/\/aranyj.hu\/index.php?rest_route=\/wp\/v2\/pages"}],"about":[{"href":"https:\/\/aranyj.hu\/index.php?rest_route=\/wp\/v2\/types\/page"}],"author":[{"embeddable":true,"href":"https:\/\/aranyj.hu\/index.php?rest_route=\/wp\/v2\/users\/1"}],"replies":[{"embeddable":true,"href":"https:\/\/aranyj.hu\/index.php?rest_route=%2Fwp%2Fv2%2Fcomments&post=6476"}],"version-history":[{"count":1,"href":"https:\/\/aranyj.hu\/index.php?rest_route=\/wp\/v2\/pages\/6476\/revisions"}],"predecessor-version":[{"id":6491,"href":"https:\/\/aranyj.hu\/index.php?rest_route=\/wp\/v2\/pages\/6476\/revisions\/6491"}],"wp:attachment":[{"href":"https:\/\/aranyj.hu\/index.php?rest_route=%2Fwp%2Fv2%2Fmedia&parent=6476"}],"curies":[{"name":"wp","href":"https:\/\/api.w.org\/{rel}","templated":true}]}}