{"id":6464,"date":"2020-10-28T10:00:17","date_gmt":"2020-10-28T09:00:17","guid":{"rendered":"http:\/\/aranyj.hu\/?page_id=6464"},"modified":"2021-11-09T15:05:02","modified_gmt":"2021-11-09T14:05:02","slug":"pedagogiai-szakmai-ellenorzes-megallapitasai","status":"publish","type":"page","link":"https:\/\/aranyj.hu\/?page_id=6464","title":{"rendered":"Pedag\u00f3giai-szakmai ellen\u0151rz\u00e9s meg\u00e1llap\u00edt\u00e1sai"},"content":{"rendered":"<p><a href=\"http:\/\/aranyj.hu\/wp-content\/uploads\/2020\/10\/PEM-Eredmenyek2018.pdf\">P\u00c9M &#8211; Eredm\u00e9nyek 2018<\/a><\/p>\n<p><a href=\"http:\/\/aranyj.hu\/wp-content\/uploads\/2020\/10\/OHKIRSTATellenorzes2019.pdf\">OH KIRSTAT ellen\u0151rz\u00e9s 2019<\/a><\/p>\n","protected":false},"excerpt":{"rendered":"<p>P\u00c9M &#8211; Eredm\u00e9nyek 2018 OH KIRSTAT ellen\u0151rz\u00e9s 2019<\/p>\n","protected":false},"author":1,"featured_media":0,"parent":0,"menu_order":0,"comment_status":"closed","ping_status":"closed","template":"","meta":[],"_links":{"self":[{"href":"https:\/\/aranyj.hu\/index.php?rest_route=\/wp\/v2\/pages\/6464"}],"collection":[{"href":"https:\/\/aranyj.hu\/index.php?rest_route=\/wp\/v2\/pages"}],"about":[{"href":"https:\/\/aranyj.hu\/index.php?rest_route=\/wp\/v2\/types\/page"}],"author":[{"embeddable":true,"href":"https:\/\/aranyj.hu\/index.php?rest_route=\/wp\/v2\/users\/1"}],"replies":[{"embeddable":true,"href":"https:\/\/aranyj.hu\/index.php?rest_route=%2Fwp%2Fv2%2Fcomments&post=6464"}],"version-history":[{"count":4,"href":"https:\/\/aranyj.hu\/index.php?rest_route=\/wp\/v2\/pages\/6464\/revisions"}],"predecessor-version":[{"id":7242,"href":"https:\/\/aranyj.hu\/index.php?rest_route=\/wp\/v2\/pages\/6464\/revisions\/7242"}],"wp:attachment":[{"href":"https:\/\/aranyj.hu\/index.php?rest_route=%2Fwp%2Fv2%2Fmedia&parent=6464"}],"curies":[{"name":"wp","href":"https:\/\/api.w.org\/{rel}","templated":true}]}}