{"id":640,"date":"2016-01-04T12:56:46","date_gmt":"2016-01-04T11:56:46","guid":{"rendered":"http:\/\/aranyj.hu\/?page_id=640"},"modified":"2018-10-24T14:41:49","modified_gmt":"2018-10-24T13:41:49","slug":"tovabbtanulas","status":"publish","type":"page","link":"https:\/\/aranyj.hu\/?page_id=640","title":{"rendered":"Tov\u00e1bbtanul\u00e1s \u00e9retts\u00e9gi ut\u00e1n"},"content":{"rendered":"<p><img decoding=\"async\" loading=\"lazy\" class=\"alignleft\" src=\"http:\/\/aranyj.hu\/wp-content\/uploads\/2016\/01\/7_b.jpg\" alt=\"\" width=\"400\" height=\"215\" \/><\/p>\n<p>&nbsp;<\/p>\n<p style=\"text-align: justify;\">\u00c9let\u00fcnk egyik kulcsk\u00e9rd\u00e9se, hogy \u00e9retts\u00e9gi ut\u00e1n hova menj\u00fcnk tov\u00e1bbtanulni? Menj\u00fcnk egyetemre vagy ink\u00e1bb v\u00e1lasszunk egy szakm\u00e1t magunknak? Persze d\u00f6nthet\u00fcnk amellett is, hogy k\u00fclf\u00f6dre megy\u00fcnk tanulni. A felv\u00e9telit seg\u00edt\u0151 szervezetekr\u0151l \u00e9s seg\u00e9danyagokr\u00f3l is t\u00e1j\u00e9koz\u00f3dhat az oldalr\u00f3l.<\/p>\n<p style=\"text-align: justify;\"><a href=\"http:\/\/www.felvi.hu\/\">http:\/\/www.felvi.hu\/<\/a><\/p>\n","protected":false},"excerpt":{"rendered":"<p>&nbsp; \u00c9let\u00fcnk egyik kulcsk\u00e9rd\u00e9se, hogy \u00e9retts\u00e9gi ut\u00e1n hova menj\u00fcnk tov\u00e1bbtanulni? Menj\u00fcnk egyetemre vagy ink\u00e1bb v\u00e1lasszunk egy szakm\u00e1t magunknak? Persze d\u00f6nthet\u00fcnk amellett is, hogy k\u00fclf\u00f6dre megy\u00fcnk tanulni. A felv\u00e9telit seg\u00edt\u0151 szervezetekr\u0151l \u00e9s seg\u00e9danyagokr\u00f3l is t\u00e1j\u00e9koz\u00f3dhat az oldalr\u00f3l. http:\/\/www.felvi.hu\/<\/p>\n","protected":false},"author":1,"featured_media":0,"parent":0,"menu_order":0,"comment_status":"closed","ping_status":"closed","template":"","meta":[],"_links":{"self":[{"href":"https:\/\/aranyj.hu\/index.php?rest_route=\/wp\/v2\/pages\/640"}],"collection":[{"href":"https:\/\/aranyj.hu\/index.php?rest_route=\/wp\/v2\/pages"}],"about":[{"href":"https:\/\/aranyj.hu\/index.php?rest_route=\/wp\/v2\/types\/page"}],"author":[{"embeddable":true,"href":"https:\/\/aranyj.hu\/index.php?rest_route=\/wp\/v2\/users\/1"}],"replies":[{"embeddable":true,"href":"https:\/\/aranyj.hu\/index.php?rest_route=%2Fwp%2Fv2%2Fcomments&post=640"}],"version-history":[{"count":5,"href":"https:\/\/aranyj.hu\/index.php?rest_route=\/wp\/v2\/pages\/640\/revisions"}],"predecessor-version":[{"id":4325,"href":"https:\/\/aranyj.hu\/index.php?rest_route=\/wp\/v2\/pages\/640\/revisions\/4325"}],"wp:attachment":[{"href":"https:\/\/aranyj.hu\/index.php?rest_route=%2Fwp%2Fv2%2Fmedia&parent=640"}],"curies":[{"name":"wp","href":"https:\/\/api.w.org\/{rel}","templated":true}]}}