{"id":636,"date":"2016-01-04T12:42:12","date_gmt":"2016-01-04T11:42:12","guid":{"rendered":"http:\/\/aranyj.hu\/?page_id=636"},"modified":"2026-03-16T14:55:45","modified_gmt":"2026-03-16T13:55:45","slug":"ebedbefizetes","status":"publish","type":"page","link":"https:\/\/aranyj.hu\/?page_id=636","title":{"rendered":"Eb\u00e9dbefizet\u00e9s"},"content":{"rendered":"<p><strong>Di\u00e9t\u00e1s \u00e9tlapok<\/strong><\/p>\n<p><a href=\"http:\/\/aranyj.hu\/wp-content\/uploads\/2026\/02\/2026.12.het-Dieta.pdf\">2026.12.h\u00e9t Di\u00e9ta<\/a><br \/>\n<a href=\"http:\/\/aranyj.hu\/wp-content\/uploads\/2026\/02\/2026.13.het-Dieta.pdf\">2026.13.h\u00e9t Di\u00e9ta<\/a><br \/>\n<a href=\"http:\/\/aranyj.hu\/wp-content\/uploads\/2026\/03\/2026.14.het-Dieta.pdf\">2026.14.h\u00e9t Di\u00e9ta<\/a><br \/>\n<a href=\"http:\/\/aranyj.hu\/wp-content\/uploads\/2026\/03\/2026.15.het-Dieta.pdf\">2026.15.h\u00e9t Di\u00e9ta<\/a><br \/>\n<a href=\"http:\/\/aranyj.hu\/wp-content\/uploads\/2026\/03\/2026.16.het-Dieta.pdf\">2026.16.h\u00e9t Di\u00e9ta<\/a><br \/>\n<a href=\"http:\/\/aranyj.hu\/wp-content\/uploads\/2026\/03\/2026.17.het-Dieta.pdf\">2026.17.h\u00e9t Di\u00e9ta<\/a><br \/>\n<a href=\"http:\/\/aranyj.hu\/wp-content\/uploads\/2026\/03\/2026.18.het-Dieta.pdf\">2026.18.h\u00e9t Di\u00e9ta<\/a><\/p>\n<p>&nbsp;<\/p>\n<p><strong>Kedves Sz\u00fcl\u0151k!<\/strong><\/p>\n<p>2015 febru\u00e1rj\u00e1t\u00f3l az \u00d6n\u00f6k iskol\u00e1j\u00e1ban egy\u00a0<strong>\u00faj \u201eonline\u201d menzak\u00e1rtya rendszer\u00a0<\/strong>seg\u00edti majd az iskolai \u00e9tkeztet\u00e9st.<\/p>\n<p>Az \u00faj menzak\u00e1rtya rendszer l\u00e9nyege, hogy a sz\u00fcl\u0151k egy internetes fel\u00fcleten int\u00e9zhetik gyermek\u00fck sz\u00e1m\u00e1ra az \u00e9tkez\u00e9sek megrendel\u00e9s\u00e9t \u00e9s lemond\u00e1s\u00e1t, illetve t\u00e1j\u00e9koz\u00f3dhatnak a heti \u00e9tlapr\u00f3l. Nem sz\u00fcks\u00e9ges t\u00f6bb\u00e9 a megrendel\u00e9shez k\u00fcl\u00f6n nyilatkozatot leadni, a menzak\u00e1rtya internetes oldal\u00e1r\u00f3l kezelhet\u0151 a teljes folyamat.<\/p>\n<p>Az ilyen m\u00f3don megrendelt \u00e9tkez\u00e9seket a gyermekek az \u00faj t\u00edpus\u00fa di\u00e1kigazolv\u00e1nyukkal vagy az e c\u00e9lra kiadott menzak\u00e1rty\u00e1kkal tudj\u00e1k majd ig\u00e9nybe venni, az \u00e9tkez\u0151kben elhelyezett k\u00e1rtyaolvas\u00f3t haszn\u00e1lva.<\/p>\n<p>A rendszerbe el\u0151zetes regisztr\u00e1ci\u00f3 ut\u00e1n otthonr\u00f3l, a munkahelyr\u0151l, vagy b\u00e1rmilyen egy\u00e9b internet hozz\u00e1f\u00e9r\u00e9ssel rendelkez\u0151 helyr\u0151l lehet bejelentkezni. Nincs sz\u00fcks\u00e9g k\u00fcl\u00f6n program telep\u00edt\u00e9s\u00e9re: a fel\u00fclet haszn\u00e1lat\u00e1hoz csup\u00e1n b\u00f6ng\u00e9sz\u0151 kell (pl. Chrome, Firefox vagy Internet Explorer), teh\u00e1t ak\u00e1r egy \u201eokostelefonr\u00f3l\u201d is el\u00e9rhet\u0151.<\/p>\n<p>A m\u00e1rciusi \u00e9tkez\u00e9seket m\u00e1r ezen a fel\u00fcleten kereszt\u00fcl lehet megrendelni a gyermekek sz\u00e1m\u00e1ra.<\/p>\n<p>A rendszerbe automatikusan \u00e1tker\u00fclnek a kor\u00e1bban leadott normat\u00edv vagy \u00f6nkorm\u00e1nyzati t\u00e1mogat\u00e1sr\u00f3l sz\u00f3l\u00f3 hat\u00e1rozatok valamint az allergi\u00e1r\u00f3l, \u00e9telintoleranci\u00e1r\u00f3l sz\u00f3l\u00f3 szakorvosi igazol\u00e1sok.<\/p>\n<p>V\u00e1ltoz\u00e1s eset\u00e9n az igazol\u00e1sokat \u00e9s hat\u00e1rozatokat tov\u00e1bbra is a Hegyvid\u00e9ki \u00d6nkorm\u00e1nyzat Gazdas\u00e1gi Ell\u00e1t\u00f3 Szolg\u00e1lat\u00e1hoz (GESZ) sz\u00edveskedjenek eljuttatni. A leadott igazol\u00e1sok felt\u00f6lt\u00e9sre ker\u00fclnek az \u00e9tkeztet\u0151 rendszerbe, \u00edgy a sz\u00fcl\u0151k sz\u00e1m\u00e1ra is nyomon k\u00f6vethet\u0151 a hat\u00e1rozatok \u00e9rv\u00e9nyess\u00e9ge.<\/p>\n<p><strong>Mi\u00e9rt hasznos az \u00faj menzak\u00e1rtya rendszer?<\/strong><\/p>\n<ul>\n<li>az \u00e9tkez\u00e9sek ak\u00e1r egyedi id\u0151tartamra is egyszer\u0171en megrendelhet\u0151k az online fel\u00fcleten, tov\u00e1bb\u00e1 k\u00f6nnyen \u00e9s gyorsan lemondhat\u00f3k, legk\u00e9s\u0151bb az ig\u00e9nybe v\u00e9tel el\u0151tti munkanapon d\u00e9lel\u0151tt 9 \u00f3r\u00e1ig (pl. hi\u00e1nyz\u00e1s, betegs\u00e9g eset\u00e9n);<\/li>\n<li>a rendszer kezeli \u00e9s t\u00e1rolja a j\u00f3v\u00e1\u00edrhat\u00f3 kedvezm\u00e9nyeket (pl. normat\u00edv vagy \u00f6nkorm\u00e1nyzati t\u00e1mogat\u00e1s) \u00e9s az allergi\u00e1val, \u00e9telintoleranci\u00e1val kapcsolatos inform\u00e1ci\u00f3kat;<\/li>\n<li>a menzai kiszolg\u00e1l\u00e1s felgyorsul, az \u00e9tkez\u00e9si jogosults\u00e1gok ellen\u0151rz\u00e9se hat\u00e9konyabb lesz;<\/li>\n<li>az esetleges adminisztr\u00e1ci\u00f3s hib\u00e1k visszak\u00f6vethet\u0151v\u00e9 v\u00e1lnak a k\u00e1rty\u00e1k haszn\u00e1lata \u00e9s a rendel\u00e9sek, lemond\u00e1sok, befizet\u00e9sek naprak\u00e9sz nyilv\u00e1ntart\u00e1s\u00e1nak k\u00f6sz\u00f6nhet\u0151en;<\/li>\n<li>az internetes fel\u00fcleten v\u00e1laszthatunk fizet\u00e9si m\u00f3dot: jelenleg\u00a0<strong>bankk\u00e1rty\u00e1s fizet\u00e9s, banki \u00e1tutal\u00e1s \u00e9s csoportos beszed\u00e9s<\/strong>lehets\u00e9ges.<\/li>\n<\/ul>\n<p><strong>Hogyan tudom haszn\u00e1lni az \u00faj menzak\u00e1rtya rendszert?<\/strong><\/p>\n<ul>\n<li>A\u00a0<a href=\"https:\/\/hegyvidek.e-menza.hu\/\" target=\"_blank\" rel=\"noopener noreferrer\">https:\/\/hegyvidek.e-menza.hu<\/a>oldalra navig\u00e1lva egy (saj\u00e1t, rendszeresen haszn\u00e1lt) e-mail c\u00edm \u00e9s jelsz\u00f3 megad\u00e1sa m\u00e1r elegend\u0151 a sz\u00fcl\u0151i regisztr\u00e1ci\u00f3hoz.<\/li>\n<\/ul>\n<p>&nbsp;<\/p>\n<ul>\n<li>A sikeres regisztr\u00e1ci\u00f3 ut\u00e1n a rendszer azonnal bel\u00e9ptet \u00e9s \u00e1tir\u00e1ny\u00edt egy olyan oldalra, ahol be kell \u00edrni a gyermek azonos\u00edt\u00f3 k\u00f3dj\u00e1t: ezt az iskol\u00e1t\u00f3l nyomtatott form\u00e1ban kapj\u00e1k meg a tanul\u00f3k. Ezzel a l\u00e9p\u00e9ssel a rendszer a regisztr\u00e1l\u00f3 sz\u00fcl\u0151h\u00f6z rendeli a gyermeket.<\/li>\n<\/ul>\n<p>&nbsp;<\/p>\n<ul>\n<li>Miut\u00e1n megadtuk a gyermek\u00fcnk (gyermekeink) regisztr\u00e1ci\u00f3s k\u00f3dj\u00e1t, egy olyan oldalra jutunk, ahol l\u00e1thatjuk az \u00e9telrendel\u00e9seket tartalmaz\u00f3 napt\u00e1rt, k\u00f6nnyen \u00e9s gyorsan int\u00e9zhetj\u00fck a rendel\u00e9seket \u00e9s a lemond\u00e1sokat.<\/li>\n<\/ul>\n<p>&nbsp;<\/p>\n<ul>\n<li>Az \u00e9telrendel\u00e9s folyamat\u00e1n a rendszer saj\u00e1t, h\u00e1roml\u00e9p\u00e9ses \u201evar\u00e1zsl\u00f3ja\u201d vezet v\u00e9gig; az \u00e9tkez\u00e9sek \u00e9s id\u0151tartamok megad\u00e1s\u00e1t\u00f3l a fizet\u00e9si m\u00f3d kiv\u00e1laszt\u00e1s\u00e1n \u00e1t a rendel\u00e9s r\u00f6gz\u00edt\u00e9s\u00e9ig.<\/li>\n<li>Fontos tudni, hogy a banki \u00e1tutal\u00e1skor (vagy a sz\u00e1mla k\u00f6zvetlen banki befizet\u00e9s\u00e9n\u00e9l)\u00a0<strong>a<\/strong>\u00a0<strong>\u201eK\u00f6zlem\u00e9ny\u201d rovatban meg kell adni<\/strong>a rendel\u00e9si \u00f6sszes\u00edt\u0151n megjelen\u0151\u00a0<strong>oktat\u00e1si azonos\u00edt\u00f3t<\/strong>. A rendszer ezen azonos\u00edt\u00f3 alapj\u00e1n k\u00f6veti nyomon, hogy a megrendelt \u00e9tkez\u00e9sekn\u00e9l teljes\u00fcltek-e a befizet\u00e9sek.<\/li>\n<\/ul>\n<h2><strong>A megrendelt \u00e9tkez\u00e9s a\u00a0<a href=\"https:\/\/hegyvidek.e-menza.hu\/\" target=\"_blank\" rel=\"noopener noreferrer\">https:\/\/hegyvidek.e-menza.hu<\/a>\u00a0oldalon bel\u00e9pve mondhat\u00f3 le, a t\u00e1rgynapot megel\u0151z\u0151 munkanapon reggel 9 \u00f3r\u00e1ig.<\/strong><\/h2>\n<p><strong>Rendel\u00e9sek lemond\u00e1sa<\/strong><\/p>\n<p>Ha a gyermek \u2013 betegs\u00e9g miatt vagy egy\u00e9b okb\u00f3l \u2013 hi\u00e1nyzik az iskol\u00e1b\u00f3l, az adott id\u0151tartamra kor\u00e1bban m\u00e1r megrendelt \u00e9tkez\u00e9s egyszer\u0171en lemondhat\u00f3 az online fel\u00fcleten,<strong> legk\u00e9s\u0151bb az ig\u00e9nybe v\u00e9tel el\u0151tti utols\u00f3 munkanapon, d\u00e9lel\u0151tt 9 \u00f3r\u00e1ig<\/strong>. Az \u00edgy keletkez\u0151 t\u00falfizet\u00e9st a rendszer automatikusan t\u00e1rolja \u00e9s levonja a k\u00f6vetkez\u0151 megrendel\u00e9sek d\u00edj\u00e1b\u00f3l.<\/p>\n<p><strong>Rendel\u00e9sek, befizet\u00e9sek, sz\u00e1ml\u00e1k nyomon k\u00f6vet\u00e9se<\/strong><\/p>\n<p>A \u201eP\u00e9nz\u00fcgyek\u201d men\u00fcben \u00e1ttekinthet\u0151k a megrendel\u00e9sek \u00e9s az \u00e9tkez\u00e9sek\u00e9rt fizetett \u00f6sszegekr\u0151l sz\u00f3l\u00f3 sz\u00e1ml\u00e1k. Az egyes rendel\u00e9si sorokra kattintva l\u00e1that\u00f3k a rendelt \u00e9tkez\u00e9sek, az id\u0151tartamok, a megrendel\u00e9sek \u00e1llapota, a fizet\u00e9s m\u00f3dja \u00e9s a fizetend\u0151 \u00f6sszeg. A sz\u00e1mla sorokat kiv\u00e1lasztva el\u00e9rhet\u0151 a sz\u00e1mlak\u00e9pek kinyomtathat\u00f3 v\u00e1ltozata.<\/p>\n<p><strong>Mit tegyek, ha nincs se e-mail c\u00edmem, se internet hozz\u00e1f\u00e9r\u00e9sem?<\/strong><\/p>\n<p><strong>E-mail c\u00edmmel nem rendelkez\u0151 sz\u00fcl\u0151k<\/strong> sz\u00e1m\u00e1ra a \u201eNyilatkozat \u00e9tkez\u00e9s ig\u00e9nybev\u00e9tel\u00e9r\u0151l\u201d nyomtatv\u00e1ny kit\u00f6lt\u00e9se \u00e9s al\u00e1\u00edr\u00e1sa ut\u00e1n az GESZ adminisztr\u00e1tora k\u00fcldi ki a d\u00edjbek\u00e9r\u0151ket \u00e9s a sz\u00e1ml\u00e1kat. Az \u00e9tkez\u00e9sek lemond\u00e1s\u00e1t \u2013 internet hozz\u00e1f\u00e9r\u00e9s hi\u00e1ny\u00e1ban \u2013 faxon, telefonon vagy szem\u00e9lyesen int\u00e9zhetik.<\/p>\n<p><strong>Tov\u00e1bbi inform\u00e1ci\u00f3:<\/strong><\/p>\n<p>NETKIR Zrt.<\/p>\n<p>1051 Budapest, Sas u. 10-12., I\/145.\u00a0info@e-menza.hu<\/p>\n<p>Budapest XII. Ker\u00fclet Hegyvid\u00e9ki \u00d6nkorm\u00e1nyzat Gazdas\u00e1gi Ell\u00e1t\u00f3 Szolg\u00e1lat (GESZ)<\/p>\n<p>B\u00e1r\u00e1ny Ram\u00f3na<\/p>\n<p>E-mail:\u00a0baranyr@gesz12.hu<\/p>\n<p>Tel: 06-1-488-7924\/141 + 36 30 593 7560<\/p>\n<p>Belov\u00e1ri Judit<\/p>\n<p>E-mail:\u00a0belovari.judit@gesz12.hu<\/p>\n<p>Tel: 06-1-488-7924\/141<br \/>\n<a href=\"http:\/\/feketeistvaniskola.hu\/tel:+%2036%2030%C3%82%C2%A0336%201891\">\u00a0+ 36 30 336 1891<\/a><\/p>\n<p class=\"style3\">Figyelem! Megv\u00e1ltozott a sz\u00e1mlasz\u00e1m!<\/p>\n<p>&nbsp;<\/p>\n<p><strong>Fontos inform\u00e1ci\u00f3 a 2020\/21-es tan\u00e9vi \u00e9tkez\u00e9ssel kapcsolatban:<\/strong><\/p>\n<p><a href=\"https:\/\/ajgm.mozanaplo.hu\/_tinymce_uploads\/bp_arany\/files\/ebed\/normat%C3%ADv_kedv._nyilatkozat.pdf\" target=\"_blank\" rel=\"noopener noreferrer\">Nyilatkozat normat\u00edv \u00e9tkez\u00e9si kedvezm\u00e9ny ig\u00e9nyl\u00e9s\u00e9hez 2020\/2021 tan\u00e9vben<\/a><\/p>\n<p><a href=\"https:\/\/ajgm.mozanaplo.hu\/_tinymce_uploads\/bp_arany\/files\/ebed\/igazolas_beteg_fogyatekos_gyermek_20081022.pdf\" target=\"_blank\" rel=\"noopener noreferrer\">Igazol\u00e1s tart\u00f3san beteg, illet\u0151leg s\u00falyosan fogyat\u00e9kos gyermekr\u0151l<\/a><\/p>\n<p>2015. szeptember 1-t\u0151l v\u00e1ltozik a gyermek\u00e9tkeztet\u00e9s int\u00e9zm\u00e9nyi t\u00e9r\u00edt\u00e9si d\u00edja:<\/p>\n<p>Egyszeri \u00e9tkez\u00e9s:\u00a0\u00a0\u00a0\u00a0\u00a0\u00a0\u00a0\u00a0 \u00a0\u00a0\u00a0\u00a0\u00a0\u00a0\u00a0\u00a0\u00a0\u00a0\u00a0 464 Ft<\/p>\n<p>H\u00e1romszori \u00e9tkez\u00e9s:\u00a0\u00a0\u00a0\u00a0 \u00a0\u00a0\u00a0\u00a0\u00a0\u00a0\u00a0\u00a0\u00a0\u00a0\u00a0 673 Ft<\/p>\n<p>T\u00e1pl\u00e1l\u00e9kallergi\u00e1s ell\u00e1t\u00e1s: \u00a0 \u00a0 \u00a0 \u00a0 \u00a0 \u00a0610 Ft<\/p>\n<p>Az iskola banksz\u00e1mlasz\u00e1ma:<\/p>\n<p>XII.ker. GESZ Arany J\u00e1nos \u00c1lt. Isk. \u00e9s Gimn.<\/p>\n<p>Raiffeisen Bank 12001008-00155869-05500004<\/p>\n<p>Tisztelt Sz\u00fcl\u0151k!<\/p>\n<p class=\"style6\">K\u00e9rj\u00fck, az iskolai \u00e9tkez\u00e9ssel kapcsolatban felmer\u00fcl\u0151 k\u00e9rd\u00e9sekkel, esetleges probl\u00e9m\u00e1kkal<br \/>\n\u00e9s a lemond\u00e1sokkal az al\u00e1bbi e-mail c\u00edmeken keress\u00e9k munkat\u00e1rsainkat.<\/p>\n<p>Megk\u00e9rj\u00fck a sz\u00fcl\u0151ket, minden esetben az elk\u00e9sz\u00edtett sz\u00e1mla alapj\u00e1n, az azon szerepl\u0151 pontos \u00f6sszeget utalj\u00e1k, a\u00a0<strong>sz\u00e1mla sorsz\u00e1m\u00e1ra<\/strong>\u00a0\u00e9s gyermek\u00fck nev\u00e9re hivatkozva. A befizet\u00e9sek azonos\u00edt\u00e1s\u00e1hoz ezekre felt\u00e9tlen\u00fcl sz\u00fcks\u00e9g\u00fcnk van.<\/p>\n<p>Belov\u00e1ri J\u00e1nosn\u00e9<\/p>\n<p>Eb\u00e9dbefizet\u00e9ssel kapcsolatos \u00fcgyint\u00e9z\u00e9s:<\/p>\n<p>Belov\u00e1ri J\u00e1nosn\u00e9 (Judit) \u00a0 belovari.judit@gesz12.hu<br \/>\nTel: 06-1-488-7924\/141 (+ 36-30-336-1891)<\/p>\n<p><span class=\"style5\">Az eb\u00e9dlemond\u00e1st a<\/span> <a class=\"mce-object\" title=\"&lt;script&gt;\" href=\"mail&lt; data-mce-placeholder=\">belovari.judit@gesz12.hu<\/a>\u00a0<span class=\"style5\">e-mail c\u00edmre k\u00e9rj\u00fck megk\u00fcldeni reggel 9 \u00f3r\u00e1ig!<\/span><\/p>\n<p>&nbsp;<\/p>\n<h3 style=\"text-align: center;\"><\/h3>\n<p style=\"text-align: center;\">\n","protected":false},"excerpt":{"rendered":"<p>Di\u00e9t\u00e1s \u00e9tlapok 2026.12.h\u00e9t Di\u00e9ta 2026.13.h\u00e9t Di\u00e9ta 2026.14.h\u00e9t Di\u00e9ta 2026.15.h\u00e9t Di\u00e9ta 2026.16.h\u00e9t Di\u00e9ta 2026.17.h\u00e9t Di\u00e9ta 2026.18.h\u00e9t Di\u00e9ta &nbsp; Kedves Sz\u00fcl\u0151k! 2015 febru\u00e1rj\u00e1t\u00f3l az \u00d6n\u00f6k iskol\u00e1j\u00e1ban egy\u00a0\u00faj \u201eonline\u201d menzak\u00e1rtya rendszer\u00a0seg\u00edti majd az iskolai \u00e9tkeztet\u00e9st. Az \u00faj menzak\u00e1rtya rendszer l\u00e9nyege, hogy a sz\u00fcl\u0151k egy internetes fel\u00fcleten int\u00e9zhetik gyermek\u00fck sz\u00e1m\u00e1ra az \u00e9tkez\u00e9sek megrendel\u00e9s\u00e9t \u00e9s lemond\u00e1s\u00e1t, illetve t\u00e1j\u00e9koz\u00f3dhatnak a heti [&hellip;]<\/p>\n","protected":false},"author":1,"featured_media":0,"parent":0,"menu_order":0,"comment_status":"closed","ping_status":"closed","template":"","meta":[],"_links":{"self":[{"href":"https:\/\/aranyj.hu\/index.php?rest_route=\/wp\/v2\/pages\/636"}],"collection":[{"href":"https:\/\/aranyj.hu\/index.php?rest_route=\/wp\/v2\/pages"}],"about":[{"href":"https:\/\/aranyj.hu\/index.php?rest_route=\/wp\/v2\/types\/page"}],"author":[{"embeddable":true,"href":"https:\/\/aranyj.hu\/index.php?rest_route=\/wp\/v2\/users\/1"}],"replies":[{"embeddable":true,"href":"https:\/\/aranyj.hu\/index.php?rest_route=%2Fwp%2Fv2%2Fcomments&post=636"}],"version-history":[{"count":22,"href":"https:\/\/aranyj.hu\/index.php?rest_route=\/wp\/v2\/pages\/636\/revisions"}],"predecessor-version":[{"id":10101,"href":"https:\/\/aranyj.hu\/index.php?rest_route=\/wp\/v2\/pages\/636\/revisions\/10101"}],"wp:attachment":[{"href":"https:\/\/aranyj.hu\/index.php?rest_route=%2Fwp%2Fv2%2Fmedia&parent=636"}],"curies":[{"name":"wp","href":"https:\/\/api.w.org\/{rel}","templated":true}]}}