{"id":628,"date":"2016-01-04T12:10:04","date_gmt":"2016-01-04T11:10:04","guid":{"rendered":"http:\/\/aranyj.hu\/?page_id=628"},"modified":"2026-03-18T12:26:58","modified_gmt":"2026-03-18T11:26:58","slug":"gimnazium-felveteli","status":"publish","type":"page","link":"https:\/\/aranyj.hu\/?page_id=628","title":{"rendered":"Gimn\u00e1zium felv\u00e9teli"},"content":{"rendered":"<p><strong>Tisztelt Sz\u00fcl\u0151k, \u00c9rdekl\u0151d\u0151 Di\u00e1kok!<\/strong><\/p>\n<p><strong>A beiskol\u00e1z\u00e1s szervez\u00e9se iskol\u00e1nkban:<\/strong><\/p>\n<p><em>Az iskola neve \u00e9s c\u00edme:<\/em><\/p>\n<p>Sashegyi Arany J\u00e1nos \u00c1ltal\u00e1nos Iskola \u00e9s Gimn\u00e1zium<\/p>\n<p>1124 Budapest, Meredek u. 1<\/p>\n<p>Tel: +36 1 3107284 (Gimn\u00e1ziumi titk\u00e1rs\u00e1g)<\/p>\n<p>E-mail:<a href=\"mailto:aranyj12ker@gmail.com\">aranyj12ker@gmail.com<\/a><\/p>\n<p>A gimn\u00e1zium k\u00f6zponti azonos\u00edt\u00f3 k\u00f3dja:<\/p>\n<p>035289<\/p>\n<p>Telephely k\u00f3dja: 001<\/p>\n<p>&nbsp;<\/p>\n<h3><a href=\"http:\/\/aranyj.hu\/wp-content\/uploads\/2025\/11\/Felveteli-tajekoztato-2026-27v2.pdf\"><strong>Felv\u00e9teli t\u00e1j\u00e9koztat\u00f3<\/strong><\/a><\/h3>\n<div>\n<p><a href=\"http:\/\/aranyj.hu\/wp-content\/uploads\/2026\/03\/Ideiglenes-felveteli-jegyzek-0001.pdf\">Ideiglenes felv\u00e9teli jegyz\u00e9k 0001<\/a><br \/>\n<a href=\"http:\/\/aranyj.hu\/wp-content\/uploads\/2026\/03\/Ideiglenes-felveteli-jegyzek-0002.pdf\">Ideiglenes felv\u00e9teli jegyz\u00e9k 0002<\/a><br \/>\n<a href=\"http:\/\/aranyj.hu\/wp-content\/uploads\/2026\/03\/Ideiglenes-felveteli-jegyzek-0003.pdf\">Ideiglenes felv\u00e9teli jegyz\u00e9k 0003<\/a><br \/>\n<a href=\"http:\/\/aranyj.hu\/wp-content\/uploads\/2026\/03\/Ideiglenes-felveteli-jegyzek-0004.pdf\">Ideiglenes felv\u00e9teli jegyz\u00e9k 0004<\/a><\/p>\n<h3><b><br \/>\n<a href=\"http:\/\/aranyj.hu\/wp-content\/uploads\/2025\/10\/Szobeli-felveteli-vizsgak-temakorei.pdf\">Sz\u00f3beli felv\u00e9teli vizsga t\u00e9mak\u00f6r\u00f6k, \u00e9s portf\u00f3li\u00f3<\/a><\/b><\/h3>\n<h3><a href=\"http:\/\/aranyj.hu\/wp-content\/uploads\/2025\/11\/portfolio-tajekoztato.pdf\"><strong>Portf\u00f3li\u00f3 t\u00e1j\u00e9koztat\u00f3<\/strong><\/a><\/h3>\n<h3><a href=\"http:\/\/aranyj.hu\/wp-content\/uploads\/2026\/02\/Segedlet-a-magyar-nyelv-es-irodalom-szobeli-vizsgahoz.pdf\">Seg\u00e9dlet a magyar nyelv \u00e9s irodalom sz\u00f3beli vizsg\u00e1hoz<\/a><\/h3>\n<\/div>\n","protected":false},"excerpt":{"rendered":"<p>Tisztelt Sz\u00fcl\u0151k, \u00c9rdekl\u0151d\u0151 Di\u00e1kok! A beiskol\u00e1z\u00e1s szervez\u00e9se iskol\u00e1nkban: Az iskola neve \u00e9s c\u00edme: Sashegyi Arany J\u00e1nos \u00c1ltal\u00e1nos Iskola \u00e9s Gimn\u00e1zium 1124 Budapest, Meredek u. 1 Tel: +36 1 3107284 (Gimn\u00e1ziumi titk\u00e1rs\u00e1g) E-mail:aranyj12ker@gmail.com A gimn\u00e1zium k\u00f6zponti azonos\u00edt\u00f3 k\u00f3dja: 035289 Telephely k\u00f3dja: 001 &nbsp; Felv\u00e9teli t\u00e1j\u00e9koztat\u00f3 Ideiglenes felv\u00e9teli jegyz\u00e9k 0001 Ideiglenes felv\u00e9teli jegyz\u00e9k 0002 Ideiglenes felv\u00e9teli jegyz\u00e9k [&hellip;]<\/p>\n","protected":false},"author":1,"featured_media":0,"parent":0,"menu_order":0,"comment_status":"closed","ping_status":"closed","template":"","meta":[],"_links":{"self":[{"href":"https:\/\/aranyj.hu\/index.php?rest_route=\/wp\/v2\/pages\/628"}],"collection":[{"href":"https:\/\/aranyj.hu\/index.php?rest_route=\/wp\/v2\/pages"}],"about":[{"href":"https:\/\/aranyj.hu\/index.php?rest_route=\/wp\/v2\/types\/page"}],"author":[{"embeddable":true,"href":"https:\/\/aranyj.hu\/index.php?rest_route=\/wp\/v2\/users\/1"}],"replies":[{"embeddable":true,"href":"https:\/\/aranyj.hu\/index.php?rest_route=%2Fwp%2Fv2%2Fcomments&post=628"}],"version-history":[{"count":106,"href":"https:\/\/aranyj.hu\/index.php?rest_route=\/wp\/v2\/pages\/628\/revisions"}],"predecessor-version":[{"id":10106,"href":"https:\/\/aranyj.hu\/index.php?rest_route=\/wp\/v2\/pages\/628\/revisions\/10106"}],"wp:attachment":[{"href":"https:\/\/aranyj.hu\/index.php?rest_route=%2Fwp%2Fv2%2Fmedia&parent=628"}],"curies":[{"name":"wp","href":"https:\/\/api.w.org\/{rel}","templated":true}]}}