{"id":608,"date":"2015-12-27T13:25:42","date_gmt":"2015-12-27T12:25:42","guid":{"rendered":"http:\/\/aranyj.hu\/?page_id=608"},"modified":"2023-09-01T12:04:43","modified_gmt":"2023-09-01T10:04:43","slug":"aktualis-hirek","status":"publish","type":"page","link":"https:\/\/aranyj.hu\/?page_id=608","title":{"rendered":"T\u00e1j\u00e9koztat\u00f3"},"content":{"rendered":"<p><strong>Iskolai K\u00f6z\u00f6ss\u00e9gi Szolg\u00e1lat<\/strong><\/p>\n<p><strong>\u00a0<\/strong><\/p>\n<p>Az \u00e9retts\u00e9gi megkezd\u00e9s\u00e9hez sz\u00fcks\u00e9ges, a tanul\u00f3 helyi k\u00f6z\u00f6ss\u00e9g\u00e9nek jav\u00e1t szolg\u00e1l\u00f3 iskolai k\u00f6z\u00f6ss\u00e9gi szolg\u00e1latot iskol\u00e1nk Pedag\u00f3giai Programja szerint a 9-11. \u00e9vfolyamon szervezz\u00fck meg.<\/p>\n<p>&nbsp;<\/p>\n<p>A k\u00f6z\u00f6ss\u00e9gi szolg\u00e1lat keretei k\u00f6z\u00f6tt a k\u00f6vetkez\u0151 ter\u00fcleteken folytathat\u00f3 tev\u00e9kenys\u00e9g:<\/p>\n<ol>\n<li>a) az eg\u00e9szs\u00e9g\u00fcgyi,<\/li>\n<li>b) a szoci\u00e1lis \u00e9s j\u00f3t\u00e9konys\u00e1gi,<\/li>\n<li>c) az oktat\u00e1si,<\/li>\n<li>d) a kultur\u00e1lis \u00e9s k\u00f6z\u00f6ss\u00e9gi,<\/li>\n<li>e) a k\u00f6rnyezet- \u00e9s term\u00e9szetv\u00e9delmi,<\/li>\n<li>f) a katasztr\u00f3fav\u00e9delmi,<\/li>\n<li>g) az \u00f3vod\u00e1s kor\u00fa, saj\u00e1tos nevel\u00e9si ig\u00e9ny\u0171 gyermekekkel, tanul\u00f3kkal, az id\u0151s emberekkel k\u00f6z\u00f6s sport- \u00e9s szabadid\u0151s,<\/li>\n<li>h) az egyes rend\u0151rs\u00e9gi feladatok ell\u00e1t\u00e1s\u00e1ra l\u00e9trehozott szervekn\u00e9l b\u0171n- \u00e9s baleset-megel\u0151z\u00e9si<\/li>\n<\/ol>\n<p>&nbsp;<\/p>\n<p>Az iskolai k\u00f6z\u00f6ss\u00e9gi szolg\u00e1lat szellemis\u00e9g\u00e9nek megfelel\u0151en c\u00e9lunk egyr\u00e9szt az iskola k\u00f6rnyezet\u00e9vel szoros kapcsolatban lev\u0151 ker\u00fcleti szoci\u00e1lis, kultur\u00e1lis, term\u00e9szetv\u00e9delmi \u00e9s sportszervezetekkel t\u00f6rt\u00e9n\u0151 egy\u00fcttm\u0171k\u00f6d\u00e9s, m\u00e1sr\u00e9szt az iskola mindennapi \u00e9let\u00e9hez kapcsol\u00f3d\u00f3 k\u00f6z\u00f6ss\u00e9gi programok, tev\u00e9kenys\u00e9gek biztos\u00edt\u00e1sa.<\/p>\n<p>&nbsp;<\/p>\n<p>Annak \u00e9rdek\u00e9ben, hogy a tanul\u00f3k lehet\u0151 legt\u00f6bb kompetenci\u00e1ja fejl\u0151dj\u00f6n, az 50 \u00f3ra teljes\u00edt\u00e9s\u00e9t 25 \u00f3ra iskolai \u00e9s 25 \u00f3ra k\u00fcls\u0151 szervezetn\u00e9l t\u00f6rt\u00e9n\u0151 teljes\u00edt\u00e9s ar\u00e1ny\u00e1ban javasoljuk.<\/p>\n<p>(A di\u00e1k iskolai (pl.: D\u00d6K) vagy olyan k\u00fcls\u0151 szervezetn\u00e9l, amelynek tagja, csak r\u00e9szben v\u00e9gezheti az IKSZ-et. Az ilyen jelleg\u0171, egy\u00e9bk\u00e9nt is v\u00e9gzett feladat (pl. di\u00e1k\u00f6nkorm\u00e1nyzati, sportegyes\u00fcleti, \u00e9nekkari vagy b\u00e1rmely m\u00e1s szervezetet \u00e9rint\u0151) \u00f6nmag\u00e1ban m\u00e9g nem min\u0151s\u00fcl k\u00f6z\u00f6ss\u00e9gi szolg\u00e1latnak. Ha a tev\u00e9kenys\u00e9g kieg\u00e9sz\u00fcl akt\u00edv, egy\u00e9ni, az iskolai k\u00f6z\u00f6ss\u00e9gi szolg\u00e1lat jogszab\u00e1lyban eml\u00edtett ter\u00fcletein ell\u00e1tand\u00f3 t\u00f6bbletfeladattal, az iskola \u00e1ltal elfogadott ar\u00e1nyban sz\u00e1molhat\u00f3 el az el\u0151\u00edrt 50 \u00f3ra r\u00e9szek\u00e9nt.)<\/p>\n<p>&nbsp;<\/p>\n<p>A k\u00f6z\u00f6ss\u00e9gi szolg\u00e1latot olyan szervezetn\u00e9l lehet teljes\u00edteni, melyekkel iskol\u00e1nk egy\u00fcttm\u0171k\u00f6d\u00e9si meg\u00e1llapod\u00e1st k\u00f6t\u00f6tt. A szervezetek \u00e1ltal ny\u00fajtott lehet\u0151s\u00e9gek k\u00e9tf\u00e9l\u00e9k: napi, heti gyakoris\u00e1ggal v\u00e9gezhet\u0151 tev\u00e9kenys\u00e9g \u00e9s alkalmilag, bizonyos rendezv\u00e9nyekhez, t\u00e1mogat\u00f3 programokhoz k\u00f6t\u0151d\u0151en v\u00e9gezhet\u0151 tev\u00e9kenys\u00e9g. A partneri h\u00e1l\u00f3zat b\u0151v\u00edt\u00e9s\u00e9re lehet\u0151s\u00e9g van, de csak akkor, ha megfelel a szervezet az iskolai k\u00f6z\u00f6ss\u00e9gi szolg\u00e1lat c\u00e9lrendszer\u00e9nek.<\/p>\n<p>&nbsp;<\/p>\n<p>A k\u00f6z\u00f6ss\u00e9gi szolg\u00e1lattal kapcsolatos fogad\u00f3 \u00f3ra:<\/p>\n<ul>\n<li>szerda 9.00-10.00 el\u0151zetes jelentkez\u00e9s alapj\u00e1n, illetve telefonon<\/li>\n<li>tanul\u00f3knak keddt\u0151l p\u00e9ntekig \u00fcgyeleti \u00f3r\u00e1kban<\/li>\n<\/ul>\n<div><\/div>\n<p>T\u00f3th Kinga<\/p>\n<p>int\u00e9zm\u00e9nyvezet\u0151-helyettes<\/p>\n","protected":false},"excerpt":{"rendered":"<p>Iskolai K\u00f6z\u00f6ss\u00e9gi Szolg\u00e1lat \u00a0 Az \u00e9retts\u00e9gi megkezd\u00e9s\u00e9hez sz\u00fcks\u00e9ges, a tanul\u00f3 helyi k\u00f6z\u00f6ss\u00e9g\u00e9nek jav\u00e1t szolg\u00e1l\u00f3 iskolai k\u00f6z\u00f6ss\u00e9gi szolg\u00e1latot iskol\u00e1nk Pedag\u00f3giai Programja szerint a 9-11. \u00e9vfolyamon szervezz\u00fck meg. &nbsp; A k\u00f6z\u00f6ss\u00e9gi szolg\u00e1lat keretei k\u00f6z\u00f6tt a k\u00f6vetkez\u0151 ter\u00fcleteken folytathat\u00f3 tev\u00e9kenys\u00e9g: a) az eg\u00e9szs\u00e9g\u00fcgyi, b) a szoci\u00e1lis \u00e9s j\u00f3t\u00e9konys\u00e1gi, c) az oktat\u00e1si, d) a kultur\u00e1lis \u00e9s k\u00f6z\u00f6ss\u00e9gi, e) a [&hellip;]<\/p>\n","protected":false},"author":1,"featured_media":0,"parent":0,"menu_order":0,"comment_status":"closed","ping_status":"closed","template":"","meta":[],"_links":{"self":[{"href":"https:\/\/aranyj.hu\/index.php?rest_route=\/wp\/v2\/pages\/608"}],"collection":[{"href":"https:\/\/aranyj.hu\/index.php?rest_route=\/wp\/v2\/pages"}],"about":[{"href":"https:\/\/aranyj.hu\/index.php?rest_route=\/wp\/v2\/types\/page"}],"author":[{"embeddable":true,"href":"https:\/\/aranyj.hu\/index.php?rest_route=\/wp\/v2\/users\/1"}],"replies":[{"embeddable":true,"href":"https:\/\/aranyj.hu\/index.php?rest_route=%2Fwp%2Fv2%2Fcomments&post=608"}],"version-history":[{"count":13,"href":"https:\/\/aranyj.hu\/index.php?rest_route=\/wp\/v2\/pages\/608\/revisions"}],"predecessor-version":[{"id":8418,"href":"https:\/\/aranyj.hu\/index.php?rest_route=\/wp\/v2\/pages\/608\/revisions\/8418"}],"wp:attachment":[{"href":"https:\/\/aranyj.hu\/index.php?rest_route=%2Fwp%2Fv2%2Fmedia&parent=608"}],"curies":[{"name":"wp","href":"https:\/\/api.w.org\/{rel}","templated":true}]}}