{"id":605,"date":"2015-12-27T13:22:21","date_gmt":"2015-12-27T12:22:21","guid":{"rendered":"http:\/\/aranyj.hu\/?page_id=605"},"modified":"2025-09-01T09:56:41","modified_gmt":"2025-09-01T07:56:41","slug":"fogado-intezmenyek","status":"publish","type":"page","link":"https:\/\/aranyj.hu\/?page_id=605","title":{"rendered":"Fogad\u00f3 Int\u00e9zm\u00e9nyek"},"content":{"rendered":"<p><a href=\"http:\/\/aranyj.hu\/wp-content\/uploads\/2025\/09\/IKSZ-lista-2025-szept.pdf\"><strong>Partnerek list\u00e1ja<\/strong><\/a><\/p>\n","protected":false},"excerpt":{"rendered":"<p>Partnerek list\u00e1ja<\/p>\n","protected":false},"author":1,"featured_media":0,"parent":0,"menu_order":0,"comment_status":"closed","ping_status":"closed","template":"","meta":[],"_links":{"self":[{"href":"https:\/\/aranyj.hu\/index.php?rest_route=\/wp\/v2\/pages\/605"}],"collection":[{"href":"https:\/\/aranyj.hu\/index.php?rest_route=\/wp\/v2\/pages"}],"about":[{"href":"https:\/\/aranyj.hu\/index.php?rest_route=\/wp\/v2\/types\/page"}],"author":[{"embeddable":true,"href":"https:\/\/aranyj.hu\/index.php?rest_route=\/wp\/v2\/users\/1"}],"replies":[{"embeddable":true,"href":"https:\/\/aranyj.hu\/index.php?rest_route=%2Fwp%2Fv2%2Fcomments&post=605"}],"version-history":[{"count":11,"href":"https:\/\/aranyj.hu\/index.php?rest_route=\/wp\/v2\/pages\/605\/revisions"}],"predecessor-version":[{"id":9761,"href":"https:\/\/aranyj.hu\/index.php?rest_route=\/wp\/v2\/pages\/605\/revisions\/9761"}],"wp:attachment":[{"href":"https:\/\/aranyj.hu\/index.php?rest_route=%2Fwp%2Fv2%2Fmedia&parent=605"}],"curies":[{"name":"wp","href":"https:\/\/api.w.org\/{rel}","templated":true}]}}