{"id":602,"date":"2015-12-27T13:20:32","date_gmt":"2015-12-27T12:20:32","guid":{"rendered":"http:\/\/aranyj.hu\/?page_id=602"},"modified":"2020-06-26T10:23:35","modified_gmt":"2020-06-26T09:23:35","slug":"tanuloparok","status":"publish","type":"page","link":"https:\/\/aranyj.hu\/?page_id=602","title":{"rendered":"Tanul\u00f3p\u00e1rok"},"content":{"rendered":"<p>Kedves Sz\u00fcl\u0151k!<br \/>\nA tanul\u00f3knak 50 \u00f3ra k\u00f6z\u00f6ss\u00e9gi szolg\u00e1lat sz\u00fcks\u00e9ges az \u00e9retts\u00e9gi bizony\u00edtv\u00e1ny megszerz\u00e9s\u00e9hez.<\/p>\n<p>Kialak\u00edtottuk a tanul\u00f3p\u00e1rok rendszer\u00e9t is, ami j\u00f3l m\u0171k\u00f6dik. A sz\u00fcl\u0151k, szaktan\u00e1rok \u00e9s az oszt\u00e1lyf\u0151n\u00f6k\u00f6k beleegyez\u00e9s\u00e9vel okos, tehets\u00e9ges, eredm\u00e9nyes tanul\u00f3ink jelentkezhetnek korrepet\u00e1l\u00f3 tev\u00e9kenys\u00e9gre, s seg\u00edthetnek a gyeng\u00e9bben teljes\u00edt\u0151 t\u00e1rsaiknak bizonyos tant\u00e1rgyakb\u00f3l heti rendszeress\u00e9ggel.<\/p>\n<p>K\u00e9rem a sz\u00fcl\u0151ket, hogy jelezz\u00e9k az oszt\u00e1lyf\u0151n\u00f6knek, ha gyermek\u00fck seg\u00edts\u00e9gre szorul bizonyos tant\u00e1rgyb\u00f3l!<\/p>\n<p>A lehet\u0151s\u00e9gekhez m\u00e9rten pr\u00f3b\u00e1ljuk kialak\u00edtani a tanul\u00f3p\u00e1rokat, akik munk\u00e1j\u00e1t adminisztr\u00e1ljuk \u00e9s figyelj\u00fck term\u00e9szetesen.<br \/>\nA seg\u00edt\u0151 di\u00e1kok felel\u0151ss\u00e9gv\u00e1llal\u00e1sa, seg\u00edt\u0151k\u00e9szs\u00e9ge, kommunik\u00e1ci\u00f3s k\u00e9pess\u00e9ge, partnerkapcsolata javul ez\u00e1ltal, m\u00edg a seg\u00edts\u00e9gre szorul\u00f3 di\u00e1kok id\u0151nk\u00e9nt jobban elfogadj\u00e1k a hallottakat t\u00e1rsaikt\u00f3l.<\/p>\n<p>K\u00f6sz\u00f6n\u00f6m a meg\u00e9rt\u00e9s\u00fcket!<\/p>\n<p>&nbsp;<\/p>\n<p style=\"text-align: center;\"><strong>K\u00f6z\u00f6ss\u00e9gi szolg\u00e1lat<\/strong><\/p>\n<p style=\"text-align: center;\"><strong>\u00a0<\/strong><\/p>\n<p style=\"text-align: center;\"><strong>Sashegyi Arany J\u00e1nos \u00c1ltal\u00e1nos Iskola \u00e9s Gimn\u00e1zium<\/strong><\/p>\n<p><span style=\"text-decoration: underline;\"><strong>Tanul\u00f3p\u00e1rok<\/strong><\/span><\/p>\n<p>&nbsp;<\/p>\n<p>&nbsp;<\/p>\n<p>&nbsp;<\/p>\n<p>&nbsp;<\/p>\n<p>&nbsp;<\/p>\n","protected":false},"excerpt":{"rendered":"<p>Kedves Sz\u00fcl\u0151k! A tanul\u00f3knak 50 \u00f3ra k\u00f6z\u00f6ss\u00e9gi szolg\u00e1lat sz\u00fcks\u00e9ges az \u00e9retts\u00e9gi bizony\u00edtv\u00e1ny megszerz\u00e9s\u00e9hez. Kialak\u00edtottuk a tanul\u00f3p\u00e1rok rendszer\u00e9t is, ami j\u00f3l m\u0171k\u00f6dik. A sz\u00fcl\u0151k, szaktan\u00e1rok \u00e9s az oszt\u00e1lyf\u0151n\u00f6k\u00f6k beleegyez\u00e9s\u00e9vel okos, tehets\u00e9ges, eredm\u00e9nyes tanul\u00f3ink jelentkezhetnek korrepet\u00e1l\u00f3 tev\u00e9kenys\u00e9gre, s seg\u00edthetnek a gyeng\u00e9bben teljes\u00edt\u0151 t\u00e1rsaiknak bizonyos tant\u00e1rgyakb\u00f3l heti rendszeress\u00e9ggel. K\u00e9rem a sz\u00fcl\u0151ket, hogy jelezz\u00e9k az oszt\u00e1lyf\u0151n\u00f6knek, ha gyermek\u00fck seg\u00edts\u00e9gre [&hellip;]<\/p>\n","protected":false},"author":1,"featured_media":0,"parent":0,"menu_order":0,"comment_status":"closed","ping_status":"closed","template":"","meta":[],"_links":{"self":[{"href":"https:\/\/aranyj.hu\/index.php?rest_route=\/wp\/v2\/pages\/602"}],"collection":[{"href":"https:\/\/aranyj.hu\/index.php?rest_route=\/wp\/v2\/pages"}],"about":[{"href":"https:\/\/aranyj.hu\/index.php?rest_route=\/wp\/v2\/types\/page"}],"author":[{"embeddable":true,"href":"https:\/\/aranyj.hu\/index.php?rest_route=\/wp\/v2\/users\/1"}],"replies":[{"embeddable":true,"href":"https:\/\/aranyj.hu\/index.php?rest_route=%2Fwp%2Fv2%2Fcomments&post=602"}],"version-history":[{"count":4,"href":"https:\/\/aranyj.hu\/index.php?rest_route=\/wp\/v2\/pages\/602\/revisions"}],"predecessor-version":[{"id":6286,"href":"https:\/\/aranyj.hu\/index.php?rest_route=\/wp\/v2\/pages\/602\/revisions\/6286"}],"wp:attachment":[{"href":"https:\/\/aranyj.hu\/index.php?rest_route=%2Fwp%2Fv2%2Fmedia&parent=602"}],"curies":[{"name":"wp","href":"https:\/\/api.w.org\/{rel}","templated":true}]}}