{"id":5993,"date":"2020-03-09T11:47:57","date_gmt":"2020-03-09T10:47:57","guid":{"rendered":"http:\/\/aranyj.hu\/?page_id=5993"},"modified":"2020-12-16T13:18:24","modified_gmt":"2020-12-16T12:18:24","slug":"tehetsegmuhely-a-sashegy-tetejen","status":"publish","type":"page","link":"https:\/\/aranyj.hu\/?page_id=5993","title":{"rendered":"Tehets\u00e9gm\u0171hely a Sashegy tetej\u00e9n"},"content":{"rendered":"<p><img decoding=\"async\" loading=\"lazy\" class=\"alignleft wp-image-6717 \" src=\"http:\/\/aranyj.hu\/wp-content\/uploads\/2020\/12\/128261706_204776451190132_2708195072455119795_n-298x300.jpg\" alt=\"\" width=\"224\" height=\"226\" srcset=\"https:\/\/aranyj.hu\/wp-content\/uploads\/2020\/12\/128261706_204776451190132_2708195072455119795_n-298x300.jpg 298w, https:\/\/aranyj.hu\/wp-content\/uploads\/2020\/12\/128261706_204776451190132_2708195072455119795_n-150x150.jpg 150w, https:\/\/aranyj.hu\/wp-content\/uploads\/2020\/12\/128261706_204776451190132_2708195072455119795_n.jpg 371w\" sizes=\"(max-width: 224px) 100vw, 224px\" \/><\/p>\n<p>Az EMMI Nemzeti Tehets\u00e9gprogram keret\u00e9ben meghirdetett<\/p>\n<p>\u201eA matematikai, term\u00e9szettudom\u00e1nyos \u00e9s digit\u00e1lis kompetenci\u00e1k er\u0151s\u00edt\u00e9s\u00e9t szolg\u00e1l\u00f3 tehets\u00e9g\u00e9p\u00edt\u0151\u201d p\u00e1ly\u00e1zat\u00e1n vett r\u00e9szt iskol\u00e1nk h\u00e9t pedag\u00f3gusa. A \u201eTehets\u00e9gm\u0171hely a Sashegy tetej\u00e9n\u201d c\u00edm\u0171 p\u00e1ly\u00e1zatra kapott 1 370 000 Ft-ot t\u00e1rgyi eszk\u00f6z\u00f6kre (pl. logikai \u00e9s konstrukci\u00f3s j\u00e1t\u00e9kok, 3D nyomtat\u00f3, micro:bitek, k\u00eds\u00e9rleti vegyszerek) \u00e9s programokra (tehets\u00e9g t\u00e1bor, Tudom\u00e1nyok napja, tudom\u00e1nyos j\u00e1tsz\u00f3h\u00e1z l\u00e1togat\u00e1s) ford\u00edtottuk.<\/p>\n<p>A p\u00e1ly\u00e1zat sor\u00e1n megval\u00f3s\u00edtott programokat bemutat\u00f3 vide\u00f3 ezen a <a href=\"https:\/\/drive.google.com\/file\/d\/1SGHtQOjYXDcXu_o_FTRm0llZYpRb4o3v\/view?fbclid=IwAR0MBl68BafV-GWKFC9jwBpWzbF7nsb4-5Y41CsvZEYwNfgDAUBP03h5mAM\"><strong><em><u>link<\/u><\/em><\/strong><\/a>en, k\u00e9pei pedig <a href=\"http:\/\/aranyj.hu\/?page_id=6638\"><strong><em><u>itt<\/u><\/em><\/strong><\/a> tekinthet\u0151k meg.<\/p>\n<p><img decoding=\"async\" loading=\"lazy\" class=\"alignright wp-image-6701 size-medium\" src=\"http:\/\/aranyj.hu\/wp-content\/uploads\/2020\/11\/124781377_366289111314661_2029840852177286509_n-300x169.png\" alt=\"\" width=\"300\" height=\"169\" srcset=\"https:\/\/aranyj.hu\/wp-content\/uploads\/2020\/11\/124781377_366289111314661_2029840852177286509_n-300x169.png 300w, https:\/\/aranyj.hu\/wp-content\/uploads\/2020\/11\/124781377_366289111314661_2029840852177286509_n-150x84.png 150w, https:\/\/aranyj.hu\/wp-content\/uploads\/2020\/11\/124781377_366289111314661_2029840852177286509_n.png 1004w\" sizes=\"(max-width: 300px) 100vw, 300px\" \/><\/p>\n<p>&nbsp;<\/p>\n<p>&nbsp;<\/p>\n<p>A Tudom\u00e1nyok napja program el\u0151ad\u00e1sai r\u00e9szletesebben az al\u00e1bbi linken \u00e9rhet\u0151k el:<\/p>\n<p><a href=\"https:\/\/drive.google.com\/file\/d\/1uvG2Nuhp1H5L4c56oRzuEmSuwGsMpqqj\/view?usp=sharing\">Marton Tam\u00e1s: Transzszib\u00e9riai vas\u00fat\u00a0<\/a><\/p>\n<p><a href=\"https:\/\/drive.google.com\/file\/d\/1FOPv3WkBIUNfulmccepsgk78Yf70n0mL\/view?usp=sharing\">12.a: Leonardo da Vinci<\/a><\/p>\n<p>Juh\u00e1sz Andrea \u00e9s Hegyi L\u00e1szl\u00f3: <a href=\"https:\/\/drive.google.com\/file\/d\/1zRZ2eFxyvzccsjWQeX6cvyHN2oRaveJR\/view?fbclid=IwAR0lky_0rWACx4pXuxBrEb6fzkdRsnATuN56Yof8aL45zIcKA20pNF3H9-U\">K\u00e9miai k\u00eds\u00e9rletek az \u00d6veges laborban<\/a><\/p>\n<p>A 2019-es Tudom\u00e1nyok \u00c9jszak\u00e1ja program r\u00e9szletesebben<a href=\"https:\/\/photos.app.goo.gl\/QZC8nkHLfZUyabC46\"> itt tekinthet\u0151 meg<\/a><\/p>\n<p>&nbsp;<\/p>\n<p>&nbsp;<\/p>\n<p>&nbsp;<\/p>\n<p>&nbsp;<\/p>\n<p><img decoding=\"async\" loading=\"lazy\" class=\"alignnone wp-image-5996\" src=\"http:\/\/aranyj.hu\/wp-content\/uploads\/2020\/03\/plakat-2-1024x724.jpg\" alt=\"\" width=\"694\" height=\"491\" srcset=\"https:\/\/aranyj.hu\/wp-content\/uploads\/2020\/03\/plakat-2-1024x724.jpg 1024w, https:\/\/aranyj.hu\/wp-content\/uploads\/2020\/03\/plakat-2-300x212.jpg 300w, https:\/\/aranyj.hu\/wp-content\/uploads\/2020\/03\/plakat-2-150x106.jpg 150w, https:\/\/aranyj.hu\/wp-content\/uploads\/2020\/03\/plakat-2-1536x1086.jpg 1536w, https:\/\/aranyj.hu\/wp-content\/uploads\/2020\/03\/plakat-2-2048x1448.jpg 2048w\" sizes=\"(max-width: 694px) 100vw, 694px\" \/><\/p>\n","protected":false},"excerpt":{"rendered":"<p>Az EMMI Nemzeti Tehets\u00e9gprogram keret\u00e9ben meghirdetett \u201eA matematikai, term\u00e9szettudom\u00e1nyos \u00e9s digit\u00e1lis kompetenci\u00e1k er\u0151s\u00edt\u00e9s\u00e9t szolg\u00e1l\u00f3 tehets\u00e9g\u00e9p\u00edt\u0151\u201d p\u00e1ly\u00e1zat\u00e1n vett r\u00e9szt iskol\u00e1nk h\u00e9t pedag\u00f3gusa. A \u201eTehets\u00e9gm\u0171hely a Sashegy tetej\u00e9n\u201d c\u00edm\u0171 p\u00e1ly\u00e1zatra kapott 1 370 000 Ft-ot t\u00e1rgyi eszk\u00f6z\u00f6kre (pl. logikai \u00e9s konstrukci\u00f3s j\u00e1t\u00e9kok, 3D nyomtat\u00f3, micro:bitek, k\u00eds\u00e9rleti vegyszerek) \u00e9s programokra (tehets\u00e9g t\u00e1bor, Tudom\u00e1nyok napja, tudom\u00e1nyos j\u00e1tsz\u00f3h\u00e1z l\u00e1togat\u00e1s) ford\u00edtottuk. [&hellip;]<\/p>\n","protected":false},"author":1,"featured_media":0,"parent":0,"menu_order":0,"comment_status":"closed","ping_status":"closed","template":"","meta":[],"_links":{"self":[{"href":"https:\/\/aranyj.hu\/index.php?rest_route=\/wp\/v2\/pages\/5993"}],"collection":[{"href":"https:\/\/aranyj.hu\/index.php?rest_route=\/wp\/v2\/pages"}],"about":[{"href":"https:\/\/aranyj.hu\/index.php?rest_route=\/wp\/v2\/types\/page"}],"author":[{"embeddable":true,"href":"https:\/\/aranyj.hu\/index.php?rest_route=\/wp\/v2\/users\/1"}],"replies":[{"embeddable":true,"href":"https:\/\/aranyj.hu\/index.php?rest_route=%2Fwp%2Fv2%2Fcomments&post=5993"}],"version-history":[{"count":9,"href":"https:\/\/aranyj.hu\/index.php?rest_route=\/wp\/v2\/pages\/5993\/revisions"}],"predecessor-version":[{"id":6754,"href":"https:\/\/aranyj.hu\/index.php?rest_route=\/wp\/v2\/pages\/5993\/revisions\/6754"}],"wp:attachment":[{"href":"https:\/\/aranyj.hu\/index.php?rest_route=%2Fwp%2Fv2%2Fmedia&parent=5993"}],"curies":[{"name":"wp","href":"https:\/\/api.w.org\/{rel}","templated":true}]}}