{"id":583,"date":"2015-12-27T12:34:07","date_gmt":"2015-12-27T11:34:07","guid":{"rendered":"http:\/\/aranyj.hu\/?page_id=583"},"modified":"2026-02-10T10:35:37","modified_gmt":"2026-02-10T09:35:37","slug":"szuloi-munkakozosseg","status":"publish","type":"page","link":"https:\/\/aranyj.hu\/?page_id=583","title":{"rendered":"Sz\u00fcl\u0151i munkak\u00f6z\u00f6ss\u00e9g"},"content":{"rendered":"<h4 style=\"text-align: center;\"><strong>A\u00a0Sashegyi\u00a0Arany\u00a0J\u00e1nos\u00a0\u00c1ltal\u00e1nos\u00a0Iskola\u00a0\u00e9s\u00a0Gimn\u00e1zium<\/strong><\/h4>\n<h4 style=\"text-align: center;\"><strong>2025\/2026-os tan\u00e9vre megv\u00e1lasztott SZMK k\u00e9pvisel\u0151i<\/strong><\/h4>\n<p>&nbsp;<\/p>\n<table width=\"618\">\n<tbody>\n<tr>\n<td width=\"86\">Oszt\u00e1ly<\/td>\n<td width=\"266\">K\u00e9pvisel\u0151\u00a0neve<\/td>\n<td width=\"266\">e-mail\u00a0c\u00edme<\/td>\n<\/tr>\n<tr>\n<td>1.a<\/td>\n<td width=\"266\">Talabos Anik\u00f3<\/td>\n<td width=\"266\">aniko.talabos@gmail.com<\/td>\n<\/tr>\n<tr>\n<td>1.a<\/td>\n<td width=\"266\">Kov\u00e1cs D\u00f3ra<\/td>\n<td width=\"266\">a.kovacsdori@gmail.com<\/td>\n<\/tr>\n<tr>\n<td>1.b<\/td>\n<td width=\"266\">Horv\u00e1th Viktor<\/td>\n<td width=\"266\">horvath.design@gmail.com<\/td>\n<\/tr>\n<tr>\n<td>1.b<\/td>\n<td width=\"266\">Portilla-Nagy Krisztina<\/td>\n<td width=\"266\">knagykrisztina84@gmail.com<\/td>\n<\/tr>\n<tr>\n<td width=\"86\">2.a<\/td>\n<td width=\"266\">Kozma Andrea<\/td>\n<td>kozmaandi@gmail.com<\/td>\n<\/tr>\n<tr>\n<td width=\"86\">2.a<\/td>\n<td>G\u00e9g\u00e9ny Andrea<\/td>\n<td>andrea.gegeny@gmail.com<\/td>\n<\/tr>\n<tr>\n<td width=\"86\">2.b<\/td>\n<td width=\"266\">Patai Nikolett<\/td>\n<td>nikolettpatai@gmail.com<\/td>\n<\/tr>\n<tr>\n<td width=\"86\">2.b<\/td>\n<td width=\"266\">Cseh Zsuzsanna<\/td>\n<td>zsuzsi.cseh@gmail.com<\/td>\n<\/tr>\n<tr>\n<td width=\"86\">3.a<\/td>\n<td>dr. Berecz Judit<\/td>\n<td>jberecz.ep@gmail.com<\/td>\n<\/tr>\n<tr>\n<td width=\"86\">3.a<\/td>\n<td>B\u00f3ka-Vajk Orsolya<\/td>\n<td>orsolya.vajk@gmail.com<\/td>\n<\/tr>\n<tr>\n<td width=\"86\">3.b<\/td>\n<td>Tartott Katalin<\/td>\n<td>tartottkata@gmail.com<\/td>\n<\/tr>\n<tr>\n<td width=\"86\">3.b<\/td>\n<td>T\u00f3th-Sz\u00f6ll\u0151s Zita<\/td>\n<td>zitatsz@yahoo.com<\/td>\n<\/tr>\n<tr>\n<td>4.a<\/td>\n<td>Hudomel Zs\u00f3fia<\/td>\n<td>zsofiahudomel@gmail.com<\/td>\n<\/tr>\n<tr>\n<td>4.a<\/td>\n<td>Szanati D\u00f3ra<\/td>\n<td>szanatidora@hotmail.com<\/td>\n<\/tr>\n<tr>\n<td width=\"86\">4.b<\/td>\n<td>Olijn\u00e9k Zsanett<\/td>\n<td>olijnekzsanett1993@gmail.com<\/td>\n<\/tr>\n<tr>\n<td width=\"86\">4.b<\/td>\n<td>Szieberth D\u00e9nes<\/td>\n<td>dinogep@gmail.com<\/td>\n<\/tr>\n<tr>\n<td width=\"86\">5.a<\/td>\n<td>Horv\u00e1th Zs\u00f3fia<\/td>\n<td>hthzsofia@gmail.com<\/td>\n<\/tr>\n<tr>\n<td width=\"86\">5.a<\/td>\n<td>Cs\u00e1ti Andrea<\/td>\n<td>andrea.csati@gmail.com<\/td>\n<\/tr>\n<tr>\n<td width=\"86\">5.b<\/td>\n<td>Kir\u00e1ly-Salg\u00f3 Borb\u00e1la<\/td>\n<td>salgoborbala@gmail.com<\/td>\n<\/tr>\n<tr>\n<td width=\"86\">5.b<\/td>\n<td>R\u00e1kos Szilvia<\/td>\n<td>szilviahont@gmail.com<\/td>\n<\/tr>\n<tr>\n<td width=\"86\">6.a<\/td>\n<td>Bal\u00e1zs Eszter<\/td>\n<td>alinka.eszter.balazs@gmail.com<\/td>\n<\/tr>\n<tr>\n<td width=\"86\">6.a<\/td>\n<td>Entz-Viszlai Szandra<\/td>\n<td>szandra.viszlai@gmail.com<\/td>\n<\/tr>\n<tr>\n<td width=\"86\">6.b<\/td>\n<td>V\u00e9gv\u00e1ri Zs\u00f3fia<\/td>\n<td>vegvari.zsofia@gmail.com<\/td>\n<\/tr>\n<tr>\n<td width=\"86\">6.b<\/td>\n<td width=\"266\">Nagy Enik\u0151<\/td>\n<td width=\"266\">eni.nagy@gmail.com<\/td>\n<\/tr>\n<tr>\n<td width=\"86\">7.a<\/td>\n<td width=\"266\">Husz\u00e1r Edit<\/td>\n<td width=\"266\">edithuszarprivat@gmail.com<\/td>\n<\/tr>\n<tr>\n<td width=\"86\">7.a<\/td>\n<td width=\"266\">Szab\u00f3 \u00c9va<\/td>\n<td>szaboevi.paty@gmail.com<\/td>\n<\/tr>\n<tr>\n<td width=\"86\">7.b<\/td>\n<td width=\"266\">Dr. Szieberth D\u00e9nes<\/td>\n<td width=\"266\">dinogep@gmail.com<\/td>\n<\/tr>\n<tr>\n<td width=\"86\">7.b<\/td>\n<td width=\"266\">Dr. Boskovitz Be\u00e1ta<\/td>\n<td width=\"266\">dr.beata.boskovitz@gmail.com<\/td>\n<\/tr>\n<tr>\n<td width=\"86\">8.a<\/td>\n<td width=\"266\">Hudomel Zs\u00f3fia<\/td>\n<td width=\"266\">zsofiahudomel@gmail.com<\/td>\n<\/tr>\n<tr>\n<td width=\"86\">8.a<\/td>\n<td width=\"266\">Kapit\u00e1ny Andrea<\/td>\n<td width=\"266\">andrea.nacsa@gmail.com<\/td>\n<\/tr>\n<tr>\n<td width=\"86\">8.b<\/td>\n<td width=\"266\">Kurucz Veronika<\/td>\n<td width=\"266\">kurucz.veru@gmail.com<\/td>\n<\/tr>\n<tr>\n<td width=\"86\">8.b<\/td>\n<td width=\"266\">Ber\u00e9nyi Adrienn<\/td>\n<td width=\"266\">berenyiadi@gmail.com<\/td>\n<\/tr>\n<tr>\n<td width=\"86\"><\/td>\n<td width=\"266\"><\/td>\n<td><u>\u00a0<\/u><\/td>\n<\/tr>\n<tr>\n<td width=\"86\">Oszt\u00e1ly<\/td>\n<td width=\"266\">K\u00e9pvisel\u0151\u00a0neve<\/td>\n<td width=\"266\">e-mail\u00a0c\u00edme<\/td>\n<\/tr>\n<tr>\n<td>9.a<\/td>\n<td>Bereczki Krisztina<\/td>\n<td>krisztadalma@gmail.com<\/td>\n<\/tr>\n<tr>\n<td>9.b<\/td>\n<td>Vasasn\u00e9 Vukovics Anita<\/td>\n<td>vukovics.anita@gmail.com<\/td>\n<\/tr>\n<tr>\n<td>9.b<\/td>\n<td>Pord\u00e1n Anett<\/td>\n<td>anett.pordan@mani.hu<\/td>\n<\/tr>\n<tr>\n<td>9.ny<\/td>\n<td>Pusk\u00e1s Anita<\/td>\n<td>drpuskasanita@gmail.com<\/td>\n<\/tr>\n<tr>\n<td>9.ny<\/td>\n<td width=\"266\">Vereb\u00e9lyi D\u00f3ra<\/td>\n<td>d.verebelyi@icloud.com<\/td>\n<\/tr>\n<tr>\n<td width=\"86\">9.c<\/td>\n<td width=\"266\">Moln\u00e1r Gy\u00f6ngyi<\/td>\n<td>gyongyi.molnar@gmx.ch<\/td>\n<\/tr>\n<tr>\n<td width=\"86\">9.c<\/td>\n<td>Karsa Veronika<\/td>\n<td>veronika.karsa@yahoo.com<\/td>\n<\/tr>\n<tr>\n<td width=\"86\">10.a<\/td>\n<td width=\"266\">Boros L\u00eddia Vanda<\/td>\n<td>boros.lidia@gmail.com<\/td>\n<\/tr>\n<tr>\n<td width=\"86\">10.a<\/td>\n<td width=\"266\">Falus Krisztina<\/td>\n<td>vidane.krisztina@gmail.com<\/td>\n<\/tr>\n<tr>\n<td width=\"86\">10.b<\/td>\n<td width=\"266\">Tibenszky M\u00f3nika Al\u00edz<\/td>\n<td width=\"266\">monilisa@felelosszulokiskolaja.hu<\/td>\n<\/tr>\n<tr>\n<td width=\"86\">10.b<\/td>\n<td width=\"266\">R\u00f3zsa Andr\u00e1s<\/td>\n<td>rozsa.andras@gmail.com<\/td>\n<\/tr>\n<tr>\n<td width=\"86\">10.c<\/td>\n<td>Ligeti Vikt\u00f3ria<\/td>\n<td>ligetiviktoria.lv@gmail.com<\/td>\n<\/tr>\n<tr>\n<td width=\"86\">10.c<\/td>\n<td>Budai Zolt\u00e1n<\/td>\n<td>budaizoltan71@gmail.com<\/td>\n<\/tr>\n<tr>\n<td width=\"86\">11.a<\/td>\n<td>Czibula Mariann<\/td>\n<td>czibula.mariann@gmail.com<\/td>\n<\/tr>\n<tr>\n<td width=\"86\">11.a<\/td>\n<td>M\u00e1lnain\u00e9 Lad\u00e1nyi Vikt\u00f3ria<\/td>\n<td>m.ladanyi.viki@gmail.com<\/td>\n<\/tr>\n<tr>\n<td width=\"86\">11.b<\/td>\n<td width=\"266\">Horv\u00e1th-Kakassy R\u00e9ka<\/td>\n<td>horvathk.reka@gmail.com<\/td>\n<\/tr>\n<tr>\n<td width=\"86\">11.b<\/td>\n<td>Dr. Lass\u00e1nyi G\u00e1bor<\/td>\n<td>lassanyi.g@gmail.com<\/td>\n<\/tr>\n<tr>\n<td width=\"86\">11.c<\/td>\n<td>Vasasn\u00e9 Vukovics Anita<\/td>\n<td>vasascsalad@icloud.com<\/td>\n<\/tr>\n<tr>\n<td width=\"86\">11.c<\/td>\n<td>Prokopy M\u00f3nika<\/td>\n<td>monika.prokopy@gmail.com<\/td>\n<\/tr>\n<tr>\n<td width=\"86\">12.a<\/td>\n<td>Kup\u00e1s-De\u00e1k B\u00edborka<\/td>\n<td>biborka1@t-online.hu<\/td>\n<\/tr>\n<tr>\n<td width=\"86\">12.a<\/td>\n<td>Megyerin\u00e9 Georgiadesz Andrea<\/td>\n<td>geora1234@gmail.com<\/td>\n<\/tr>\n<tr>\n<td width=\"86\">12.b<\/td>\n<td>Sz\u00e9cs\u00e9nyin\u00e9 Gr\u00e1f Judit<\/td>\n<td>graf.judit12@gmail.com<\/td>\n<\/tr>\n<tr>\n<td>12.b<\/td>\n<td>Rem\u00e9nyikn\u00e9 Demeter Anik\u00f3<\/td>\n<td>dalilazsofi@gmail.com<\/td>\n<\/tr>\n<tr>\n<td width=\"86\">12.c<\/td>\n<td width=\"266\">Csefk\u00f3n\u00e9 V\u00e9gh M\u00f3nika<\/td>\n<td width=\"266\">csvmonika@freemail.hu<\/td>\n<\/tr>\n<tr>\n<td width=\"86\">12.c<\/td>\n<td>Pusztaszerin\u00e9 Elek Hajnalka<\/td>\n<td>pusztaszerine@biatv.hu<\/td>\n<\/tr>\n<\/tbody>\n<\/table>\n<p>&nbsp;<\/p>\n","protected":false},"excerpt":{"rendered":"<p>A\u00a0Sashegyi\u00a0Arany\u00a0J\u00e1nos\u00a0\u00c1ltal\u00e1nos\u00a0Iskola\u00a0\u00e9s\u00a0Gimn\u00e1zium 2025\/2026-os tan\u00e9vre megv\u00e1lasztott SZMK k\u00e9pvisel\u0151i &nbsp; Oszt\u00e1ly K\u00e9pvisel\u0151\u00a0neve e-mail\u00a0c\u00edme 1.a Talabos Anik\u00f3 aniko.talabos@gmail.com 1.a Kov\u00e1cs D\u00f3ra a.kovacsdori@gmail.com 1.b Horv\u00e1th Viktor horvath.design@gmail.com 1.b Portilla-Nagy Krisztina knagykrisztina84@gmail.com 2.a Kozma Andrea kozmaandi@gmail.com 2.a G\u00e9g\u00e9ny Andrea andrea.gegeny@gmail.com 2.b Patai Nikolett nikolettpatai@gmail.com 2.b Cseh Zsuzsanna zsuzsi.cseh@gmail.com 3.a dr. Berecz Judit jberecz.ep@gmail.com 3.a B\u00f3ka-Vajk Orsolya orsolya.vajk@gmail.com 3.b Tartott Katalin tartottkata@gmail.com [&hellip;]<\/p>\n","protected":false},"author":1,"featured_media":0,"parent":0,"menu_order":0,"comment_status":"closed","ping_status":"closed","template":"","meta":[],"_links":{"self":[{"href":"https:\/\/aranyj.hu\/index.php?rest_route=\/wp\/v2\/pages\/583"}],"collection":[{"href":"https:\/\/aranyj.hu\/index.php?rest_route=\/wp\/v2\/pages"}],"about":[{"href":"https:\/\/aranyj.hu\/index.php?rest_route=\/wp\/v2\/types\/page"}],"author":[{"embeddable":true,"href":"https:\/\/aranyj.hu\/index.php?rest_route=\/wp\/v2\/users\/1"}],"replies":[{"embeddable":true,"href":"https:\/\/aranyj.hu\/index.php?rest_route=%2Fwp%2Fv2%2Fcomments&post=583"}],"version-history":[{"count":17,"href":"https:\/\/aranyj.hu\/index.php?rest_route=\/wp\/v2\/pages\/583\/revisions"}],"predecessor-version":[{"id":10030,"href":"https:\/\/aranyj.hu\/index.php?rest_route=\/wp\/v2\/pages\/583\/revisions\/10030"}],"wp:attachment":[{"href":"https:\/\/aranyj.hu\/index.php?rest_route=%2Fwp%2Fv2%2Fmedia&parent=583"}],"curies":[{"name":"wp","href":"https:\/\/api.w.org\/{rel}","templated":true}]}}