{"id":574,"date":"2015-12-27T12:18:01","date_gmt":"2015-12-27T11:18:01","guid":{"rendered":"http:\/\/aranyj.hu\/?page_id=574"},"modified":"2023-09-13T11:10:26","modified_gmt":"2023-09-13T09:10:26","slug":"szakmai-munkakozossegek","status":"publish","type":"page","link":"https:\/\/aranyj.hu\/?page_id=574","title":{"rendered":"Szakmai Munkak\u00f6z\u00f6ss\u00e9gek"},"content":{"rendered":"<p>A Nkt. 2011. \u00e9vi CXC. t\u00f6rv\u00e9ny 71.\u00a7 \u00e9rtelm\u00e9ben az al\u00e1bbi szakmai munkak\u00f6z\u00f6ss\u00e9g-vezet\u0151k kaptak megb\u00edz\u00e1st:<\/p>\n<p><strong>1. Magyar nyelv \u00e9s irodalom munkak\u00f6z\u00f6ss\u00e9g<\/strong><\/p>\n<p>vezet\u0151: Ferenczi Emese<\/p>\n<p><strong>2. T\u00f6rt\u00e9nelem \u00e9s t\u00e1rsadalomismeret munkak\u00f6z\u00f6ss\u00e9g<\/strong><\/p>\n<p>vezet\u0151: Pergern\u00e9 K\u00e1llay Krisztina<\/p>\n<p><strong>3. Angol nyelvi munkak\u00f6z\u00f6ss\u00e9g<\/strong><\/p>\n<p>vezet\u0151: Csan\u00e1dy Szilvia<\/p>\n<p><strong>4. 2. idegen nyelv \/francia, n\u00e9met\/ munkak\u00f6z\u00f6ss\u00e9g<\/strong><\/p>\n<p>vezet\u0151: R\u00e9dei Edina<\/p>\n<p><strong>5. \u00d6ko \/biol\u00f3gia, k\u00e9mia, f\u00f6ldrajz\/ munkak\u00f6z\u00f6ss\u00e9g<\/strong><\/p>\n<p>vezet\u0151: Juh\u00e1sz Andrea<\/p>\n<p><strong>6. Matematika munkak\u00f6z\u00f6ss\u00e9g<\/strong><\/p>\n<p>vezet\u0151: Kopacz M\u00e1ria<\/p>\n<p><strong>7. Als\u00f3 tagozat munkak\u00f6z\u00f6ss\u00e9g<\/strong><\/p>\n<p>vezet\u0151: Hoffer Anett<\/p>\n<p><strong>8. Informatika munkak\u00f6z\u00f6ss\u00e9g<\/strong><\/p>\n<p>vezet\u0151: Perger G\u00e1bor<\/p>\n<p><strong>9.\u00a0 \u00a0Testnevel\u00e9s munkak\u00f6z\u00f6ss\u00e9g<\/strong><\/p>\n<p>vezet\u0151: Kisn\u00e9 Dancsa Katalin<\/p>\n","protected":false},"excerpt":{"rendered":"<p>A Nkt. 2011. \u00e9vi CXC. t\u00f6rv\u00e9ny 71.\u00a7 \u00e9rtelm\u00e9ben az al\u00e1bbi szakmai munkak\u00f6z\u00f6ss\u00e9g-vezet\u0151k kaptak megb\u00edz\u00e1st: 1. Magyar nyelv \u00e9s irodalom munkak\u00f6z\u00f6ss\u00e9g vezet\u0151: Ferenczi Emese 2. T\u00f6rt\u00e9nelem \u00e9s t\u00e1rsadalomismeret munkak\u00f6z\u00f6ss\u00e9g vezet\u0151: Pergern\u00e9 K\u00e1llay Krisztina 3. Angol nyelvi munkak\u00f6z\u00f6ss\u00e9g vezet\u0151: Csan\u00e1dy Szilvia 4. 2. idegen nyelv \/francia, n\u00e9met\/ munkak\u00f6z\u00f6ss\u00e9g vezet\u0151: R\u00e9dei Edina 5. \u00d6ko \/biol\u00f3gia, k\u00e9mia, f\u00f6ldrajz\/ munkak\u00f6z\u00f6ss\u00e9g [&hellip;]<\/p>\n","protected":false},"author":1,"featured_media":0,"parent":0,"menu_order":0,"comment_status":"closed","ping_status":"closed","template":"","meta":[],"_links":{"self":[{"href":"https:\/\/aranyj.hu\/index.php?rest_route=\/wp\/v2\/pages\/574"}],"collection":[{"href":"https:\/\/aranyj.hu\/index.php?rest_route=\/wp\/v2\/pages"}],"about":[{"href":"https:\/\/aranyj.hu\/index.php?rest_route=\/wp\/v2\/types\/page"}],"author":[{"embeddable":true,"href":"https:\/\/aranyj.hu\/index.php?rest_route=\/wp\/v2\/users\/1"}],"replies":[{"embeddable":true,"href":"https:\/\/aranyj.hu\/index.php?rest_route=%2Fwp%2Fv2%2Fcomments&post=574"}],"version-history":[{"count":7,"href":"https:\/\/aranyj.hu\/index.php?rest_route=\/wp\/v2\/pages\/574\/revisions"}],"predecessor-version":[{"id":8479,"href":"https:\/\/aranyj.hu\/index.php?rest_route=\/wp\/v2\/pages\/574\/revisions\/8479"}],"wp:attachment":[{"href":"https:\/\/aranyj.hu\/index.php?rest_route=%2Fwp%2Fv2%2Fmedia&parent=574"}],"curies":[{"name":"wp","href":"https:\/\/api.w.org\/{rel}","templated":true}]}}