{"id":564,"date":"2015-12-27T11:18:23","date_gmt":"2015-12-27T10:18:23","guid":{"rendered":"http:\/\/aranyj.hu\/?page_id=564"},"modified":"2015-12-27T11:18:23","modified_gmt":"2015-12-27T10:18:23","slug":"kuldetesnyilatkozat","status":"publish","type":"page","link":"https:\/\/aranyj.hu\/?page_id=564","title":{"rendered":"K\u00fcldet\u00e9snyilatkozat"},"content":{"rendered":"<p style=\"text-align: center;\">&#8222;V\u00e9lem\u00e9nyem szerint az orsz\u00e1gnak, a haz\u00e1nak egyik legfontosabb k\u00e9rd\u00e9se az, hogy ki neveli \u00e9s hogy neveli az elj\u00f6vend\u0151 gener\u00e1ci\u00f3it.\u201d<\/p>\n<p style=\"text-align: center;\">\n<img decoding=\"async\" class=\"aligncenter\" src=\"http:\/\/aranyj.hu\/wp-content\/uploads\/2015\/12\/fust_150.jpg\" alt=\"\" \/><br \/>\nF\u00fcst Mil\u00e1n<\/p>\n<p>&nbsp;<\/p>\n<p>\u00c1ltal\u00e1nos iskol\u00e1nk c\u00e9lja sz\u00ednvonalas oktat\u00e1ssal szil\u00e1rd alapm\u0171velts\u00e9get, biztos alapk\u00e9szs\u00e9geket ny\u00fajtani tanul\u00f3inknak, biztos\u00edtva sz\u00e1mukra a k\u00e9pess\u00e9geiknek megfelel\u0151 tov\u00e1bbhalad\u00e1st.<br \/>\nA gimn\u00e1zium els\u0151dleges feladata az \u00e1ltal\u00e1nos m\u0171velts\u00e9get megalapoz\u00f3, \u00e9retts\u00e9gi vizsg\u00e1ra, valamint fels\u0151fok\u00fa iskolai tanulm\u00e1nyok megkezd\u00e9s\u00e9re felk\u00e9sz\u00edt\u0151 nevel\u00e9s \u00e9s oktat\u00e1s biztos\u00edt\u00e1sa, a munk\u00e1ba \u00e1ll\u00e1shoz \u00e9s az \u00f6n\u00e1ll\u00f3 \u00e9letkezd\u00e9shez sz\u00fcks\u00e9ges ismeretek ny\u00fajt\u00e1sa.<br \/>\nTev\u00e9kenys\u00e9g\u00fcnket a t\u00e1rsadalmi \u00e9s partneri ig\u00e9nyeknek megfelel\u0151en szeretetteljes l\u00e9gk\u00f6rben v\u00e9gezz\u00fck.<br \/>\nSeg\u00edt\u00fcnk abban, hogy di\u00e1kjaink harmonikus, kiegyens\u00falyozott, a feln\u0151ttek vil\u00e1g\u00e1ban is boldogulni tud\u00f3 emberekk\u00e9 v\u00e1ljanak. Mindezeket j\u00f3l felk\u00e9sz\u00fclt, szakmailag ig\u00e9nyes, meg\u00fajul\u00e1sra k\u00e9pes, a min\u0151s\u00e9g ir\u00e1nt elk\u00f6telezett, seg\u00edt\u0151k\u00e9sz munkat\u00e1rsakkal \u00e9s a vel\u00fck egy\u00fcttm\u0171k\u00f6d\u0151 sz\u00fcl\u0151kkel val\u00f3s\u00edtjuk meg.<\/p>\n<p>Az int\u00e9zm\u00e9ny nevel\u00e9si elvei<\/p>\n<p>Az iskol\u00e1ban foly\u00f3 nevel\u0151munka \u00e9rt\u00e9kk\u00f6zpont\u00fa. Az \u00e9rt\u00e9kek l\u00e9trehoz\u00e1s\u00e1ban \u00e9s \u00e9rv\u00e9nyes\u00edt\u00e9s\u00e9ben teret kapnak:<br \/>\n&#8211;\u00a0 az emberi egy\u00fctt\u00e9l\u00e9s \u00e1ltal\u00e1nosan elfogadott szab\u00e1lyai<br \/>\n&#8211;\u00a0 a polg\u00e1ri t\u00e1rsadalom norm\u00e1i<br \/>\n&#8211;\u00a0 az egyetemes \u00e9s nemzeti kult\u00fara \u00e9rt\u00e9kei<br \/>\n&#8211;\u00a0 a k\u00f6zoktat\u00e1si t\u00f6rv\u00e9nyben megfogalmazott norm\u00e1k.<br \/>\nEzek szerves egys\u00e9get k\u00e9peznek, m\u0171k\u00f6d\u00e9s\u00fck egy id\u0151ben jelenik meg.<br \/>\nAz iskolai nevel\u0151munka c\u00e9lja olyan \u00e9rt\u00e9kek k\u00f6zvet\u00edt\u00e9se illetve meger\u0151s\u00edt\u00e9se, amelyek egyr\u00e9szt a tanul\u00f3k szem\u00e9lyis\u00e9g\u00e9re, tanulm\u00e1nyi eredm\u00e9nyeire, m\u00e1sr\u00e9szt a tanul\u00f3i \u00e9s int\u00e9zm\u00e9nyi k\u00f6z\u00f6ss\u00e9gben t\u00f6rt\u00e9n\u0151 tev\u00e9kenys\u00e9get k\u00f6vet\u0151en a csal\u00e1dra, a sz\u0171kebb \u00e9s t\u00e1gabb t\u00e1rsadalmi k\u00f6rnyezetre is pozit\u00edv hat\u00e1st gyakorolnak.<\/p>\n","protected":false},"excerpt":{"rendered":"<p>&#8222;V\u00e9lem\u00e9nyem szerint az orsz\u00e1gnak, a haz\u00e1nak egyik legfontosabb k\u00e9rd\u00e9se az, hogy ki neveli \u00e9s hogy neveli az elj\u00f6vend\u0151 gener\u00e1ci\u00f3it.\u201d F\u00fcst Mil\u00e1n &nbsp; \u00c1ltal\u00e1nos iskol\u00e1nk c\u00e9lja sz\u00ednvonalas oktat\u00e1ssal szil\u00e1rd alapm\u0171velts\u00e9get, biztos alapk\u00e9szs\u00e9geket ny\u00fajtani tanul\u00f3inknak, biztos\u00edtva sz\u00e1mukra a k\u00e9pess\u00e9geiknek megfelel\u0151 tov\u00e1bbhalad\u00e1st. A gimn\u00e1zium els\u0151dleges feladata az \u00e1ltal\u00e1nos m\u0171velts\u00e9get megalapoz\u00f3, \u00e9retts\u00e9gi vizsg\u00e1ra, valamint fels\u0151fok\u00fa iskolai tanulm\u00e1nyok megkezd\u00e9s\u00e9re felk\u00e9sz\u00edt\u0151 [&hellip;]<\/p>\n","protected":false},"author":1,"featured_media":0,"parent":0,"menu_order":0,"comment_status":"closed","ping_status":"closed","template":"","meta":[],"_links":{"self":[{"href":"https:\/\/aranyj.hu\/index.php?rest_route=\/wp\/v2\/pages\/564"}],"collection":[{"href":"https:\/\/aranyj.hu\/index.php?rest_route=\/wp\/v2\/pages"}],"about":[{"href":"https:\/\/aranyj.hu\/index.php?rest_route=\/wp\/v2\/types\/page"}],"author":[{"embeddable":true,"href":"https:\/\/aranyj.hu\/index.php?rest_route=\/wp\/v2\/users\/1"}],"replies":[{"embeddable":true,"href":"https:\/\/aranyj.hu\/index.php?rest_route=%2Fwp%2Fv2%2Fcomments&post=564"}],"version-history":[{"count":1,"href":"https:\/\/aranyj.hu\/index.php?rest_route=\/wp\/v2\/pages\/564\/revisions"}],"predecessor-version":[{"id":566,"href":"https:\/\/aranyj.hu\/index.php?rest_route=\/wp\/v2\/pages\/564\/revisions\/566"}],"wp:attachment":[{"href":"https:\/\/aranyj.hu\/index.php?rest_route=%2Fwp%2Fv2%2Fmedia&parent=564"}],"curies":[{"name":"wp","href":"https:\/\/api.w.org\/{rel}","templated":true}]}}