{"id":4924,"date":"2019-03-10T16:12:18","date_gmt":"2019-03-10T15:12:18","guid":{"rendered":"http:\/\/aranyj.hu\/?page_id=4924"},"modified":"2023-10-20T10:14:23","modified_gmt":"2023-10-20T08:14:23","slug":"szocialis-segito-munka","status":"publish","type":"page","link":"https:\/\/aranyj.hu\/?page_id=4924","title":{"rendered":"Iskolai Szoci\u00e1lis Seg\u00edt\u0151"},"content":{"rendered":"<p>Az iskolai szoci\u00e1lis seg\u00edt\u0151 olyan szakember, aki els\u0151dlegesen a gyermekek vesz\u00e9lyeztetetts\u00e9g\u00e9nek megel\u0151z\u00e9s\u00e9vel, prevenci\u00f3val foglalkozik. Egy\u00e9ni tan\u00e1csad\u00e1s form\u00e1j\u00e1ban ny\u00fajt seg\u00edts\u00e9get a gyermekek, sz\u00fcl\u0151k, pedag\u00f3gusok r\u00e9sz\u00e9re.<\/p>\n<p>A tev\u00e9kenys\u00e9g c\u00e9lja, hogy megel\u0151zz\u00fck \u00e9s\/vagy felt\u00e1rjuk azokat a szoci\u00e1lis, k\u00f6z\u00f6ss\u00e9gi \u00e9s gyermekv\u00e9delmi t\u00e9nyez\u0151ket, melyek neh\u00e9zs\u00e9get okoznak az int\u00e9zm\u00e9ny szerepl\u0151inek \u00e9let\u00e9ben. Alternat\u00edv\u00e1kat keress\u00fcnk \u00e9s aj\u00e1nljunk ezek kezel\u00e9s\u00e9re.<\/p>\n<p>A seg\u00edt\u0151 szakember v\u00e1rja mindazokat, akik iskol\u00e1hoz k\u00f6thet\u0151 probl\u00e9m\u00e1k, csal\u00e1don bel\u00fcli gondok, egy\u00e9b neh\u00e9zs\u00e9gek megold\u00e1sa \u00e9rdek\u00e9ben szeretn\u00e9nek vele konzult\u00e1lni. \u00dcgyeleti id\u0151ben \u00e1ltal\u00e1ban a f\u00f6ldszinten a tan\u00e1ri t\u00e1rsalg\u00f3ban \u00e9rhet\u0151 el.<\/p>\n<p>&nbsp;<\/p>\n<p>Az iskolai szoci\u00e1lis seg\u00edt\u0151 neve \u00e9s el\u00e9rhet\u0151s\u00e9ge iskol\u00e1nkban:<\/p>\n<div><span style=\"color: #20434b;\"><b>Baranyai Judit<\/b><\/span><\/div>\n<div><span style=\"color: #20434b;\">tel:\u00a0+36 30\/157-4054<\/span><\/div>\n<div><span style=\"color: #20434b;\">e-mail:\u00a0<a href=\"mailto:baranyai.judit@cssk12ker.hu\" target=\"_blank\" rel=\"noopener\">baranyai.judit@cssk12ker.hu<\/a><\/span><\/div>\n<div><span style=\"color: #20434b;\">\u00a0<\/span><\/div>\n<div><span style=\"color: #20434b;\"><b>\u00dcgyeleti id\u0151:<\/b><\/span><\/div>\n<div><span style=\"color: #20434b;\">h\u00e9tf\u0151: 9.00-14.00<\/span><\/div>\n<div><span style=\"color: #20434b;\">szerda: 9.00-14.00<\/span><\/div>\n<p>Tev\u00e9kenys\u00e9g\u00e9r\u0151l b\u0151vebb inform\u00e1ci\u00f3 az al\u00e1bbi t\u00e1j\u00e9koztat\u00f3kban tal\u00e1lhat\u00f3:<\/p>\n<ul>\n<li><a href=\"http:\/\/aranyj.hu\/wp-content\/uploads\/2023\/10\/szoc.segitomunkaismertetopedagogus_uj.pdf\">T\u00e1j\u00e9koztat\u00e1s pedag\u00f3gusok r\u00e9sz\u00e9re<\/a><\/li>\n<li><a href=\"http:\/\/aranyj.hu\/wp-content\/uploads\/2023\/10\/szoc.segitomunkaismertetogyerek_uj.pdf\">T\u00e1j\u00e9koztat\u00e1s gyermekek r\u00e9sz\u00e9re<\/a><\/li>\n<li><a href=\"http:\/\/aranyj.hu\/wp-content\/uploads\/2023\/10\/szoc.segitomunkaismertetoszulo_uj.pdf\">T\u00e1j\u00e9koztat\u00e1s sz\u00fcl\u0151k r\u00e9sz\u00e9re<\/a><\/li>\n<\/ul>\n","protected":false},"excerpt":{"rendered":"<p>Az iskolai szoci\u00e1lis seg\u00edt\u0151 olyan szakember, aki els\u0151dlegesen a gyermekek vesz\u00e9lyeztetetts\u00e9g\u00e9nek megel\u0151z\u00e9s\u00e9vel, prevenci\u00f3val foglalkozik. Egy\u00e9ni tan\u00e1csad\u00e1s form\u00e1j\u00e1ban ny\u00fajt seg\u00edts\u00e9get a gyermekek, sz\u00fcl\u0151k, pedag\u00f3gusok r\u00e9sz\u00e9re. A tev\u00e9kenys\u00e9g c\u00e9lja, hogy megel\u0151zz\u00fck \u00e9s\/vagy felt\u00e1rjuk azokat a szoci\u00e1lis, k\u00f6z\u00f6ss\u00e9gi \u00e9s gyermekv\u00e9delmi t\u00e9nyez\u0151ket, melyek neh\u00e9zs\u00e9get okoznak az int\u00e9zm\u00e9ny szerepl\u0151inek \u00e9let\u00e9ben. Alternat\u00edv\u00e1kat keress\u00fcnk \u00e9s aj\u00e1nljunk ezek kezel\u00e9s\u00e9re. A seg\u00edt\u0151 szakember v\u00e1rja [&hellip;]<\/p>\n","protected":false},"author":1,"featured_media":0,"parent":0,"menu_order":0,"comment_status":"closed","ping_status":"closed","template":"","meta":[],"_links":{"self":[{"href":"https:\/\/aranyj.hu\/index.php?rest_route=\/wp\/v2\/pages\/4924"}],"collection":[{"href":"https:\/\/aranyj.hu\/index.php?rest_route=\/wp\/v2\/pages"}],"about":[{"href":"https:\/\/aranyj.hu\/index.php?rest_route=\/wp\/v2\/types\/page"}],"author":[{"embeddable":true,"href":"https:\/\/aranyj.hu\/index.php?rest_route=\/wp\/v2\/users\/1"}],"replies":[{"embeddable":true,"href":"https:\/\/aranyj.hu\/index.php?rest_route=%2Fwp%2Fv2%2Fcomments&post=4924"}],"version-history":[{"count":7,"href":"https:\/\/aranyj.hu\/index.php?rest_route=\/wp\/v2\/pages\/4924\/revisions"}],"predecessor-version":[{"id":8521,"href":"https:\/\/aranyj.hu\/index.php?rest_route=\/wp\/v2\/pages\/4924\/revisions\/8521"}],"wp:attachment":[{"href":"https:\/\/aranyj.hu\/index.php?rest_route=%2Fwp%2Fv2%2Fmedia&parent=4924"}],"curies":[{"name":"wp","href":"https:\/\/api.w.org\/{rel}","templated":true}]}}