{"id":4739,"date":"2019-01-17T15:21:59","date_gmt":"2019-01-17T14:21:59","guid":{"rendered":"http:\/\/aranyj.hu\/?page_id=4739"},"modified":"2025-04-16T13:35:27","modified_gmt":"2025-04-16T11:35:27","slug":"erettsegi-2018-2019-majus-junius","status":"publish","type":"page","link":"https:\/\/aranyj.hu\/?page_id=4739","title":{"rendered":"\u00c9RETTS\u00c9GI 2025"},"content":{"rendered":"<h2 style=\"font-weight: 400;\">2025. \u00e9vi m\u00e1jus-j\u00faniusi \u00e9retts\u00e9gi vizsg\u00e1k<\/h2>\n<p><a href=\"http:\/\/aranyj.hu\/wp-content\/uploads\/2025\/04\/erettsegi2025utemterve.pdf\">\u00c9retts\u00e9gi 2025 \u00fctemterve<\/a><br \/>\n<a href=\"http:\/\/aranyj.hu\/wp-content\/uploads\/2025\/04\/Erettsegi_felveteli_tajekoztato_a_vegzosoknek.pdf\">\u00c9retts\u00e9gi-felv\u00e9teli t\u00e1j\u00e9koztat\u00f3 a v\u00e9gz\u0151s\u00f6knek<\/a><br \/>\n<a href=\"http:\/\/aranyj.hu\/wp-content\/uploads\/2025\/04\/Erettsegi_felveteli_tajekoztato_elorehozottaknak.pdf\">\u00c9retts\u00e9gi-felv\u00e9teli t\u00e1j\u00e9koztat\u00f3 el\u0151rehozottaknak<\/a><br \/>\n<a href=\"http:\/\/aranyj.hu\/wp-content\/uploads\/2025\/04\/Tajekoztato_12.evf_az_erettsegi_meneterol.pdf\">T\u00e1j\u00e9koztat\u00f3-12.\u00e9vf- az \u00e9retts\u00e9gi menet\u00e9r\u0151l<\/a><br \/>\n<a href=\"http:\/\/aranyj.hu\/wp-content\/uploads\/2025\/04\/Tajekoztato_elorehozott_az_erettsegi_meneterol.pdf\">T\u00e1j\u00e9koztat\u00f3-el\u0151rehozott- az \u00e9retts\u00e9gi menet\u00e9r\u0151l<\/a><\/p>\n","protected":false},"excerpt":{"rendered":"<p>2025. \u00e9vi m\u00e1jus-j\u00faniusi \u00e9retts\u00e9gi vizsg\u00e1k \u00c9retts\u00e9gi 2025 \u00fctemterve \u00c9retts\u00e9gi-felv\u00e9teli t\u00e1j\u00e9koztat\u00f3 a v\u00e9gz\u0151s\u00f6knek \u00c9retts\u00e9gi-felv\u00e9teli t\u00e1j\u00e9koztat\u00f3 el\u0151rehozottaknak T\u00e1j\u00e9koztat\u00f3-12.\u00e9vf- az \u00e9retts\u00e9gi menet\u00e9r\u0151l T\u00e1j\u00e9koztat\u00f3-el\u0151rehozott- az \u00e9retts\u00e9gi menet\u00e9r\u0151l<\/p>\n","protected":false},"author":1,"featured_media":0,"parent":0,"menu_order":0,"comment_status":"closed","ping_status":"closed","template":"","meta":[],"_links":{"self":[{"href":"https:\/\/aranyj.hu\/index.php?rest_route=\/wp\/v2\/pages\/4739"}],"collection":[{"href":"https:\/\/aranyj.hu\/index.php?rest_route=\/wp\/v2\/pages"}],"about":[{"href":"https:\/\/aranyj.hu\/index.php?rest_route=\/wp\/v2\/types\/page"}],"author":[{"embeddable":true,"href":"https:\/\/aranyj.hu\/index.php?rest_route=\/wp\/v2\/users\/1"}],"replies":[{"embeddable":true,"href":"https:\/\/aranyj.hu\/index.php?rest_route=%2Fwp%2Fv2%2Fcomments&post=4739"}],"version-history":[{"count":63,"href":"https:\/\/aranyj.hu\/index.php?rest_route=\/wp\/v2\/pages\/4739\/revisions"}],"predecessor-version":[{"id":9432,"href":"https:\/\/aranyj.hu\/index.php?rest_route=\/wp\/v2\/pages\/4739\/revisions\/9432"}],"wp:attachment":[{"href":"https:\/\/aranyj.hu\/index.php?rest_route=%2Fwp%2Fv2%2Fmedia&parent=4739"}],"curies":[{"name":"wp","href":"https:\/\/api.w.org\/{rel}","templated":true}]}}