{"id":4520,"date":"2018-12-05T11:19:47","date_gmt":"2018-12-05T10:19:47","guid":{"rendered":"http:\/\/aranyj.hu\/?page_id=4520"},"modified":"2023-11-14T11:07:23","modified_gmt":"2023-11-14T10:07:23","slug":"zaradekok","status":"publish","type":"page","link":"https:\/\/aranyj.hu\/?page_id=4520","title":{"rendered":"Z\u00e1rad\u00e9kok"},"content":{"rendered":"<p>Az \u00c9ves munkaterv \u00e9s Pedag\u00f3giai program fenntart\u00f3i j\u00f3v\u00e1hagy\u00e1sa folyamatban van.<\/p>\n<p>&nbsp;<\/p>\n<p><a href=\"http:\/\/aranyj.hu\/wp-content\/uploads\/2023\/11\/Legitimacios_zaradek_Pedagogiai_program.pdf\">Legitim\u00e1ci\u00f3s z\u00e1rad\u00e9k &#8211; Pedag\u00f3giai program<\/a><\/p>\n","protected":false},"excerpt":{"rendered":"<p>Az \u00c9ves munkaterv \u00e9s Pedag\u00f3giai program fenntart\u00f3i j\u00f3v\u00e1hagy\u00e1sa folyamatban van. &nbsp; Legitim\u00e1ci\u00f3s z\u00e1rad\u00e9k &#8211; Pedag\u00f3giai program<\/p>\n","protected":false},"author":1,"featured_media":0,"parent":0,"menu_order":0,"comment_status":"closed","ping_status":"closed","template":"","meta":[],"_links":{"self":[{"href":"https:\/\/aranyj.hu\/index.php?rest_route=\/wp\/v2\/pages\/4520"}],"collection":[{"href":"https:\/\/aranyj.hu\/index.php?rest_route=\/wp\/v2\/pages"}],"about":[{"href":"https:\/\/aranyj.hu\/index.php?rest_route=\/wp\/v2\/types\/page"}],"author":[{"embeddable":true,"href":"https:\/\/aranyj.hu\/index.php?rest_route=\/wp\/v2\/users\/1"}],"replies":[{"embeddable":true,"href":"https:\/\/aranyj.hu\/index.php?rest_route=%2Fwp%2Fv2%2Fcomments&post=4520"}],"version-history":[{"count":5,"href":"https:\/\/aranyj.hu\/index.php?rest_route=\/wp\/v2\/pages\/4520\/revisions"}],"predecessor-version":[{"id":8609,"href":"https:\/\/aranyj.hu\/index.php?rest_route=\/wp\/v2\/pages\/4520\/revisions\/8609"}],"wp:attachment":[{"href":"https:\/\/aranyj.hu\/index.php?rest_route=%2Fwp%2Fv2%2Fmedia&parent=4520"}],"curies":[{"name":"wp","href":"https:\/\/api.w.org\/{rel}","templated":true}]}}