{"id":4517,"date":"2018-12-05T11:17:40","date_gmt":"2018-12-05T10:17:40","guid":{"rendered":"http:\/\/aranyj.hu\/?page_id=4517"},"modified":"2025-10-20T07:11:28","modified_gmt":"2025-10-20T05:11:28","slug":"az-osztalyozovizsga-tantargyankenti-evfolyamonkenti-kovetelmenyei-a-tanulmanyok-alatti-vizsgak-tervezett-ideje","status":"publish","type":"page","link":"https:\/\/aranyj.hu\/?page_id=4517","title":{"rendered":"Az oszt\u00e1lyoz\u00f3vizsga tant\u00e1rgyank\u00e9nti, \u00e9vfolyamonk\u00e9nti k\u00f6vetelm\u00e9nyei, a tanulm\u00e1nyok alatti vizsg\u00e1k tervezett ideje"},"content":{"rendered":"<ol>\n<li><a href=\"http:\/\/aranyj.hu\/?page_id=7309\"><strong> K\u00f6vetelm\u00e9nyek<\/strong><\/a><\/li>\n<li>A tanulm\u00e1nyok alatti vizsg\u00e1k tervezett ideje<\/li>\n<\/ol>\n<ul>\n<li>2026. 01. 12-16.<\/li>\n<\/ul>\n<p>Jelentkez\u00e9s hat\u00e1rideje: 2025.12.12-ig. (A vizsga pontos beoszt\u00e1sa iskol\u00e1nk honlapj\u00e1n tekinthet\u0151 meg)<\/p>\n<ul>\n<li>2026. 04. 15-22.<\/li>\n<\/ul>\n<p>Jelentkez\u00e9s hat\u00e1rideje:2026. 03. 20-ig. (A vizsga pontos beoszt\u00e1sa iskol\u00e1nk honlapj\u00e1n tekinthet\u0151 meg.)<\/p>\n<ul>\n<li>2026. 06. 11-18.<\/li>\n<\/ul>\n<div>Jelentkez\u00e9s hat\u00e1rideje: 2026. 05. 22-ig. (A vizsga pontos beoszt\u00e1sa iskol\u00e1nk honlapj\u00e1n tekinthet\u0151 meg.)<\/div>\n","protected":false},"excerpt":{"rendered":"<p>K\u00f6vetelm\u00e9nyek A tanulm\u00e1nyok alatti vizsg\u00e1k tervezett ideje 2026. 01. 12-16. Jelentkez\u00e9s hat\u00e1rideje: 2025.12.12-ig. (A vizsga pontos beoszt\u00e1sa iskol\u00e1nk honlapj\u00e1n tekinthet\u0151 meg) 2026. 04. 15-22. Jelentkez\u00e9s hat\u00e1rideje:2026. 03. 20-ig. (A vizsga pontos beoszt\u00e1sa iskol\u00e1nk honlapj\u00e1n tekinthet\u0151 meg.) 2026. 06. 11-18. Jelentkez\u00e9s hat\u00e1rideje: 2026. 05. 22-ig. (A vizsga pontos beoszt\u00e1sa iskol\u00e1nk honlapj\u00e1n tekinthet\u0151 meg.)<\/p>\n","protected":false},"author":1,"featured_media":0,"parent":0,"menu_order":0,"comment_status":"closed","ping_status":"closed","template":"","meta":[],"_links":{"self":[{"href":"https:\/\/aranyj.hu\/index.php?rest_route=\/wp\/v2\/pages\/4517"}],"collection":[{"href":"https:\/\/aranyj.hu\/index.php?rest_route=\/wp\/v2\/pages"}],"about":[{"href":"https:\/\/aranyj.hu\/index.php?rest_route=\/wp\/v2\/types\/page"}],"author":[{"embeddable":true,"href":"https:\/\/aranyj.hu\/index.php?rest_route=\/wp\/v2\/users\/1"}],"replies":[{"embeddable":true,"href":"https:\/\/aranyj.hu\/index.php?rest_route=%2Fwp%2Fv2%2Fcomments&post=4517"}],"version-history":[{"count":10,"href":"https:\/\/aranyj.hu\/index.php?rest_route=\/wp\/v2\/pages\/4517\/revisions"}],"predecessor-version":[{"id":9844,"href":"https:\/\/aranyj.hu\/index.php?rest_route=\/wp\/v2\/pages\/4517\/revisions\/9844"}],"wp:attachment":[{"href":"https:\/\/aranyj.hu\/index.php?rest_route=%2Fwp%2Fv2%2Fmedia&parent=4517"}],"curies":[{"name":"wp","href":"https:\/\/api.w.org\/{rel}","templated":true}]}}