{"id":4513,"date":"2019-09-05T11:08:40","date_gmt":"2019-09-05T10:08:40","guid":{"rendered":"http:\/\/aranyj.hu\/?page_id=4513"},"modified":"2019-11-24T12:24:33","modified_gmt":"2019-11-24T11:24:33","slug":"a-hetvegi-hazi-feladatok-es-az-iskolai-dolgozatok-szabalyai","status":"publish","type":"page","link":"https:\/\/aranyj.hu\/?page_id=4513","title":{"rendered":"A h\u00e9tv\u00e9gi h\u00e1zi feladatok \u00e9s az iskolai dolgozatok szab\u00e1lyai"},"content":{"rendered":"<p>1. A h\u00e9tv\u00e9gi h\u00e1zi feladat szab\u00e1lyai<\/p>\n<p>Elv\u00fcnk az, hogy a h\u00e9tv\u00e9geket tanul\u00f3ink a csal\u00e1djaikkal egy\u00fctt akt\u00edv pihen\u00e9ssel (sportol\u00e1s, sz\u00f3rakoz\u00e1s), gondtalan egy\u00fcttl\u00e9ttel t\u00f6lts\u00e9k. Ez\u00e9rt \u2013 csak annyi h\u00e1zi feladatot kapnak mint amennyit egyik tan\u00f3r\u00e1r\u00f3l a m\u00e1sikra szok\u00e1sos adni.<\/p>\n<p>2. Iskolai dolgozatok szab\u00e1lyai<\/p>\n<ul>\n<li>R\u00f6pdolgozatok: kb. 15 perces<\/li>\n<\/ul>\n<p>t\u00e9m\u00e1i:<\/p>\n<ul>\n<li>sz\u00f3 vagy fogalom magyar\u00e1zat,<\/li>\n<li>t\u00f6rv\u00e9ny, szab\u00e1ly ismertet\u00e9se,<\/li>\n<li>egy kisebb anyagr\u00e9szb\u0151l sz\u00e1monk\u00e9r\u00e9s,<\/li>\n<li>idegen nyelvb\u0151l &#8211; szavak mondatba helyez\u00e9se, ragoz\u00e1sa stb.,<\/li>\n<li>k\u00e9pek, karikat\u00far\u00e1k, plak\u00e1tok felismer\u00e9se, r\u00f6vid \u00e9rtelmez\u00e9se.<\/li>\n<\/ul>\n<p>&nbsp;<\/p>\n<ul>\n<li>T\u00e9maz\u00e1r\u00f3 dolgozatok : kb. 40-45 perc<\/li>\n<\/ul>\n<p>t\u00e9m\u00e1i:<\/p>\n<ul>\n<li>egy-egy nagyobb tananyag eg\u00e9sz \u00f6sszef\u00fcgg\u0151 kifejt\u00e9se, a tanult ismeretek alkalmaz\u00e1s\u00e1nak k\u00e9pess\u00e9ge, tesztek, forr\u00e1selemz\u00e9sek \u2013 sz\u00f6veg\u00e9rt\u00e9si k\u00e9pess\u00e9g stb.,<\/li>\n<li>A t\u00e9maz\u00e1r\u00f3 dolgozatok eredm\u00e9nyeir\u0151l 10 munkanapon bel\u00fcl inform\u00e1ljuk a tanul\u00f3kat.<\/li>\n<li>A t\u00e9maz\u00e1r\u00f3 dolgozatok meg\u00edr\u00e1s\u00e1nak id\u0151pontj\u00e1t 3-4 nappal el\u0151bb k\u00f6z\u00f6lj\u00fck a tanul\u00f3kkal.<\/li>\n<li>Egy tan\u00edt\u00e1si napon 2 t\u00e9maz\u00e1r\u00f3 dolgozatn\u00e1l t\u00f6bbet nem \u00edrhatnak di\u00e1kjaink.<\/li>\n<\/ul>\n","protected":false},"excerpt":{"rendered":"<p>1. A h\u00e9tv\u00e9gi h\u00e1zi feladat szab\u00e1lyai Elv\u00fcnk az, hogy a h\u00e9tv\u00e9geket tanul\u00f3ink a csal\u00e1djaikkal egy\u00fctt akt\u00edv pihen\u00e9ssel (sportol\u00e1s, sz\u00f3rakoz\u00e1s), gondtalan egy\u00fcttl\u00e9ttel t\u00f6lts\u00e9k. Ez\u00e9rt \u2013 csak annyi h\u00e1zi feladatot kapnak mint amennyit egyik tan\u00f3r\u00e1r\u00f3l a m\u00e1sikra szok\u00e1sos adni. 2. Iskolai dolgozatok szab\u00e1lyai R\u00f6pdolgozatok: kb. 15 perces t\u00e9m\u00e1i: sz\u00f3 vagy fogalom magyar\u00e1zat, t\u00f6rv\u00e9ny, szab\u00e1ly ismertet\u00e9se, egy kisebb [&hellip;]<\/p>\n","protected":false},"author":1,"featured_media":0,"parent":0,"menu_order":0,"comment_status":"closed","ping_status":"closed","template":"","meta":[],"_links":{"self":[{"href":"https:\/\/aranyj.hu\/index.php?rest_route=\/wp\/v2\/pages\/4513"}],"collection":[{"href":"https:\/\/aranyj.hu\/index.php?rest_route=\/wp\/v2\/pages"}],"about":[{"href":"https:\/\/aranyj.hu\/index.php?rest_route=\/wp\/v2\/types\/page"}],"author":[{"embeddable":true,"href":"https:\/\/aranyj.hu\/index.php?rest_route=\/wp\/v2\/users\/1"}],"replies":[{"embeddable":true,"href":"https:\/\/aranyj.hu\/index.php?rest_route=%2Fwp%2Fv2%2Fcomments&post=4513"}],"version-history":[{"count":2,"href":"https:\/\/aranyj.hu\/index.php?rest_route=\/wp\/v2\/pages\/4513\/revisions"}],"predecessor-version":[{"id":4515,"href":"https:\/\/aranyj.hu\/index.php?rest_route=\/wp\/v2\/pages\/4513\/revisions\/4515"}],"wp:attachment":[{"href":"https:\/\/aranyj.hu\/index.php?rest_route=%2Fwp%2Fv2%2Fmedia&parent=4513"}],"curies":[{"name":"wp","href":"https:\/\/api.w.org\/{rel}","templated":true}]}}