{"id":4507,"date":"2019-09-05T10:58:23","date_gmt":"2019-09-05T09:58:23","guid":{"rendered":"http:\/\/aranyj.hu\/?page_id=4507"},"modified":"2024-11-14T13:33:47","modified_gmt":"2024-11-14T12:33:47","slug":"a-tanulok-le-es-kimaradasaval-evfolyamismetlesevel-kapcsolatos-adatok","status":"publish","type":"page","link":"https:\/\/aranyj.hu\/?page_id=4507","title":{"rendered":"A tanul\u00f3k le- \u00e9s kimarad\u00e1s\u00e1val, \u00e9vfolyamism\u00e9tl\u00e9s\u00e9vel kapcsolatos adatok"},"content":{"rendered":"<p>Szaktan\u00e1ri v\u00e9lem\u00e9ny, tanul\u00f3 ig\u00e9ny, illetve sz\u00fcl\u0151i k\u00e9r\u00e9s eset\u00e9n a tanul\u00f3k differenci\u00e1lt foglalkoz\u00e1son p\u00f3tolhatj\u00e1k eseti, illetve szakt\u00e1rgyi lemarad\u00e1sukat.<\/p>\n<p>Az \u00e9vfolyamism\u00e9tl\u0151k sz\u00e1ma a 2023-2024-es tan\u00e9vben:<\/p>\n<p>a 11. \u00e9vfolyamon egy tanul\u00f3<\/p>\n<p>&nbsp;<\/p>\n","protected":false},"excerpt":{"rendered":"<p>Szaktan\u00e1ri v\u00e9lem\u00e9ny, tanul\u00f3 ig\u00e9ny, illetve sz\u00fcl\u0151i k\u00e9r\u00e9s eset\u00e9n a tanul\u00f3k differenci\u00e1lt foglalkoz\u00e1son p\u00f3tolhatj\u00e1k eseti, illetve szakt\u00e1rgyi lemarad\u00e1sukat. Az \u00e9vfolyamism\u00e9tl\u0151k sz\u00e1ma a 2023-2024-es tan\u00e9vben: a 11. \u00e9vfolyamon egy tanul\u00f3 &nbsp;<\/p>\n","protected":false},"author":1,"featured_media":0,"parent":0,"menu_order":0,"comment_status":"closed","ping_status":"closed","template":"","meta":[],"_links":{"self":[{"href":"https:\/\/aranyj.hu\/index.php?rest_route=\/wp\/v2\/pages\/4507"}],"collection":[{"href":"https:\/\/aranyj.hu\/index.php?rest_route=\/wp\/v2\/pages"}],"about":[{"href":"https:\/\/aranyj.hu\/index.php?rest_route=\/wp\/v2\/types\/page"}],"author":[{"embeddable":true,"href":"https:\/\/aranyj.hu\/index.php?rest_route=\/wp\/v2\/users\/1"}],"replies":[{"embeddable":true,"href":"https:\/\/aranyj.hu\/index.php?rest_route=%2Fwp%2Fv2%2Fcomments&post=4507"}],"version-history":[{"count":8,"href":"https:\/\/aranyj.hu\/index.php?rest_route=\/wp\/v2\/pages\/4507\/revisions"}],"predecessor-version":[{"id":9176,"href":"https:\/\/aranyj.hu\/index.php?rest_route=\/wp\/v2\/pages\/4507\/revisions\/9176"}],"wp:attachment":[{"href":"https:\/\/aranyj.hu\/index.php?rest_route=%2Fwp%2Fv2%2Fmedia&parent=4507"}],"curies":[{"name":"wp","href":"https:\/\/api.w.org\/{rel}","templated":true}]}}