{"id":4503,"date":"2019-09-05T10:52:00","date_gmt":"2019-09-05T09:52:00","guid":{"rendered":"http:\/\/aranyj.hu\/?page_id=4503"},"modified":"2024-11-14T13:35:20","modified_gmt":"2024-11-14T12:35:20","slug":"a-nevelesi-oktatasi-intezmeny-nyitvatartasanak-rendje","status":"publish","type":"page","link":"https:\/\/aranyj.hu\/?page_id=4503","title":{"rendered":"A nevel\u00e9si-oktat\u00e1si int\u00e9zm\u00e9ny nyitvatart\u00e1s\u00e1nak rendje"},"content":{"rendered":"<p><strong>3.2.1. Nyitvatart\u00e1si id\u0151:<\/strong><\/p>\n<p>Az iskola szorgalmi id\u0151ben h\u00e9tf\u0151t\u0151l-p\u00e9ntekig reggel 6-t\u00f3l 20 \u00f3r\u00e1ig +-tart nyitva. A tanul\u00f3kat 7.00-t\u00f3l fogadjuk. \u00e9s 7.45-t\u00f3l tan\u00e1ri fel\u00fcgyeletet biztos\u00edtunk a folyos\u00f3n. 16.45 \u00f3r\u00e1t\u00f3l az ig\u00e9nynek megfelel\u0151en, de legk\u00e9s\u0151bb 18.00 \u00f3r\u00e1ig az \u00e1ltal\u00e1nos iskol\u00e1sok r\u00e9sz\u00e9re \u00fcgyeletet tartunk. A sz\u00fcl\u0151k a folyos\u00f3 elej\u00e9ig k\u00eds\u00e9rhetik a tanul\u00f3t. A tan\u00edt\u00e1s kezdete: 8 \u00f3ra 15 perc. A gimn\u00e1ziumi \u00f6sszevont \u00f3r\u00e1k 7.30- 9.00-ig tartanak.<\/p>\n<p>Tan\u00edt\u00e1s n\u00e9lk\u00fcli munkanapokon \u00fcgyeleti rendet tartunk. A tan\u00edt\u00e1s n\u00e9lk\u00fcli munkanapokat \u00e9vente az int\u00e9zm\u00e9nyvezet\u0151 hat\u00e1rozza meg.<\/p>\n<p><strong>3.2.2. A szok\u00e1sost\u00f3l elt\u00e9r\u0151 nyitvatart\u00e1si rend:<\/strong><\/p>\n<p>Iskolai rendezv\u00e9nyek alkalm\u00e1val a nyitvatart\u00e1si rendt\u0151l val\u00f3 eseti elt\u00e9r\u00e9sre az int\u00e9zm\u00e9nyvezet\u0151, vagy t\u00e1voll\u00e9t\u00e9ben az int\u00e9zm\u00e9nyvezet\u0151-helyettesek adhatnak enged\u00e9lyt.<\/p>\n<p><strong>3.2.3. A vezet\u0151k benntart\u00f3zkod\u00e1si rendje:<\/strong><\/p>\n<p>Az int\u00e9zm\u00e9nyvezet\u0151-helyettesi \u00fcgyelet 7.30-t\u00f3l 17.00-ig tart. \u00dcgyelete alatt felel\u0151s a napi munka folyamatoss\u00e1g\u00e1\u00e9rt.<\/p>\n<p>Az int\u00e9zm\u00e9nyvezet\u0151 el\u0151re meghat\u00e1rozott id\u0151ben fogadja a jelentkez\u0151ket.<\/p>\n<p><strong>3.2.4. Az int\u00e9zm\u00e9nyben tart\u00f3zkod\u00e1s rendje:<\/strong><\/p>\n<p>A tan\u00edt\u00e1si \u00f3ra 45 perces. A sz\u00fcnetek rendj\u00e9t a h\u00e1zirend hat\u00e1rozza meg. K\u00f6telez\u0151 a kil\u00e9p\u0151 k\u00e1rtya haszn\u00e1lata, ha a tan\u00edt\u00e1s el\u0151tt hagyja el a tanul\u00f3 az \u00e9p\u00fcletet. Ezt az oszt\u00e1lyf\u0151n\u00f6k \u00edrja meg. Hi\u00e1nyz\u00e1sa, illetve akad\u00e1lyoztat\u00e1sa eset\u00e9n az oszt\u00e1lyf\u0151n\u00f6k-helyettes vagy az int\u00e9zm\u00e9nyvezet\u0151-helyettes adja a kil\u00e9p\u0151 k\u00e1rty\u00e1t.<\/p>\n<p>A Sion l\u00e9pcs\u0151n\u00e9l a bej\u00e1rat z\u00e1rva van 9.00-14.00 k\u00f6z\u00f6tt. A folyos\u00f3kon, az udvaron, az alagsorban, az \u00f3rak\u00f6zi sz\u00fcnetekben, tov\u00e1bb\u00e1 &#8211; az eb\u00e9deltet\u00e9s ideje alatt &#8211; az eb\u00e9dl\u0151ben fel\u00fcgyelet m\u0171k\u00f6dik.<\/p>\n<p>A hivatalos \u00fcgyek int\u00e9z\u00e9se az iskolatitk\u00e1ri irod\u00e1ban 8 \u00e9s 16 \u00f3ra k\u00f6z\u00f6tt, k\u00fcl\u00f6n az \u00e1ltal\u00e1nos iskolai \u00e9s k\u00fcl\u00f6n a gimn\u00e1ziumi tanul\u00f3k r\u00e9sz\u00e9re, a tan\u00edt\u00e1si sz\u00fcnetekben f\u00e9lfogad\u00e1si id\u0151ben t\u00f6rt\u00e9nik.<\/p>\n<p>A tan\u00edt\u00e1si \u00f3ra zavartalans\u00e1ga \u00e9rdek\u00e9ben a tan\u00e1rt \u00e9s a tanul\u00f3kat az \u00f3r\u00e1r\u00f3l kih\u00edvni vagy m\u00e1s m\u00f3don zavarni nem szabad. Rendk\u00edv\u00fcli esetben az int\u00e9zm\u00e9nyvezet\u0151 kiv\u00e9telt tehet.<\/p>\n<p>Az iskola ter\u00fclet\u00e9n kamerarendszer v\u00e9delmet biztos\u00edt. A tan\u00edt\u00e1s befejez\u00e9se ut\u00e1n az iskola ter\u00fclet\u00e9n csak azok a tanul\u00f3k tart\u00f3zkodhatnak, akik napk\u00f6zisek, tanul\u00f3szob\u00e1ra j\u00e1rnak vagy erre k\u00fcl\u00f6n enged\u00e9lyt kaptak.<\/p>\n<p>Az iskola dolgoz\u00f3in, tanul\u00f3in \u00e9s a tanul\u00f3k sz\u00fclein k\u00edv\u00fcl, m\u00e1s szem\u00e9ly az iskola \u00e9p\u00fclet\u00e9ben csak az iskola m\u0171k\u00f6d\u00e9se szempontj\u00e1b\u00f3l elfogadhat\u00f3 okkal \u00e9s c\u00e9llal tart\u00f3zkodhat. Akik nem \u00e1llnak jogviszonyban az iskol\u00e1val, bel\u00e9p\u00e9skor a port\u00e1n k\u00f6telesek bejelentkezni. A port\u00e1s telefonon \u00e9rtes\u00edti azt a szem\u00e9lyt, akihez a l\u00e1togat\u00f3 j\u00f6n.<\/p>\n<p>Idegenek tan\u00f3r\u00e1ra enged\u00e9ly n\u00e9lk\u00fcl nem \u00fclhetnek be. Az \u00f3ral\u00e1togat\u00e1st az int\u00e9zm\u00e9nyvezet\u0151nek vagy helyetteseinek kell el\u0151zetesen enged\u00e9lyeznie.<\/p>\n<p><strong>3.2.5. A portaszolg\u00e1lat<\/strong><\/p>\n<p>A portaszolg\u00e1lat 6.00-20.00-ig \u00fczemel, az \u00e9p\u00fclet nyitvatart\u00e1sa idej\u00e9n. 20.00-6.00 k\u00f6z\u00f6tt az \u00e9p\u00fcletet z\u00e1rva tartjuk, s riaszt\u00f3rendszer m\u0171k\u00f6dik sz\u00fcks\u00e9g eset\u00e9n.<\/p>\n<p><strong>3.2.6. Portai kulcskezel\u00e9s<\/strong><\/p>\n<p>B\u00e1rmely kulcs \u00e1tv\u00e9tel\u00e9r\u0151l a portaszolg\u00e1lat nyilv\u00e1ntart\u00e1st vezet. A nyilv\u00e1ntart\u00e1sban szerepelnie kell a felv\u00e9tel id\u0151pontj\u00e1nak \u00e9s a felvev\u0151 al\u00e1\u00edr\u00e1s\u00e1nak.<\/p>\n","protected":false},"excerpt":{"rendered":"<p>3.2.1. Nyitvatart\u00e1si id\u0151: Az iskola szorgalmi id\u0151ben h\u00e9tf\u0151t\u0151l-p\u00e9ntekig reggel 6-t\u00f3l 20 \u00f3r\u00e1ig +-tart nyitva. A tanul\u00f3kat 7.00-t\u00f3l fogadjuk. \u00e9s 7.45-t\u00f3l tan\u00e1ri fel\u00fcgyeletet biztos\u00edtunk a folyos\u00f3n. 16.45 \u00f3r\u00e1t\u00f3l az ig\u00e9nynek megfelel\u0151en, de legk\u00e9s\u0151bb 18.00 \u00f3r\u00e1ig az \u00e1ltal\u00e1nos iskol\u00e1sok r\u00e9sz\u00e9re \u00fcgyeletet tartunk. A sz\u00fcl\u0151k a folyos\u00f3 elej\u00e9ig k\u00eds\u00e9rhetik a tanul\u00f3t. A tan\u00edt\u00e1s kezdete: 8 \u00f3ra 15 perc. [&hellip;]<\/p>\n","protected":false},"author":1,"featured_media":0,"parent":0,"menu_order":0,"comment_status":"closed","ping_status":"closed","template":"","meta":[],"_links":{"self":[{"href":"https:\/\/aranyj.hu\/index.php?rest_route=\/wp\/v2\/pages\/4503"}],"collection":[{"href":"https:\/\/aranyj.hu\/index.php?rest_route=\/wp\/v2\/pages"}],"about":[{"href":"https:\/\/aranyj.hu\/index.php?rest_route=\/wp\/v2\/types\/page"}],"author":[{"embeddable":true,"href":"https:\/\/aranyj.hu\/index.php?rest_route=\/wp\/v2\/users\/1"}],"replies":[{"embeddable":true,"href":"https:\/\/aranyj.hu\/index.php?rest_route=%2Fwp%2Fv2%2Fcomments&post=4503"}],"version-history":[{"count":2,"href":"https:\/\/aranyj.hu\/index.php?rest_route=\/wp\/v2\/pages\/4503\/revisions"}],"predecessor-version":[{"id":9177,"href":"https:\/\/aranyj.hu\/index.php?rest_route=\/wp\/v2\/pages\/4503\/revisions\/9177"}],"wp:attachment":[{"href":"https:\/\/aranyj.hu\/index.php?rest_route=%2Fwp%2Fv2%2Fmedia&parent=4503"}],"curies":[{"name":"wp","href":"https:\/\/api.w.org\/{rel}","templated":true}]}}