{"id":4500,"date":"2019-09-05T10:49:29","date_gmt":"2019-09-05T09:49:29","guid":{"rendered":"http:\/\/aranyj.hu\/?page_id=4500"},"modified":"2025-10-20T07:08:31","modified_gmt":"2025-10-20T05:08:31","slug":"a-beiratkozasra-meghatarozott-ido","status":"publish","type":"page","link":"https:\/\/aranyj.hu\/?page_id=4500","title":{"rendered":"A beiratkoz\u00e1sra meghat\u00e1rozott id\u0151"},"content":{"rendered":"<p>Az 1. \u00e9vfolyamra felvett tanul\u00f3k beiratkoz\u00e1sa: 2026. \u00e1prilis 23-24. 8.00-19.00<\/p>\n<p>A 9. \u00e9vfolyamra felvett tanul\u00f3k beiratkoz\u00e1sa: 2026. j\u00fanius 26. 8.00-12.00<\/p>\n","protected":false},"excerpt":{"rendered":"<p>Az 1. \u00e9vfolyamra felvett tanul\u00f3k beiratkoz\u00e1sa: 2026. \u00e1prilis 23-24. 8.00-19.00 A 9. \u00e9vfolyamra felvett tanul\u00f3k beiratkoz\u00e1sa: 2026. j\u00fanius 26. 8.00-12.00<\/p>\n","protected":false},"author":1,"featured_media":0,"parent":0,"menu_order":0,"comment_status":"closed","ping_status":"closed","template":"","meta":[],"_links":{"self":[{"href":"https:\/\/aranyj.hu\/index.php?rest_route=\/wp\/v2\/pages\/4500"}],"collection":[{"href":"https:\/\/aranyj.hu\/index.php?rest_route=\/wp\/v2\/pages"}],"about":[{"href":"https:\/\/aranyj.hu\/index.php?rest_route=\/wp\/v2\/types\/page"}],"author":[{"embeddable":true,"href":"https:\/\/aranyj.hu\/index.php?rest_route=\/wp\/v2\/users\/1"}],"replies":[{"embeddable":true,"href":"https:\/\/aranyj.hu\/index.php?rest_route=%2Fwp%2Fv2%2Fcomments&post=4500"}],"version-history":[{"count":11,"href":"https:\/\/aranyj.hu\/index.php?rest_route=\/wp\/v2\/pages\/4500\/revisions"}],"predecessor-version":[{"id":9842,"href":"https:\/\/aranyj.hu\/index.php?rest_route=\/wp\/v2\/pages\/4500\/revisions\/9842"}],"wp:attachment":[{"href":"https:\/\/aranyj.hu\/index.php?rest_route=%2Fwp%2Fv2%2Fmedia&parent=4500"}],"curies":[{"name":"wp","href":"https:\/\/api.w.org\/{rel}","templated":true}]}}