{"id":4377,"date":"2018-11-09T11:57:16","date_gmt":"2018-11-09T10:57:16","guid":{"rendered":"http:\/\/aranyj.hu\/?page_id=4377"},"modified":"2021-10-20T08:04:58","modified_gmt":"2021-10-20T07:04:58","slug":"magyar-irodalom-es-nyelv-felveteli-temakorok","status":"publish","type":"page","link":"https:\/\/aranyj.hu\/?page_id=4377","title":{"rendered":"MAGYAR IRODALOM \u00c9S NYELV FELV\u00c9TELI T\u00c9MAK\u00d6R\u00d6K"},"content":{"rendered":"<p><a href=\"http:\/\/aranyj.hu\/wp-content\/uploads\/2021\/10\/felkvmagyarnyelvsirodalom.pdf\">MAGYAR IRODALOM \u00c9S NYELV FELV\u00c9TELI T\u00c9MAK\u00d6R\u00d6K<\/a><\/p>\n","protected":false},"excerpt":{"rendered":"<p>MAGYAR IRODALOM \u00c9S NYELV FELV\u00c9TELI T\u00c9MAK\u00d6R\u00d6K<\/p>\n","protected":false},"author":1,"featured_media":0,"parent":0,"menu_order":0,"comment_status":"closed","ping_status":"closed","template":"","meta":[],"_links":{"self":[{"href":"https:\/\/aranyj.hu\/index.php?rest_route=\/wp\/v2\/pages\/4377"}],"collection":[{"href":"https:\/\/aranyj.hu\/index.php?rest_route=\/wp\/v2\/pages"}],"about":[{"href":"https:\/\/aranyj.hu\/index.php?rest_route=\/wp\/v2\/types\/page"}],"author":[{"embeddable":true,"href":"https:\/\/aranyj.hu\/index.php?rest_route=\/wp\/v2\/users\/1"}],"replies":[{"embeddable":true,"href":"https:\/\/aranyj.hu\/index.php?rest_route=%2Fwp%2Fv2%2Fcomments&post=4377"}],"version-history":[{"count":3,"href":"https:\/\/aranyj.hu\/index.php?rest_route=\/wp\/v2\/pages\/4377\/revisions"}],"predecessor-version":[{"id":7192,"href":"https:\/\/aranyj.hu\/index.php?rest_route=\/wp\/v2\/pages\/4377\/revisions\/7192"}],"wp:attachment":[{"href":"https:\/\/aranyj.hu\/index.php?rest_route=%2Fwp%2Fv2%2Fmedia&parent=4377"}],"curies":[{"name":"wp","href":"https:\/\/api.w.org\/{rel}","templated":true}]}}