{"id":407,"date":"2015-12-24T08:54:57","date_gmt":"2015-12-24T07:54:57","guid":{"rendered":"http:\/\/aranyj.hu\/?page_id=407"},"modified":"2015-12-24T09:46:22","modified_gmt":"2015-12-24T08:46:22","slug":"notre-dame-de-sion","status":"publish","type":"page","link":"https:\/\/aranyj.hu\/?page_id=407","title":{"rendered":"Notre Dame de Sion"},"content":{"rendered":"<p><img decoding=\"async\" class=\"alignright\" src=\"http:\/\/aranyj.hu\/wp-content\/uploads\/2015\/12\/2590_b.jpg\" alt=\"\" \/><br \/>\n<a href=\"http:\/\/aranyj.hu\/?page_id=409\">Iskol\u00e1nk T\u00f6rt\u00e9nete<\/a><\/p>\n<p><a href=\"http:\/\/aranyj.hu\/?page_id=484\">Sion tal\u00e1lkoz\u00f3k iskol\u00e1nkban<\/a><\/p>\n<p><a href=\"http:\/\/aranyj.hu\/?page_id=536\">Sion Vil\u00e1gtal\u00e1lkoz\u00f3k<\/a><\/p>\n<p>Sion iskol\u00e1k<\/p>\n","protected":false},"excerpt":{"rendered":"<p>Iskol\u00e1nk T\u00f6rt\u00e9nete Sion tal\u00e1lkoz\u00f3k iskol\u00e1nkban Sion Vil\u00e1gtal\u00e1lkoz\u00f3k Sion iskol\u00e1k<\/p>\n","protected":false},"author":1,"featured_media":0,"parent":0,"menu_order":0,"comment_status":"closed","ping_status":"closed","template":"","meta":[],"_links":{"self":[{"href":"https:\/\/aranyj.hu\/index.php?rest_route=\/wp\/v2\/pages\/407"}],"collection":[{"href":"https:\/\/aranyj.hu\/index.php?rest_route=\/wp\/v2\/pages"}],"about":[{"href":"https:\/\/aranyj.hu\/index.php?rest_route=\/wp\/v2\/types\/page"}],"author":[{"embeddable":true,"href":"https:\/\/aranyj.hu\/index.php?rest_route=\/wp\/v2\/users\/1"}],"replies":[{"embeddable":true,"href":"https:\/\/aranyj.hu\/index.php?rest_route=%2Fwp%2Fv2%2Fcomments&post=407"}],"version-history":[{"count":7,"href":"https:\/\/aranyj.hu\/index.php?rest_route=\/wp\/v2\/pages\/407\/revisions"}],"predecessor-version":[{"id":549,"href":"https:\/\/aranyj.hu\/index.php?rest_route=\/wp\/v2\/pages\/407\/revisions\/549"}],"wp:attachment":[{"href":"https:\/\/aranyj.hu\/index.php?rest_route=%2Fwp%2Fv2%2Fmedia&parent=407"}],"curies":[{"name":"wp","href":"https:\/\/api.w.org\/{rel}","templated":true}]}}