{"id":4018,"date":"2018-08-28T08:45:38","date_gmt":"2018-08-28T07:45:38","guid":{"rendered":"http:\/\/aranyj.hu\/?page_id=4018"},"modified":"2025-11-04T10:51:34","modified_gmt":"2025-11-04T09:51:34","slug":"szmsz","status":"publish","type":"page","link":"https:\/\/aranyj.hu\/?page_id=4018","title":{"rendered":"Szmsz"},"content":{"rendered":"<p><a href=\"http:\/\/aranyj.hu\/wp-content\/uploads\/2025\/11\/Szervzeti-es-Mukodesi-Szabalyzat-2025.-szeptember-1.-1.pdf\">Szervezeti \u00e9s M\u0171k\u00f6d\u00e9si Szab\u00e1lyzat<\/a><\/p>\n<p><a href=\"http:\/\/aranyj.hu\/wp-content\/uploads\/2022\/10\/Ped_Prog_mod_elf_SZMSZ_mell_Adatvedelmi_Szabalyzat-202209.pdf\">Z\u00e1rad\u00e9k<\/a><\/p>\n<p>F\u00fcggel\u00e9k: <a href=\"http:\/\/aranyj.hu\/wp-content\/uploads\/2024\/03\/Munkakori_leirasok_mod2.pdf\">Munkak\u00f6ri le\u00edr\u00e1sok<\/a><\/p>\n<p><a href=\"http:\/\/aranyj.hu\/wp-content\/uploads\/2022\/11\/Adatkezelesi_szabalyzat-1.pdf\">1. sz. mell\u00e9klet: Adatkezel\u00e9si szab\u00e1lyzat<\/a><\/p>\n<p><a href=\"http:\/\/aranyj.hu\/wp-content\/uploads\/2023\/11\/6.sz_.melleklet_Az-iskolai_konyvtar_szervezeti_es_mukodesi_szabalyzata_2024_januar.pdf\">2. sz. mell\u00e9klet: Az iskolai k\u00f6nyvt\u00e1r szervezeti \u00e9s m\u0171k\u00f6d\u00e9si szab\u00e1lyzata<\/a><\/p>\n<p>&nbsp;<\/p>\n","protected":false},"excerpt":{"rendered":"<p>Szervezeti \u00e9s M\u0171k\u00f6d\u00e9si Szab\u00e1lyzat Z\u00e1rad\u00e9k F\u00fcggel\u00e9k: Munkak\u00f6ri le\u00edr\u00e1sok 1. sz. mell\u00e9klet: Adatkezel\u00e9si szab\u00e1lyzat 2. sz. mell\u00e9klet: Az iskolai k\u00f6nyvt\u00e1r szervezeti \u00e9s m\u0171k\u00f6d\u00e9si szab\u00e1lyzata &nbsp;<\/p>\n","protected":false},"author":1,"featured_media":0,"parent":0,"menu_order":0,"comment_status":"closed","ping_status":"closed","template":"","meta":[],"_links":{"self":[{"href":"https:\/\/aranyj.hu\/index.php?rest_route=\/wp\/v2\/pages\/4018"}],"collection":[{"href":"https:\/\/aranyj.hu\/index.php?rest_route=\/wp\/v2\/pages"}],"about":[{"href":"https:\/\/aranyj.hu\/index.php?rest_route=\/wp\/v2\/types\/page"}],"author":[{"embeddable":true,"href":"https:\/\/aranyj.hu\/index.php?rest_route=\/wp\/v2\/users\/1"}],"replies":[{"embeddable":true,"href":"https:\/\/aranyj.hu\/index.php?rest_route=%2Fwp%2Fv2%2Fcomments&post=4018"}],"version-history":[{"count":29,"href":"https:\/\/aranyj.hu\/index.php?rest_route=\/wp\/v2\/pages\/4018\/revisions"}],"predecessor-version":[{"id":9885,"href":"https:\/\/aranyj.hu\/index.php?rest_route=\/wp\/v2\/pages\/4018\/revisions\/9885"}],"wp:attachment":[{"href":"https:\/\/aranyj.hu\/index.php?rest_route=%2Fwp%2Fv2%2Fmedia&parent=4018"}],"curies":[{"name":"wp","href":"https:\/\/api.w.org\/{rel}","templated":true}]}}