{"id":397,"date":"2015-12-24T08:49:10","date_gmt":"2015-12-24T07:49:10","guid":{"rendered":"http:\/\/aranyj.hu\/?page_id=397"},"modified":"2015-12-24T08:49:10","modified_gmt":"2015-12-24T07:49:10","slug":"faultetes-a-fold-napja","status":"publish","type":"page","link":"https:\/\/aranyj.hu\/?page_id=397","title":{"rendered":"Fa\u00fcltet\u00e9s, a F\u00f6ld napja"},"content":{"rendered":"<p style=\"text-align: center;\">F\u00f6ld Napja 2015<\/p>\n<p>Id\u00e9n akad\u00e1lyversennyel \u00e9s a m\u00e1r hagyom\u00e1nynak sz\u00e1m\u00edt\u00f3 vetem\u00e9nyeskertbe val\u00f3 \u00fcltet\u00e9ssel eml\u00e9keztek meg a fels\u0151 tagozatosok a F\u00f6ld Napj\u00e1r\u00f3l! Megint egy \u00e9lm\u00e9nnyel gazdagodtunk \u00e9s k\u00f6zben a k\u00f6rnyezet\u00fcnkre is gondoltunk! J\u00f6v\u0151re \u00fajra ugyanitt!<\/p>\n<p>K\u00f6sz\u00f6nj\u00fck a sz\u00fcl\u0151k p\u00e9lda\u00e9rt\u00e9k\u0171 \u00f6sszefog\u00e1s\u00e1t, \u00e9s azt a pozit\u00edv hozz\u00e1\u00e1ll\u00e1st, amelynek<br \/>\nsor\u00e1n adom\u00e1nyoztak az iskola kertj\u00e9nek z\u00f6ld\u00edt\u00e9s\u00e9re!<\/p>\n<p>A kert\u00e9szeti munk\u00e1latok sor\u00e1n f\u00e1kat \u00e9s \u0151shonos, a sas-hegyi fl\u00f3r\u00e1nak \u00e9s a<br \/>\nmad\u00e1rbar\u00e1t kertnek megfelel\u0151 cserj\u00e9ket \u00fcltettek, friss tr\u00e1gy\u00e1t forgattak a vetem\u00e9nyes<br \/>\nkert\u00fcnkbe, valamint aj\u00e1nd\u00e9kba m\u00e9g ribizlibokrokat is telep\u00edtettek nek\u00fcnk, hogy min\u00e9l<br \/>\nz\u00f6ldebb \u00e9s kellemesebb legyen sz\u00e1munka a kert! A munk\u00e1latoknak m\u00e9g nincsen<br \/>\nv\u00e9ge, ezen a h\u00e9ten sz\u00e9p \u00f6r\u00f6kz\u00f6ld vir\u00e1gokat hoznak az Arany-szobor k\u00f6r\u00e9 \u00e9s a<br \/>\nvir\u00e1gl\u00e1d\u00e1kba!<\/p>\n<p>K\u00f6sz\u00f6nj\u00fck!<\/p>\n<div id='gallery-1' class='gallery galleryid-397 gallery-columns-3 gallery-size-thumbnail'><dl class='gallery-item'>\n\t\t\t<dt class='gallery-icon landscape'>\n\t\t\t\t<a href=\"https:\/\/aranyj.hu\/wp-content\/uploads\/2015\/12\/2174_b.jpg\" title=\"2174_b\" data-description=\"\"><img width=\"150\" height=\"113\" src=\"https:\/\/aranyj.hu\/wp-content\/uploads\/2015\/12\/2174_b-150x113.jpg\" class=\"attachment-thumbnail size-thumbnail\" alt=\"\" decoding=\"async\" loading=\"lazy\" srcset=\"https:\/\/aranyj.hu\/wp-content\/uploads\/2015\/12\/2174_b-150x113.jpg 150w, https:\/\/aranyj.hu\/wp-content\/uploads\/2015\/12\/2174_b-300x225.jpg 300w, https:\/\/aranyj.hu\/wp-content\/uploads\/2015\/12\/2174_b.jpg 850w\" sizes=\"(max-width: 150px) 100vw, 150px\"><\/a>\n\t\t\t<\/dt><\/dl><dl class='gallery-item'>\n\t\t\t<dt class='gallery-icon landscape'>\n\t\t\t\t<a href=\"https:\/\/aranyj.hu\/wp-content\/uploads\/2015\/12\/2176_b.jpg\" title=\"2176_b\" data-description=\"\"><img width=\"150\" height=\"113\" src=\"https:\/\/aranyj.hu\/wp-content\/uploads\/2015\/12\/2176_b-150x113.jpg\" class=\"attachment-thumbnail size-thumbnail\" alt=\"\" decoding=\"async\" loading=\"lazy\" srcset=\"https:\/\/aranyj.hu\/wp-content\/uploads\/2015\/12\/2176_b-150x113.jpg 150w, https:\/\/aranyj.hu\/wp-content\/uploads\/2015\/12\/2176_b-300x225.jpg 300w, https:\/\/aranyj.hu\/wp-content\/uploads\/2015\/12\/2176_b.jpg 850w\" sizes=\"(max-width: 150px) 100vw, 150px\"><\/a>\n\t\t\t<\/dt><\/dl><dl class='gallery-item'>\n\t\t\t<dt class='gallery-icon portrait'>\n\t\t\t\t<a href=\"https:\/\/aranyj.hu\/wp-content\/uploads\/2015\/12\/2178_b.jpg\" title=\"2178_b\" data-description=\"\"><img width=\"113\" height=\"150\" src=\"https:\/\/aranyj.hu\/wp-content\/uploads\/2015\/12\/2178_b-113x150.jpg\" class=\"attachment-thumbnail size-thumbnail\" alt=\"\" decoding=\"async\" loading=\"lazy\" srcset=\"https:\/\/aranyj.hu\/wp-content\/uploads\/2015\/12\/2178_b-113x150.jpg 113w, https:\/\/aranyj.hu\/wp-content\/uploads\/2015\/12\/2178_b-225x300.jpg 225w, https:\/\/aranyj.hu\/wp-content\/uploads\/2015\/12\/2178_b.jpg 480w\" sizes=\"(max-width: 113px) 100vw, 113px\"><\/a>\n\t\t\t<\/dt><\/dl><br style=\"clear: both\" \/><dl class='gallery-item'>\n\t\t\t<dt class='gallery-icon landscape'>\n\t\t\t\t<a href=\"https:\/\/aranyj.hu\/wp-content\/uploads\/2015\/12\/2180_b.jpg\" title=\"2180_b\" data-description=\"\"><img width=\"150\" height=\"113\" src=\"https:\/\/aranyj.hu\/wp-content\/uploads\/2015\/12\/2180_b-150x113.jpg\" class=\"attachment-thumbnail size-thumbnail\" alt=\"\" decoding=\"async\" loading=\"lazy\" srcset=\"https:\/\/aranyj.hu\/wp-content\/uploads\/2015\/12\/2180_b-150x113.jpg 150w, https:\/\/aranyj.hu\/wp-content\/uploads\/2015\/12\/2180_b-300x225.jpg 300w, https:\/\/aranyj.hu\/wp-content\/uploads\/2015\/12\/2180_b.jpg 850w\" sizes=\"(max-width: 150px) 100vw, 150px\"><\/a>\n\t\t\t<\/dt><\/dl><dl class='gallery-item'>\n\t\t\t<dt class='gallery-icon landscape'>\n\t\t\t\t<a href=\"https:\/\/aranyj.hu\/wp-content\/uploads\/2015\/12\/2182_b.jpg\" title=\"2182_b\" data-description=\"\"><img width=\"150\" height=\"113\" src=\"https:\/\/aranyj.hu\/wp-content\/uploads\/2015\/12\/2182_b-150x113.jpg\" class=\"attachment-thumbnail size-thumbnail\" alt=\"\" decoding=\"async\" loading=\"lazy\" srcset=\"https:\/\/aranyj.hu\/wp-content\/uploads\/2015\/12\/2182_b-150x113.jpg 150w, https:\/\/aranyj.hu\/wp-content\/uploads\/2015\/12\/2182_b-300x225.jpg 300w, https:\/\/aranyj.hu\/wp-content\/uploads\/2015\/12\/2182_b.jpg 850w\" sizes=\"(max-width: 150px) 100vw, 150px\"><\/a>\n\t\t\t<\/dt><\/dl><dl class='gallery-item'>\n\t\t\t<dt class='gallery-icon landscape'>\n\t\t\t\t<a href=\"https:\/\/aranyj.hu\/wp-content\/uploads\/2015\/12\/2184_b.jpg\" title=\"2184_b\" data-description=\"\"><img width=\"150\" height=\"113\" src=\"https:\/\/aranyj.hu\/wp-content\/uploads\/2015\/12\/2184_b-150x113.jpg\" class=\"attachment-thumbnail size-thumbnail\" alt=\"\" decoding=\"async\" loading=\"lazy\" srcset=\"https:\/\/aranyj.hu\/wp-content\/uploads\/2015\/12\/2184_b-150x113.jpg 150w, https:\/\/aranyj.hu\/wp-content\/uploads\/2015\/12\/2184_b-300x225.jpg 300w, https:\/\/aranyj.hu\/wp-content\/uploads\/2015\/12\/2184_b.jpg 850w\" sizes=\"(max-width: 150px) 100vw, 150px\"><\/a>\n\t\t\t<\/dt><\/dl><br style=\"clear: both\" \/><dl class='gallery-item'>\n\t\t\t<dt class='gallery-icon landscape'>\n\t\t\t\t<a href=\"https:\/\/aranyj.hu\/wp-content\/uploads\/2015\/12\/2186_b.jpg\" title=\"2186_b\" data-description=\"\"><img width=\"150\" height=\"113\" src=\"https:\/\/aranyj.hu\/wp-content\/uploads\/2015\/12\/2186_b-150x113.jpg\" class=\"attachment-thumbnail size-thumbnail\" alt=\"\" decoding=\"async\" loading=\"lazy\" srcset=\"https:\/\/aranyj.hu\/wp-content\/uploads\/2015\/12\/2186_b-150x113.jpg 150w, https:\/\/aranyj.hu\/wp-content\/uploads\/2015\/12\/2186_b-300x225.jpg 300w, https:\/\/aranyj.hu\/wp-content\/uploads\/2015\/12\/2186_b.jpg 850w\" sizes=\"(max-width: 150px) 100vw, 150px\"><\/a>\n\t\t\t<\/dt><\/dl>\n\t\t\t<br style='clear: both' \/>\n\t\t<\/div>\n\n","protected":false},"excerpt":{"rendered":"<p>F\u00f6ld Napja 2015 Id\u00e9n akad\u00e1lyversennyel \u00e9s a m\u00e1r hagyom\u00e1nynak sz\u00e1m\u00edt\u00f3 vetem\u00e9nyeskertbe val\u00f3 \u00fcltet\u00e9ssel eml\u00e9keztek meg a fels\u0151 tagozatosok a F\u00f6ld Napj\u00e1r\u00f3l! Megint egy \u00e9lm\u00e9nnyel gazdagodtunk \u00e9s k\u00f6zben a k\u00f6rnyezet\u00fcnkre is gondoltunk! J\u00f6v\u0151re \u00fajra ugyanitt! K\u00f6sz\u00f6nj\u00fck a sz\u00fcl\u0151k p\u00e9lda\u00e9rt\u00e9k\u0171 \u00f6sszefog\u00e1s\u00e1t, \u00e9s azt a pozit\u00edv hozz\u00e1\u00e1ll\u00e1st, amelynek sor\u00e1n adom\u00e1nyoztak az iskola kertj\u00e9nek z\u00f6ld\u00edt\u00e9s\u00e9re! A kert\u00e9szeti munk\u00e1latok sor\u00e1n [&hellip;]<\/p>\n","protected":false},"author":1,"featured_media":0,"parent":0,"menu_order":0,"comment_status":"closed","ping_status":"closed","template":"","meta":[],"_links":{"self":[{"href":"https:\/\/aranyj.hu\/index.php?rest_route=\/wp\/v2\/pages\/397"}],"collection":[{"href":"https:\/\/aranyj.hu\/index.php?rest_route=\/wp\/v2\/pages"}],"about":[{"href":"https:\/\/aranyj.hu\/index.php?rest_route=\/wp\/v2\/types\/page"}],"author":[{"embeddable":true,"href":"https:\/\/aranyj.hu\/index.php?rest_route=\/wp\/v2\/users\/1"}],"replies":[{"embeddable":true,"href":"https:\/\/aranyj.hu\/index.php?rest_route=%2Fwp%2Fv2%2Fcomments&post=397"}],"version-history":[{"count":1,"href":"https:\/\/aranyj.hu\/index.php?rest_route=\/wp\/v2\/pages\/397\/revisions"}],"predecessor-version":[{"id":405,"href":"https:\/\/aranyj.hu\/index.php?rest_route=\/wp\/v2\/pages\/397\/revisions\/405"}],"wp:attachment":[{"href":"https:\/\/aranyj.hu\/index.php?rest_route=%2Fwp%2Fv2%2Fmedia&parent=397"}],"curies":[{"name":"wp","href":"https:\/\/api.w.org\/{rel}","templated":true}]}}