{"id":294,"date":"2015-12-23T22:08:20","date_gmt":"2015-12-23T21:08:20","guid":{"rendered":"http:\/\/aranyj.hu\/?page_id=294"},"modified":"2015-12-23T22:09:07","modified_gmt":"2015-12-23T21:09:07","slug":"294-2","status":"publish","type":"page","link":"https:\/\/aranyj.hu\/?page_id=294","title":{"rendered":"Mad\u00e1rbar\u00e1t kert"},"content":{"rendered":"<p style=\"text-align: center;\">Mad\u00e1rbar\u00e1t az Arany kertje<\/p>\n<p>Iskol\u00e1nk p\u00e1ratlan kertje k\u00edn\u00e1lja mag\u00e1t a madarak sz\u00e1m\u00e1ra. Vonz\u00f3 \u00e9l\u0151hely itt a Sas-hegyen, term\u00e9szetv\u00e9delmi ter\u00fclet mellett, \u00f6reg f\u00e1kkal, d\u00fas n\u00f6v\u00e9nyzettel. N\u00e9h\u00e1nyan tan\u00e1rok \u00e9s di\u00e1kok \u00fagy gondoltuk, lehetne a madarak, a term\u00e9szet v\u00e9delme \u00e9s szeretete jegy\u00e9ben t\u00f6bbet tenni, \u00edgy j\u00f6tt a mad\u00e1rbar\u00e1t kert gondolata.<\/p>\n<p>A Magyar Mad\u00e1rtani \u00e9s Term\u00e9szetv\u00e9delmi Egyes\u00fclettel \u00e9s a Term\u00e9szet- \u00e9s K\u00f6rnyezetv\u00e9delmi Polg\u00e1r\u0151r Egyes\u00fclettel egy\u00fcttm\u0171k\u00f6dve ez\u00e9rt bele is fogtunk a munk\u00e1ba, amelyet el\u0151sz\u00f6r sok ut\u00e1naj\u00e1r\u00e1ssal, inform\u00e1ci\u00f3szerz\u00e9ssel kellett kezden\u00fcnk, hisz\u2019 mad\u00e1rbar\u00e1t kertet l\u00e9trehozni nem is olyan egyszer\u0171, mint gondoln\u00e1nk, k\u00f6r\u00fcltekint\u0151 munk\u00e1t ig\u00e9nyel, ha j\u00f3l akarjuk csin\u00e1lni.<\/p>\n<p>Szerencs\u00e9re kert\u00fcnkben el\u00e9g \u00f6reg fa \u00e9s cserje van, ami sz\u00e1rnyas bar\u00e1tainknak b\u00fav\u00f3- \u00e9s f\u00e9szkel\u0151 hely\u00fcl szolg\u00e1l \u00e9s \u00e9lelmet ny\u00fajt, ez ad egy j\u00f3 alapot egy mad\u00e1rbar\u00e1t kerthez, de nem elegend\u0151, ez\u00e9rt oszt\u00e1lyonk\u00e9nt mad\u00e1retet\u0151ket k\u00e9sz\u00edtett\u00fcnk, s beszerezt\u00fck a madarak sz\u00e1m\u00e1ra legmegfelel\u0151bb \u00e9s legk\u00f6nnyebben \u00e9s olcs\u00f3n hozz\u00e1f\u00e9rhet\u0151 napraforg\u00f3magot az etet\u00e9shez.<\/p>\n<p>Mivel iskol\u00e1nk pinc\u00e9j\u00e9ben akadt b\u0151ven r\u00e9gi padokb\u00f3l, sz\u00e9kekb\u0151l megmaradt haszn\u00e1laton k\u00edv\u00fcli faanyag, ez\u00e9rt az od\u00fakat ezekb\u0151l k\u00e9sz\u00edtett\u00fck, s \u00edgy nem ker\u00fclt p\u00e9nzbe, s \u00fajra is hasznos\u00edtottunk ek\u00f6zben. Az od\u00fakat besz\u00e1moztuk \u00e9s kihelyezt\u00fck, regisztr\u00e1ltuk a Mad\u00e1rtani Egyes\u00fcletn\u00e9l, s m\u00e1r v\u00e1rhatjuk a kis vend\u00e9geinket. Most tavasszal az itat\u00f3kra ker\u00fclt a hangs\u00faly, \u00edgy most itat\u00f3kat k\u00e9sz\u00edt\u00fcnk \u00e9s helyez\u00fcnk ki, amelyek a madaraknak iv\u00f3- \u00e9s f\u00fcrd\u0151hely\u00fcl szolg\u00e1lnak majd.<\/p>\n<p>K\u00e9s\u0151bbiekben tervezz\u00fck kert\u00fcnket gazdag\u00edtani tov\u00e1bbi \u0151shonos fajjal, illetve a madarak \u00e1ltal kedvelt fajokkal, illetve tervez\u00fcnk teljesebb k\u00f6r\u0171 ismeretterjeszt\u00e9st, el\u0151ad\u00e1sokat, programokat, hogy a gyerekek jobban megismerj\u00e9k, megszeress\u00e9k madarainkat, s kialakuljon benn\u00fck a madarakkal, az \u00e1llatokkal val\u00f3 t\u00f6r\u0151d\u00e9s ir\u00e1nti ig\u00e9ny \u00e9s jobb viszonyba ker\u00fcljenek az \u00e9l\u0151vil\u00e1ggal, a term\u00e9szettel.<\/p>\n<p>&nbsp;<\/p>\n<p><img decoding=\"async\" class=\"aligncenter\" src=\"http:\/\/aranyj.hu\/wp-content\/uploads\/2015\/12\/madarbarat.jpg\" alt=\"\" \/><\/p>\n","protected":false},"excerpt":{"rendered":"<p>Mad\u00e1rbar\u00e1t az Arany kertje Iskol\u00e1nk p\u00e1ratlan kertje k\u00edn\u00e1lja mag\u00e1t a madarak sz\u00e1m\u00e1ra. Vonz\u00f3 \u00e9l\u0151hely itt a Sas-hegyen, term\u00e9szetv\u00e9delmi ter\u00fclet mellett, \u00f6reg f\u00e1kkal, d\u00fas n\u00f6v\u00e9nyzettel. N\u00e9h\u00e1nyan tan\u00e1rok \u00e9s di\u00e1kok \u00fagy gondoltuk, lehetne a madarak, a term\u00e9szet v\u00e9delme \u00e9s szeretete jegy\u00e9ben t\u00f6bbet tenni, \u00edgy j\u00f6tt a mad\u00e1rbar\u00e1t kert gondolata. A Magyar Mad\u00e1rtani \u00e9s Term\u00e9szetv\u00e9delmi Egyes\u00fclettel \u00e9s a [&hellip;]<\/p>\n","protected":false},"author":1,"featured_media":0,"parent":0,"menu_order":0,"comment_status":"closed","ping_status":"closed","template":"","meta":[],"_links":{"self":[{"href":"https:\/\/aranyj.hu\/index.php?rest_route=\/wp\/v2\/pages\/294"}],"collection":[{"href":"https:\/\/aranyj.hu\/index.php?rest_route=\/wp\/v2\/pages"}],"about":[{"href":"https:\/\/aranyj.hu\/index.php?rest_route=\/wp\/v2\/types\/page"}],"author":[{"embeddable":true,"href":"https:\/\/aranyj.hu\/index.php?rest_route=\/wp\/v2\/users\/1"}],"replies":[{"embeddable":true,"href":"https:\/\/aranyj.hu\/index.php?rest_route=%2Fwp%2Fv2%2Fcomments&post=294"}],"version-history":[{"count":2,"href":"https:\/\/aranyj.hu\/index.php?rest_route=\/wp\/v2\/pages\/294\/revisions"}],"predecessor-version":[{"id":297,"href":"https:\/\/aranyj.hu\/index.php?rest_route=\/wp\/v2\/pages\/294\/revisions\/297"}],"wp:attachment":[{"href":"https:\/\/aranyj.hu\/index.php?rest_route=%2Fwp%2Fv2%2Fmedia&parent=294"}],"curies":[{"name":"wp","href":"https:\/\/api.w.org\/{rel}","templated":true}]}}