{"id":28,"date":"2015-11-28T15:27:16","date_gmt":"2015-11-28T15:27:16","guid":{"rendered":"http:\/\/aranyj.hu\/?page_id=28"},"modified":"2015-11-28T15:27:16","modified_gmt":"2015-11-28T15:27:16","slug":"iskolankrol","status":"publish","type":"page","link":"https:\/\/aranyj.hu\/?page_id=28","title":{"rendered":"Iskol\u00e1nkr\u00f3l"},"content":{"rendered":"<p style=\"text-align: center;\"><strong>Iskol\u00e1nk t\u00f6rt\u00e9nete 1930-t\u00f3l napjainkig<\/strong><\/p>\n<p>&nbsp;<\/p>\n<p style=\"text-align: left;\">A\u00a0<strong>Sas-hegy<\/strong> oldal\u00e1ban \u00e1ll \u00e9l\u00e9nks\u00e1rga sz\u00ednbe burkol\u00f3zva iskol\u00e1nk. A v\u00e1ros majd minden r\u00e9sz\u00e9r\u0151l impoz\u00e1ns, gy\u00f6ny\u00f6r\u0171 l\u00e1tv\u00e1nyt ny\u00fajt a homlokzat f\u00f6l\u00e9 magasod\u00f3 szikl\u00e1s hegytet\u0151vel.<\/p>\n<p style=\"text-align: left;\">A<strong> <em>Notre Dame De Sion<\/em> <\/strong>rendet 1892-ben alap\u00edtott\u00e1k. \u00a0A rend ez id\u0151 t\u00e1jt m\u00e1r a vil\u00e1g jelent\u0151s r\u00e9sz\u00e9n kiterjesztette tanait \u00e9s iskol\u00e1it. A t\u00e9rk\u00e9pen London, R\u00f3ma, B\u00e9cs, Pr\u00e1ga, Bukarest, Konstantin\u00e1poly, Jeruzs\u00e1lem, az USA \u00e9s Braz\u00edlia jelezt\u00e9k sz\u00e9khelyeiket.<\/p>\n<p style=\"text-align: left;\">Budapesten el\u0151sz\u00f6r a V\u00e1rhegy oldal\u00e1ban nyitottak egy t\u00f6bbfokozat\u00fa iskol\u00e1t. 1910-ben k\u00f6lt\u00f6ztek a Vill\u00e1nyi \u00fatra, majd\u00a0<strong>1930-ben az utols\u00f3 \u00e1llom\u00e1shely\u00fckre, a Sas-hegyre.<\/strong><\/p>\n<p style=\"text-align: left;\">A ma is pomp\u00e1s l\u00e1tv\u00e1nyt ny\u00fajt\u00f3 iskola \u00e9p\u00fclet\u00e9t\u00a0<strong>Sz\u00f6r\u00e9nyi &#8211; Reischl<\/strong><strong>Guszt\u00e1v <\/strong><strong>tervezte<\/strong> azzal a neog\u00f3tikus k\u00e1poln\u00e1val egy\u00fctt, amelyet 1945-ben s\u00falyos bombatal\u00e1lat \u00e9rt.<\/p>\n<p style=\"text-align: left;\"><strong>Az iskola 1930-ban nyitotta meg kapuit.<\/strong> A megnyit\u00f3 \u00fcnneps\u00e9gen r\u00e9szt vett Horthy Mikl\u00f3sn\u00e9 \u00e9s Angelo Rotta, a p\u00e1pai k\u00fcl\u00f6nmegb\u00edzott is. A korabeli Hivatalos \u00e9rtes\u00edt\u0151 szerint megfogalmazt\u00e1k nevel\u00e9si, oktat\u00e1si c\u00e9ljaikat:<\/p>\n<p style=\"text-align: left;\">\u201e A rendnek az erk\u00f6lcsi \u00e9s jellemnevel\u00e9s mellett az a c\u00e9lja, hogy a magyar le\u00e1nyokat az idegen nyelvek alapos elsaj\u00e1t\u00edt\u00e1sa \u00e9s az eur\u00f3pai irodalmak megismer\u00e9se \u00e1ltal sz\u00e9les l\u00e1t\u00f3k\u00f6r\u0171, de haz\u00e1jukat mindenek f\u00f6l\u00f6tt szeret\u0151 n\u0151kk\u00e9 nevelje.\u201d<\/p>\n<p style=\"text-align: left;\">Az akkori iskola a legmodernebb m\u00f3don \u00e9p\u00fclt, fel s biztos\u00edtotta a magas szint\u0171 oktat\u00e1st \u00e9s a szabadid\u0151 \u00e9rtelmes elt\u00f6lt\u00e9s\u00e9t.<\/p>\n<p style=\"text-align: left;\">A mai f\u00f6ldszinten foglalt helyet a d\u00edszterem, a tan\u00e1ri t\u00e1rsalg\u00f3 \u00e9s n\u00e9h\u00e1ny oszt\u00e1lyterem. Az els\u0151 emeleten a gazdagon felszerelt szert\u00e1rak, tornaterem, \u00f6lt\u00f6z\u0151k. A m\u00e1sodik emeleten a h\u00e1l\u00f3szob\u00e1k voltak. A harmadik emeleten hangszigetelt zeneszob\u00e1k s a n\u0151v\u00e9rek h\u00e1l\u00f3helyis\u00e9gei. Az \u00e9p\u00fcletben k\u00f6zponti f\u0171t\u00e9s, hideg-melegv\u00edz, orvosi rendel\u0151k jelentett\u00e9k az akkori \u00e1tlag feletti komfortot.<\/p>\n<p style=\"text-align: left;\">A hatalmas parkhoz feny\u0151ligetek \u00e9s gy\u00fcm\u00f6lcsf\u00e1k tartoztak s\u00e9tautakkal, j\u00e1tsz\u00f3terekkel. Volt k\u00e9t teniszp\u00e1lya is, melyen t\u00e9len korcsoly\u00e1ztak a bentlak\u00f3 di\u00e1kl\u00e1nyok. Minden oszt\u00e1lynak saj\u00e1t lugasa volt, amit gondoztak.<\/p>\n<p style=\"text-align: left;\">A tan\u00edt\u00e1s \u00e9s besz\u00e9lget\u00e9s nyelve a francia volt.<\/p>\n<p style=\"text-align: left;\">A II. vi\u00e1gh\u00e1bor\u00faban s\u00falyos sebeket kapott az \u00e9p\u00fclet, a k\u00e1polna is romba d\u0151lt. A rend tagjai az \u00e9p\u00fclet helyre\u00e1ll\u00edt\u00e1sa ut\u00e1n m\u00e1r nem sok\u00e1ig \u00e9lvezhett\u00e9k iskolai \u00e9let\u00fcket.\u00a0<strong>1948-ban az iskol\u00e1k fenntart\u00e1s\u00e1t \u00a0az \u00e1llam vette \u00e1t, \u00edgy 1949-ben a<em>Notre Dame De Sion<\/em> ap\u00e1c\u00e1i elhagyt\u00e1k az int\u00e9zet\u00fcket \u00e9s az orsz\u00e1got.<\/strong><\/p>\n<p style=\"text-align: left;\"><strong>1949-ben az \u00e9p\u00fcletbe az Oleg Kosevojr\u00f3l elnevezett \u00f6szt\u00f6nd\u00edjas int\u00e9zm\u00e9ny k\u00f6lt\u00f6z\u00f6tt be.<\/strong> Az akkori k\u00e9pz\u00e9s c\u00e9lja az volt, hogy az itt tanul\u00f3 di\u00e1kokat el\u0151k\u00e9sz\u00edtse a szovjetuni\u00f3beli egyetemekre. Heti 12 \u00f3r\u00e1ban orosz nyelven folyt a tan\u00edt\u00e1s. Speci\u00e1lis oszt\u00e1lyokat szerveztek, melyeknek jelleg\u00e9t a tov\u00e1bbtanul\u00e1si szempontok hat\u00e1rozt\u00e1k meg, a m\u00e9rn\u00f6ki, k\u00f6zgazdas\u00e1gi, orvosi, \u00e9s filoz\u00f3fiai ir\u00e1nyokat r\u00e9szes\u00edtett\u00e9k el\u0151nyben. Ez az int\u00e9zm\u00e9ny 1954-ig m\u0171k\u00f6d\u00f6tt, megsz\u0171n\u00e9se ut\u00e1n felszerel\u00e9se \u00e9s k\u00f6nyvt\u00e1ra itt maradt az\u00a0<strong>1954-ben alakult Arany J\u00e1nos Int\u00e9zet<\/strong>sz\u00e1m\u00e1ra.<\/p>\n<p style=\"text-align: left;\"><strong>1954. szeptember 6-\u00e1n az Arany J\u00e1nos \u00c1ltal\u00e1nos Iskola \u00e9s \u00c1ltal\u00e1nos Gimn\u00e1zium<\/strong>tan\u00e1ri term\u00e9ben tartott alakul\u00f3 \u00e9rtekezletr\u0151l k\u00e9sz\u00fclt jegyz\u0151k\u00f6nyvben t\u00f6bbek k\u00f6z\u00f6tt a k\u00f6vetkez\u0151k \u00e1llnak:<\/p>\n<p style=\"text-align: left;\">\u201eAmint az elvt\u00e1rsak tudj\u00e1k, k\u00fcl\u00f6nleges jelleg\u0171 lesz az \u00faj iskol\u00e1nk. Ilyen jelleg\u0171 iskola pillanatnyilag nincs az eg\u00e9sz orsz\u00e1gban\u2026..\u201d<\/p>\n<p style=\"text-align: left;\">\u201eInt\u00e9zet\u00fcnkben \u00e1ltal\u00e1nos iskola, \u00e1ltal\u00e1nos gimn\u00e1zium, gyermekotthon, di\u00e1kotthon, napk\u00f6zi otthon m\u0171k\u00f6dik, amelyek egy szervezeti \u00e9s nevel\u00e9si egys\u00e9get alkotnak az int\u00e9zet igazgat\u00f3j\u00e1nak egyszem\u00e9lyi felel\u0151s vezet\u00e9se alatt.\u201d<\/p>\n<p style=\"text-align: left;\">1963-ban az MTA pszichol\u00f3giai \u00e9s pedag\u00f3giai b\u00e1zisiskol\u00e1j\u00e1v\u00e1 jel\u00f6lte ki iskol\u00e1nkat. Az itt foly\u00f3 k\u00eds\u00e9rletek elvi \u00e9s orsz\u00e1gos jelent\u0151s\u00e9g\u0171ek voltak.<\/p>\n<p style=\"text-align: left;\">1967-ben az int\u00e9zet\u00fcnk tov\u00e1bb b\u0151v\u00fclt a k\u00e9tszintes k\u00eds\u00e9rleti laborral, amelyet az egykori k\u00e1polna hely\u00e9n \u00e9p\u00edtettek fel. A kutat\u00e1sok, az \u00f3r\u00e1k l\u00e1togat\u00e1sa m\u00e1r nemcsak orsz\u00e1gos \u00e9rdekl\u0151d\u00e9sre sz\u00e1m\u00edtott, hanem t\u00f6bb k\u00fclf\u00f6ldi pedag\u00f3gus is k\u00edv\u00e1ncsi lett a m\u00f3dszereinkre. Pl. 1970\/71- ben 191 tan\u00f3r\u00e1n 2000 vend\u00e9g volt jelen, k\u00f6z\u00f6tt\u00fck sz\u00e1mos k\u00fclf\u00f6ldi szem\u00e9ly.<\/p>\n<p style=\"text-align: left;\">1974-ben az OPI eredm\u00e9nyesen befejezettnek nyilv\u00e1n\u00edtotta \u00e9s t\u00f6rv\u00e9nyes\u00edtette a m\u00f3dszerek orsz\u00e1gos alkalmaz\u00e1s\u00e1t.<\/p>\n<p style=\"text-align: left;\">Id\u0151k\u00f6zben a hegyvid\u00e9k ben\u00e9pes\u00fclt. Ez tette indokoltt\u00e1, hogy el\u0151bb a gyermekotthon majd 1980-ban a koll\u00e9gium is befejezte m\u0171k\u00f6d\u00e9s\u00e9t. A volt h\u00e1l\u00f3termekb\u0151l tantermek alakultak.<\/p>\n<p style=\"text-align: left;\">Int\u00e9zm\u00e9ny\u00fcnk 12 \u00e9vfolyamos iskolak\u00e9nt m\u0171k\u00f6dik 8 + 4-es szerkezetben.<\/p>\n<p style=\"text-align: left;\">1987-ben k\u00e9sz\u00fclt el az iskola udvar\u00e1n a tornacsarnok, emellett h\u00e1rom tornaterm\u00fcnk van. T\u00f6bb szabadt\u00e9ri sportp\u00e1lya valamint egy (t\u00e9len fedett) \u00a0m\u0171f\u00fcves p\u00e1lya biztos\u00edtja tanul\u00f3ink rendszeres testedz\u00e9s\u00e9t a hegyi, tiszta, j\u00f3 leveg\u0151n. Jelenleg tanfolyam-jelleggel lehet\u0151s\u00e9g\u00fck van \u00faszni, s\u00edelni, kos\u00e1rlabd\u00e1zni, torn\u00e1zni, teniszezni, ker\u00e9kp\u00e1rt\u00far\u00e1n, v\u00edzit\u00far\u00e1n r\u00e9szt venni. \u00c9lm\u00e9nyekben gazdag napokat t\u00f6lthetnek di\u00e1kjaink ny\u00e1ron a szigetszentm\u00e1rtoni t\u00e1borban.<\/p>\n<p style=\"text-align: left;\">T\u00f6bb t\u00edzezer k\u00f6tetes k\u00f6nyvt\u00e1r \u00e9s foly\u00f3irat-olvas\u00f3 (internet hozz\u00e1f\u00e9r\u00e9ssel) \u00e1ll tanul\u00f3ink \u00e9s a ne<br \/>\nvel\u0151test\u00fclet rendelkez\u00e9s\u00e9re. Az elm\u00e9ly\u00fclt kutat\u00f3munk\u00e1t gazdag k\u00e9zik\u00f6nyvt\u00e1r seg\u00edti.<\/p>\n<p style=\"text-align: left;\">2006-ban az Iskolaalap\u00edtv\u00e1ny t\u00e1mogat\u00e1s\u00e1val St\u00fadi\u00f3sz\u00ednpadot hoztunk l\u00e9tre, \u00edgy az \u00e9vek \u00f3ta sikerrel m\u0171k\u00f6d\u0151 sz\u00ednj\u00e1tsz\u00f3-csoportnak\u00a0 van m\u00e1r pr\u00f3ba-\u00e9s j\u00e1tsz\u00f3helye.<\/p>\n<p style=\"text-align: left;\">A sz\u00e1m\u00edt\u00e1stechnika oktat\u00e1sa k\u00e9t j\u00f3l felszerelt teremben folyik, minden tanul\u00f3 k\u00fcl\u00f6n g\u00e9pen dolgozhat.<\/p>\n<p style=\"text-align: left;\">A nyelvtan\u00edt\u00e1st\u00a0\u00a0 nyelvi laborat\u00f3rium seg\u00edti.<\/p>\n<p style=\"text-align: left;\">Tanul\u00f3ink kimagasl\u00f3 eredm\u00e9nnyel szerepelnek a k\u00fcl\u00f6nb\u00f6z\u0151 szakt\u00e1rgyi versenyeken. Az elm\u00falt \u00e9vekben t\u00f6bben ker\u00fcltek be az OKTV els\u0151 10 helyezettje k\u00f6z\u00e9.<\/p>\n<p style=\"text-align: left;\">2005 \u00f3ta az Arany J\u00e1nos \u00c1ltal\u00e1nos Iskola \u00e9s Gimn\u00e1zium az ELTE gyakorl\u00f3helye, 2009 \u00f3ta a Magyar Tudom\u00e1nyos Akad\u00e9mia t\u00e1mogat\u00e1s\u00e1val re\u00e1l-oszt\u00e1lyt ind\u00edt.<\/p>\n","protected":false},"excerpt":{"rendered":"<p>Iskol\u00e1nk t\u00f6rt\u00e9nete 1930-t\u00f3l napjainkig &nbsp; A\u00a0Sas-hegy oldal\u00e1ban \u00e1ll \u00e9l\u00e9nks\u00e1rga sz\u00ednbe burkol\u00f3zva iskol\u00e1nk. A v\u00e1ros majd minden r\u00e9sz\u00e9r\u0151l impoz\u00e1ns, gy\u00f6ny\u00f6r\u0171 l\u00e1tv\u00e1nyt ny\u00fajt a homlokzat f\u00f6l\u00e9 magasod\u00f3 szikl\u00e1s hegytet\u0151vel. A Notre Dame De Sion rendet 1892-ben alap\u00edtott\u00e1k. \u00a0A rend ez id\u0151 t\u00e1jt m\u00e1r a vil\u00e1g jelent\u0151s r\u00e9sz\u00e9n kiterjesztette tanait \u00e9s iskol\u00e1it. A t\u00e9rk\u00e9pen London, R\u00f3ma, B\u00e9cs, Pr\u00e1ga, [&hellip;]<\/p>\n","protected":false},"author":1,"featured_media":0,"parent":0,"menu_order":0,"comment_status":"closed","ping_status":"closed","template":"","meta":[],"_links":{"self":[{"href":"https:\/\/aranyj.hu\/index.php?rest_route=\/wp\/v2\/pages\/28"}],"collection":[{"href":"https:\/\/aranyj.hu\/index.php?rest_route=\/wp\/v2\/pages"}],"about":[{"href":"https:\/\/aranyj.hu\/index.php?rest_route=\/wp\/v2\/types\/page"}],"author":[{"embeddable":true,"href":"https:\/\/aranyj.hu\/index.php?rest_route=\/wp\/v2\/users\/1"}],"replies":[{"embeddable":true,"href":"https:\/\/aranyj.hu\/index.php?rest_route=%2Fwp%2Fv2%2Fcomments&post=28"}],"version-history":[{"count":0,"href":"https:\/\/aranyj.hu\/index.php?rest_route=\/wp\/v2\/pages\/28\/revisions"}],"wp:attachment":[{"href":"https:\/\/aranyj.hu\/index.php?rest_route=%2Fwp%2Fv2%2Fmedia&parent=28"}],"curies":[{"name":"wp","href":"https:\/\/api.w.org\/{rel}","templated":true}]}}