{"id":271,"date":"2015-12-23T21:41:15","date_gmt":"2015-12-23T20:41:15","guid":{"rendered":"http:\/\/aranyj.hu\/?page_id=271"},"modified":"2015-12-23T21:41:52","modified_gmt":"2015-12-23T20:41:52","slug":"orszagos-termeszettudomanyos-csapatverseny-3-a-bea-neni-6-hely","status":"publish","type":"page","link":"https:\/\/aranyj.hu\/?page_id=271","title":{"rendered":"Orsz\u00e1gos term\u00e9szettudom\u00e1nyos csapatverseny 3.a + Bea n\u00e9ni 6. hely"},"content":{"rendered":"<div id='gallery-1' class='gallery galleryid-271 gallery-columns-3 gallery-size-thumbnail'><dl class='gallery-item'>\n\t\t\t<dt class='gallery-icon landscape'>\n\t\t\t\t<a href=\"https:\/\/aranyj.hu\/wp-content\/uploads\/2015\/12\/2096_b.jpg\" title=\"2096_b\" data-description=\"\"><img width=\"150\" height=\"100\" src=\"https:\/\/aranyj.hu\/wp-content\/uploads\/2015\/12\/2096_b-150x100.jpg\" class=\"attachment-thumbnail size-thumbnail\" alt=\"\" decoding=\"async\" loading=\"lazy\" srcset=\"https:\/\/aranyj.hu\/wp-content\/uploads\/2015\/12\/2096_b-150x100.jpg 150w, https:\/\/aranyj.hu\/wp-content\/uploads\/2015\/12\/2096_b-300x200.jpg 300w, https:\/\/aranyj.hu\/wp-content\/uploads\/2015\/12\/2096_b.jpg 473w\" sizes=\"(max-width: 150px) 100vw, 150px\"><\/a>\n\t\t\t<\/dt><\/dl>\n\t\t\t<br style='clear: both' \/>\n\t\t<\/div>\n\n","protected":false},"excerpt":{"rendered":"","protected":false},"author":1,"featured_media":0,"parent":0,"menu_order":0,"comment_status":"closed","ping_status":"closed","template":"","meta":[],"_links":{"self":[{"href":"https:\/\/aranyj.hu\/index.php?rest_route=\/wp\/v2\/pages\/271"}],"collection":[{"href":"https:\/\/aranyj.hu\/index.php?rest_route=\/wp\/v2\/pages"}],"about":[{"href":"https:\/\/aranyj.hu\/index.php?rest_route=\/wp\/v2\/types\/page"}],"author":[{"embeddable":true,"href":"https:\/\/aranyj.hu\/index.php?rest_route=\/wp\/v2\/users\/1"}],"replies":[{"embeddable":true,"href":"https:\/\/aranyj.hu\/index.php?rest_route=%2Fwp%2Fv2%2Fcomments&post=271"}],"version-history":[{"count":2,"href":"https:\/\/aranyj.hu\/index.php?rest_route=\/wp\/v2\/pages\/271\/revisions"}],"predecessor-version":[{"id":274,"href":"https:\/\/aranyj.hu\/index.php?rest_route=\/wp\/v2\/pages\/271\/revisions\/274"}],"wp:attachment":[{"href":"https:\/\/aranyj.hu\/index.php?rest_route=%2Fwp%2Fv2%2Fmedia&parent=271"}],"curies":[{"name":"wp","href":"https:\/\/api.w.org\/{rel}","templated":true}]}}