{"id":261,"date":"2015-12-23T19:40:40","date_gmt":"2015-12-23T18:40:40","guid":{"rendered":"http:\/\/aranyj.hu\/?page_id=261"},"modified":"2015-12-24T08:49:52","modified_gmt":"2015-12-24T07:49:52","slug":"okoiskola","status":"publish","type":"page","link":"https:\/\/aranyj.hu\/?page_id=261","title":{"rendered":"\u00d6koiskola"},"content":{"rendered":"<p><img decoding=\"async\" class=\"alignright\" src=\"http:\/\/aranyj.hu\/wp-content\/themes\/hirek_wp\/images\/okoisk.jpg\" alt=\"\" \/><br \/>\n<a href=\"http:\/\/okoiskola.hu\/\" target=\"_blank\">www.okoiskola.hu<\/a><\/p>\n<p><a href=\"http:\/\/aranyj.hu\/?page_id=265\">Term\u00e9szetv\u00e9delmi el\u0151ad\u00e1s<\/a><\/p>\n<p><a href=\"http:\/\/aranyj.hu\/?page_id=271\">Orsz\u00e1gos term\u00e9szettudom\u00e1nyos csapatverseny<\/a><\/p>\n<p><a href=\"http:\/\/aranyj.hu\/?page_id=276\">Seg\u00edts\u00e9g az afrikai partneriskol\u00e1nak<\/a><\/p>\n<p><a href=\"http:\/\/aranyj.hu\/?page_id=281\">\u00d6veges program szakmai nap<\/a><\/p>\n<p><a href=\"http:\/\/aranyj.hu\/?page_id=289\">Elektronmikroszk\u00f3p az Aranyban<\/a><\/p>\n<p><a href=\"http:\/\/aranyj.hu\/?page_id=294\">Mad\u00e1rbar\u00e1t kert<\/a><\/p>\n<p><a href=\"http:\/\/aranyj.hu\/?page_id=299\">F\u00f6ld napja -aszfaltrajzverseny<\/a><\/p>\n<p><a href=\"http:\/\/aranyj.hu\/?page_id=345\">F\u00f6ld napja<\/a><\/p>\n<p><a href=\"http:\/\/aranyj.hu\/?page_id=397\">Fa\u00fcltet\u00e9s, a F\u00f6ld napja<\/a><\/p>\n","protected":false},"excerpt":{"rendered":"<p>www.okoiskola.hu Term\u00e9szetv\u00e9delmi el\u0151ad\u00e1s Orsz\u00e1gos term\u00e9szettudom\u00e1nyos csapatverseny Seg\u00edts\u00e9g az afrikai partneriskol\u00e1nak \u00d6veges program szakmai nap Elektronmikroszk\u00f3p az Aranyban Mad\u00e1rbar\u00e1t kert F\u00f6ld napja -aszfaltrajzverseny F\u00f6ld napja Fa\u00fcltet\u00e9s, a F\u00f6ld napja<\/p>\n","protected":false},"author":1,"featured_media":0,"parent":0,"menu_order":0,"comment_status":"closed","ping_status":"closed","template":"","meta":[],"_links":{"self":[{"href":"https:\/\/aranyj.hu\/index.php?rest_route=\/wp\/v2\/pages\/261"}],"collection":[{"href":"https:\/\/aranyj.hu\/index.php?rest_route=\/wp\/v2\/pages"}],"about":[{"href":"https:\/\/aranyj.hu\/index.php?rest_route=\/wp\/v2\/types\/page"}],"author":[{"embeddable":true,"href":"https:\/\/aranyj.hu\/index.php?rest_route=\/wp\/v2\/users\/1"}],"replies":[{"embeddable":true,"href":"https:\/\/aranyj.hu\/index.php?rest_route=%2Fwp%2Fv2%2Fcomments&post=261"}],"version-history":[{"count":12,"href":"https:\/\/aranyj.hu\/index.php?rest_route=\/wp\/v2\/pages\/261\/revisions"}],"predecessor-version":[{"id":406,"href":"https:\/\/aranyj.hu\/index.php?rest_route=\/wp\/v2\/pages\/261\/revisions\/406"}],"wp:attachment":[{"href":"https:\/\/aranyj.hu\/index.php?rest_route=%2Fwp%2Fv2%2Fmedia&parent=261"}],"curies":[{"name":"wp","href":"https:\/\/api.w.org\/{rel}","templated":true}]}}