{"id":251,"date":"2015-12-22T21:06:57","date_gmt":"2015-12-22T20:06:57","guid":{"rendered":"http:\/\/aranyj.hu\/?page_id=251"},"modified":"2015-12-22T21:08:01","modified_gmt":"2015-12-22T20:08:01","slug":"konyvtarunk-nyitvatartasa-es-hasznalata","status":"publish","type":"page","link":"https:\/\/aranyj.hu\/?page_id=251","title":{"rendered":"K\u00f6nyvt\u00e1runk"},"content":{"rendered":"<p><strong>A k\u00f6nyvt\u00e1rhaszn\u00e1lat rendje<\/strong><\/p>\n<p>&nbsp;<\/p>\n<p>1. Az Arany J\u00e1nos \u00c1ltal\u00e1nos Iskola \u00e9s Gimn\u00e1zium minden dolgoz\u00f3j\u00e1nak \u00e9s tanul\u00f3j\u00e1nak joga t\u00e9r\u00edt\u00e9smentesen haszn\u00e1lni a k\u00f6nyvt\u00e1r szolg\u00e1ltat\u00e1sait.<\/p>\n<p>2. A nyitva tart\u00e1s rendje:<\/p>\n<p>H\u00e9tf\u0151 \u2013 cs\u00fct\u00f6rt\u00f6k: 8.15\u201315.30 h<\/p>\n<p>P\u00e9ntek: \u00a0 \u00a0 \u00a0 \u00a0 \u00a0 \u00a0 \u00a0 8\u201313.00 h<\/p>\n<p>3. K\u00f6lcs\u00f6n\u00f6zni csak di\u00e1kigazolv\u00e1ny bemutat\u00e1s\u00e1val lehet.<\/p>\n<p>4. A k\u00f6lcs\u00f6nz\u00e9s id\u0151tartama h\u00e1rom h\u00e9t. Ezut\u00e1n a k\u00f6lcs\u00f6nz\u00e9si id\u0151 meghosszabb\u00edt\u00e1s\u00e1t lehet k\u00e9rni.<\/p>\n<p>5. A muze\u00e1lis \u00e9rt\u00e9k\u0171 \u00e9s a k\u00e9zik\u00f6nyvt\u00e1ri k\u00f6nyvek nem k\u00f6lcs\u00f6n\u00f6zhet\u0151k.<\/p>\n<p>6. Az egyszerre kivehet\u0151 k\u00f6nyvek sz\u00e1ma:<\/p>\n<ul>\n<li>1.\u20134. oszt\u00e1ly: egy<\/li>\n<li>5.\u20138. oszt\u00e1ly: kett\u0151, esetenk\u00e9nt (pl. versenyre, p\u00e1ly\u00e1zatra k\u00e9sz\u00fcl\u0151knek) h\u00e1rom<\/li>\n<li>9.\u201312. oszt\u00e1ly: h\u00e1rom, esetenk\u00e9nt (pl. versenyre, p\u00e1ly\u00e1zatra k\u00e9sz\u00fcl\u0151knek) n\u00e9gy.<\/li>\n<\/ul>\n<p>7. A k\u00f6nyvt\u00e1r haszn\u00e1l\u00f3i elfogadj\u00e1k a k\u00f6nyvt\u00e1r szab\u00e1lyait, \u00e9s anyagi felel\u0151ss\u00e9get v\u00e1llalnak a k\u00f6lcs\u00f6nz\u00f6tt k\u00f6nyvek\u00e9rt.<\/p>\n<p>8. Ha az olvas\u00f3 elvesz\u00edti vagy megrong\u00e1lja a kik\u00f6lcs\u00f6nz\u00f6tt k\u00f6nyvet, k\u00f6teles ugyanannak a m\u0171nek egy m\u00e1sik, kifog\u00e1stalan \u00e1llapotban l\u00e9v\u0151 p\u00e9ld\u00e1ny\u00e1t beszolg\u00e1ltatni a k\u00f6nyvt\u00e1rnak, vagy a k\u00f6nyv \u00e1r\u00e1nak az aktu\u00e1lis beszerz\u00e9si \u00e1rt\u00f3l f\u00fcgg\u0151en a k\u00f6nyvt\u00e1r vezet\u0151je \u00e1ltal meg\u00e1llap\u00edtott t\u00f6bbsz\u00f6r\u00f6s\u00e9t megt\u00e9r\u00edteni.<\/p>\n<p>9. A k\u00f6nyvt\u00e1r haszn\u00e1l\u00f3ja kultur\u00e1ltan viselkedik a k\u00f6nyvt\u00e1rban, \u00e9lelmiszert nem hozhat be, besz\u00e9lget\u00e9ssel, hangoskod\u00e1ssal nem zavarhatja a t\u00f6bbi olvas\u00f3t. Kab\u00e1tj\u00e1t a fogasokon, t\u00e1sk\u00e1j\u00e1t a kijel\u00f6lt helyen k\u00f6teles elhelyezni.<\/p>\n<p>&nbsp;<\/p>\n<p><strong>Az Internet-haszn\u00e1lat rendje:<\/strong><\/p>\n<p>&nbsp;<\/p>\n<ul>\n<li>Az iskola 5\u201312. \u00e9vfolyam\u00e1nak tanul\u00f3i ingyen \u00e9s \u00f6n\u00e1ll\u00f3an (de folyamatos ellen\u0151rz\u00e9s mellett) haszn\u00e1lhatj\u00e1k az Internet szolg\u00e1ltat\u00e1sait. Az als\u00f3bb oszt\u00e1lyosok csak szervezetten, tan\u00e1ri k\u00eds\u00e9rettel \u00e9s fel\u00fcgyelettel vehetik ig\u00e9nybe a h\u00e1l\u00f3zatot.<\/li>\n<\/ul>\n<ul>\n<li>Az Internethaszn\u00e1l\u00f3nak el\u0151re fel kell iratkoznia az erre rendszeres\u00edtett f\u00fczetben. Ha befejezte a munk\u00e1t, al\u00e1\u00edr\u00e1s\u00e1val kell igazolnia, hogy val\u00f3ban ig\u00e9nybe vette a szolg\u00e1ltat\u00e1st.<\/li>\n<\/ul>\n<ul>\n<li>Egy g\u00e9pn\u00e9l legfeljebb h\u00e1rman tart\u00f3zkodhatnak egyszerre.<\/li>\n<\/ul>\n<ul>\n<li>A k\u00f6nyvt\u00e1r bels\u0151 term\u00e9ben tartott tan\u00edt\u00e1si \u00f3r\u00e1k alatt az Internet-haszn\u00e1lat sz\u00fcnetel.<\/li>\n<\/ul>\n<ul>\n<li>Hetente h\u00e1romszor egy \u00f3r\u00e1t Internetezhet egy tanul\u00f3.<\/li>\n<\/ul>\n<ul>\n<li>A sz\u00e1m\u00edt\u00f3g\u00e9pekbe lemezt berakni nem szabad!<\/li>\n<\/ul>\n<ul>\n<li>Ha a tanul\u00f3 nem az \u00e9letkor\u00e1nak \u00e9s a j\u00f3 \u00edzl\u00e9snek megfelel\u0151 anyagokat h\u00edv be a h\u00e1l\u00f3zatr\u00f3l, fegyelmi felel\u0151ss\u00e9gre vonhat\u00f3, \u00e9s meghat\u00e1rozott ideig nem haszn\u00e1lhatja az Internetet.<\/li>\n<\/ul>\n<ul>\n<li>Haszn\u00e1lat ut\u00e1n bekapcsolva kell hagyni a g\u00e9pet!<\/li>\n<\/ul>\n<ul>\n<li>Ha b\u00e1rmilyen neh\u00e9zs\u00e9g (\u00fczemzavar, meghib\u00e1sod\u00e1s) t\u00e1madna haszn\u00e1lat k\u00f6zben azonnal seg\u00edts\u00e9get kell k\u00e9rni!<\/li>\n<\/ul>\n","protected":false},"excerpt":{"rendered":"<p>A k\u00f6nyvt\u00e1rhaszn\u00e1lat rendje &nbsp; 1. Az Arany J\u00e1nos \u00c1ltal\u00e1nos Iskola \u00e9s Gimn\u00e1zium minden dolgoz\u00f3j\u00e1nak \u00e9s tanul\u00f3j\u00e1nak joga t\u00e9r\u00edt\u00e9smentesen haszn\u00e1lni a k\u00f6nyvt\u00e1r szolg\u00e1ltat\u00e1sait. 2. A nyitva tart\u00e1s rendje: H\u00e9tf\u0151 \u2013 cs\u00fct\u00f6rt\u00f6k: 8.15\u201315.30 h P\u00e9ntek: \u00a0 \u00a0 \u00a0 \u00a0 \u00a0 \u00a0 \u00a0 8\u201313.00 h 3. K\u00f6lcs\u00f6n\u00f6zni csak di\u00e1kigazolv\u00e1ny bemutat\u00e1s\u00e1val lehet. 4. A k\u00f6lcs\u00f6nz\u00e9s id\u0151tartama h\u00e1rom h\u00e9t. Ezut\u00e1n [&hellip;]<\/p>\n","protected":false},"author":1,"featured_media":0,"parent":0,"menu_order":0,"comment_status":"closed","ping_status":"closed","template":"","meta":[],"_links":{"self":[{"href":"https:\/\/aranyj.hu\/index.php?rest_route=\/wp\/v2\/pages\/251"}],"collection":[{"href":"https:\/\/aranyj.hu\/index.php?rest_route=\/wp\/v2\/pages"}],"about":[{"href":"https:\/\/aranyj.hu\/index.php?rest_route=\/wp\/v2\/types\/page"}],"author":[{"embeddable":true,"href":"https:\/\/aranyj.hu\/index.php?rest_route=\/wp\/v2\/users\/1"}],"replies":[{"embeddable":true,"href":"https:\/\/aranyj.hu\/index.php?rest_route=%2Fwp%2Fv2%2Fcomments&post=251"}],"version-history":[{"count":2,"href":"https:\/\/aranyj.hu\/index.php?rest_route=\/wp\/v2\/pages\/251\/revisions"}],"predecessor-version":[{"id":254,"href":"https:\/\/aranyj.hu\/index.php?rest_route=\/wp\/v2\/pages\/251\/revisions\/254"}],"wp:attachment":[{"href":"https:\/\/aranyj.hu\/index.php?rest_route=%2Fwp%2Fv2%2Fmedia&parent=251"}],"curies":[{"name":"wp","href":"https:\/\/api.w.org\/{rel}","templated":true}]}}