{"id":243,"date":"2015-12-22T20:51:15","date_gmt":"2015-12-22T19:51:15","guid":{"rendered":"http:\/\/aranyj.hu\/?page_id=243"},"modified":"2025-04-02T13:50:45","modified_gmt":"2025-04-02T11:50:45","slug":"dok-munkaterv","status":"publish","type":"page","link":"https:\/\/aranyj.hu\/?page_id=243","title":{"rendered":"D\u00d6K SZMSZ"},"content":{"rendered":"<p><strong>Sashegyi Arany J\u00e1nos \u00c1ltal\u00e1nos Iskola \u00e9s Gimn\u00e1zium \u2013 Di\u00e1k\u00f6nkorm\u00e1nyzat<\/strong><\/p>\n<p><strong>\u00c9ves munkaterv<\/strong><\/p>\n<p><strong>2024-2025-\u00f6s tan\u00e9v<\/strong><\/p>\n<p><strong>\u00a0<\/strong><\/p>\n<p><strong>A di\u00e1k\u00f6nkorm\u00e1nyzat eln\u00f6ke: <\/strong>Rixer Enik\u0151 12. a<\/p>\n<p>&nbsp;<\/p>\n<p><strong>A di\u00e1k\u00f6nkorm\u00e1nyzatot seg\u00edt\u0151 pedag\u00f3gus: <\/strong>Besze Borb\u00e1la Blanka<\/p>\n<p>&nbsp;<\/p>\n<p><strong>A di\u00e1k\u00f6nkorm\u00e1nyzat tagjai:<\/strong><\/p>\n<p><strong>\u00a0<\/strong><\/p>\n<p>L\u00e9r\u00e1nt Zsolt, Sz\u00fccs Em\u00edlia 5.a<\/p>\n<p>Cz\u00e1ller Benj\u00e1min, Poly\u00e1k \u00cdrisz 5.b<\/p>\n<p>Kondorosi Dominik, Pusk\u00e1s Elza 6.a<\/p>\n<p>G\u00e1sp\u00e1r Bence, \u00dcr\u00f6gdi Mil\u00e1n 6.b<\/p>\n<p>Hudomel Chiara, Czeti Vince 7.a<\/p>\n<p>Dzendzo \u00c1ron, Szvetko Patrik 7.b<\/p>\n<p>Horv\u00e1th Gergely, Lepesi-Benk\u0151 \u00c1kos 8.a<\/p>\n<p>Koll\u00e1r Andr\u00e1s 8.b<\/p>\n<p>Gy\u0151ri Al\u00edz, Z\u00e1prel-T\u00f3th D\u00e1niel 9.a<\/p>\n<p>Nagyernyei-Kullmann Lelle, R\u00f3zsa Dorka 9.b<\/p>\n<p>Budai \u00c1gnes, Horv\u00e1th Zal\u00e1n 9.c<\/p>\n<p>Juh\u00e1sz Eszter, Borb\u00e1th Vince 9.ny<\/p>\n<p>Sz\u00fccs \u00c1ron, Keresztes-Bors P\u00e9ter 10.a<\/p>\n<p>Kov\u00e1cs-Fleishaker Fanni, Lass\u00e1nyi J\u00falia 10.b<\/p>\n<p>Charaf \u00c1d\u00e1m, B\u00f6r\u00f6cz Frida 10.c<\/p>\n<p>Szlojan Erik, Megyeri L\u00e9na 11.a<\/p>\n<p>Fogarasi Kleop\u00e1tra, Korintus Bence 11.b<\/p>\n<p>Cseke B\u00e1lint, Endr\u0151di \u00c1ron 11.c<\/p>\n<p>Tas Kazimir, Rixer Enik\u0151 12.a<\/p>\n<p>Nagy M\u00e1t\u00e9, Szentmikl\u00f3si Botond 12.b<\/p>\n<p>Magyar Barnab\u00e1s, Nemes Korn\u00e9l 12.c<\/p>\n<p><strong>\u00a0<\/strong><\/p>\n<p><strong>A di\u00e1k\u00f6nkorm\u00e1nyzat az iskolai SZMSZ-ben:<\/strong><\/p>\n<p>A D\u00d6K munk\u00e1j\u00e1t a tanul\u00f3k \u00e1ltal felk\u00e9rt, a f\u0151igazgat\u00f3 \u00e1ltal megb\u00edzott tan\u00e1r seg\u00edti. A di\u00e1k\u00f6nkorm\u00e1nyzat az iskola di\u00e1kjainak \u00e9rdekv\u00e9delmi \u00e9s jog\u00e9rv\u00e9nyes\u00edt\u0151 szervezete. A di\u00e1k\u00f6nkorm\u00e1nyzat SZMSZ-\u00e9t a v\u00e1lasztott tanul\u00f3k\u00f6z\u00f6ss\u00e9g fogadja el, \u00e9s a nevel\u0151test\u00fclet hagyja j\u00f3v\u00e1. Az iskolai di\u00e1k\u00f6nkorm\u00e1nyzat \u00e9l\u00e9n, annak szervezeti \u00e9s m\u0171k\u00f6d\u00e9si szab\u00e1lyzat\u00e1ban meghat\u00e1rozottak szerint v\u00e1lasztott di\u00e1k\u00f6nkorm\u00e1nyzati-vezet\u0151, illetve az iskolai di\u00e1kbizotts\u00e1g \u00e1ll. A D\u00d6K \u2013 a nevel\u0151test\u00fclet v\u00e9lem\u00e9ny\u00e9nek meghallgat\u00e1sa ut\u00e1n \u2013 d\u00f6nt:<\/p>\n<ul>\n<li>saj\u00e1t m\u0171k\u00f6d\u00e9si rendj\u00e9r\u0151l, amelyet a nevel\u0151test\u00fclet hagy j\u00f3v\u00e1,<\/li>\n<li>munkaterv\u00e9nek elfogad\u00e1s\u00e1r\u00f3l,<\/li>\n<li>tiszts\u00e9gvisel\u0151inek megv\u00e1laszt\u00e1s\u00e1r\u00f3l,<\/li>\n<li>az iskolasz\u00e9k k\u00e9pvisel\u0151inek szem\u00e9ly\u00e9r\u0151l,<\/li>\n<li>a D\u00d6K m\u0171k\u00f6d\u00e9s\u00e9hez biztos\u00edtott anyagi eszk\u00f6z\u00f6k felhaszn\u00e1l\u00e1s\u00e1r\u00f3l,<\/li>\n<li>egy tan\u00edt\u00e1s n\u00e9lk\u00fcli munkanap programj\u00e1r\u00f3l<\/li>\n<\/ul>\n<p>A di\u00e1k\u00f6nkorm\u00e1nyzatnak v\u00e9lem\u00e9nyez\u00e9si joga van a nevel\u00e9si-oktat\u00e1si int\u00e9zm\u00e9ny m\u0171k\u00f6d\u00e9s\u00e9vel \u00e9s a tanul\u00f3kkal kapcsolatos valamennyi k\u00e9rd\u00e9sben:<\/p>\n<ul>\n<li>az iskolai SZMSZ jogszab\u00e1lyban meghat\u00e1rozott rendelkez\u00e9seinek elfogad\u00e1sa el\u0151tt,<\/li>\n<li>a h\u00e1zirend elfogad\u00e1sa el\u0151tt,<\/li>\n<li>a pedag\u00f3giai program elfogad\u00e1sa el\u0151tt,<\/li>\n<li>az ifj\u00fas\u00e1gpolitikai c\u00e9lokra biztos\u00edtott p\u00e9nzeszk\u00f6z\u00f6k felhaszn\u00e1l\u00e1sakor.<\/li>\n<li>A v\u00e9lem\u00e9nyek \u00edr\u00e1sos vagy jegyz\u0151k\u00f6nyvi beszerz\u00e9s\u00e9\u00e9rt a f\u0151igazgat\u00f3 felel\u0151s.<\/li>\n<\/ul>\n<p>A m\u0171k\u00f6d\u00e9s\u00e9hez sz\u00fcks\u00e9ges felt\u00e9teleket az int\u00e9zm\u00e9ny vezet\u0151je biztos\u00edtja a szervezet sz\u00e1m\u00e1ra.<\/p>\n<p>A di\u00e1k\u00f6nkorm\u00e1nyzat minden tan\u00e9vben- a az iskolai munkarendben meghat\u00e1rozott id\u0151ben- di\u00e1kk\u00f6zgy\u0171l\u00e9st tart, melynek \u00f6sszeh\u00edv\u00e1s\u00e1t a di\u00e1k\u00f6nkorm\u00e1nyzat vezet\u0151je kezdem\u00e9nyezi. A di\u00e1kk\u00f6zgy\u0171l\u00e9s napirendi pontjait a k\u00f6zgy\u0171l\u00e9s megrendez\u00e9se el\u0151tt 15 nappal nyilv\u00e1noss\u00e1gra kell hozni. A f\u0151igazgat\u00f3 \u00e9s a di\u00e1k\u00f6nkorm\u00e1nyzat vezet\u0151i a f\u0151igazgat\u00f3-helyettesek r\u00e9szv\u00e9tel\u00e9vel folyamatosan megvitatj\u00e1k a tanul\u00f3kat \u00e9rint\u0151 k\u00e9rd\u00e9seket.<\/p>\n<p><strong>A di\u00e1k\u00f6nkorm\u00e1nyzat feladata:<\/strong><br \/>\nA tanul\u00f3k \u00e9rdekeinek k\u00e9pviselete a nevel\u0151test\u00fcletben, valamint a di\u00e1kjogok \u00e9s k\u00f6teless\u00e9gek ismertet\u00e9se, elm\u00e9ly\u00edt\u00e9se. Emellett fontos szerepe van a k\u00f6z\u00e9leti \u00e9s szabadid\u0151s programok szervez\u00e9s\u00e9ben. A Sashegyi Arany \u00c1ltal\u00e1nos Iskola \u00e9s Gimn\u00e1zium Di\u00e1k\u00f6nkorm\u00e1nyzata a k\u00f6vetkez\u0151 c\u00e9lokat hat\u00e1rozta meg a 2024\/25-es tan\u00e9vre.<\/p>\n<p>A tan\u00e9v sor\u00e1n:<\/p>\n<ul>\n<li>Rendszeres gy\u0171l\u00e9sek tart\u00e1sa<\/li>\n<li>A D\u00d6K-terem rendbet\u00e9tele, kamp\u00e1ny \u00faj b\u00fatorok beszerz\u00e9s\u00e9re<\/li>\n<li>K\u00f6z\u00f6ss\u00e9g\u00e9p\u00edt\u00e9s, csapat\u00e9p\u00edt\u0151 programok<\/li>\n<li>iskolai programok lebonyol\u00edt\u00e1s\u00e1ban val\u00f3 seg\u00edts\u00e9gny\u00fajt\u00e1s<\/li>\n<li>Social Media oldalak kezel\u00e9se \u2013 PR-tev\u00e9kenys\u00e9g<\/li>\n<li>Kort\u00e1rs seg\u00edt\u0151 csoport<\/li>\n<li>a di\u00e1k\u00f6nkorm\u00e1nyzatis\u00e1g l\u00e9nyege, di\u00e1kjogok \u00e9s k\u00f6teless\u00e9gek (els\u0151sorban az \u00e1ltal\u00e1nos iskol\u00e1ban)<\/li>\n<\/ul>\n<p><strong>Tervezett programok, c\u00e9lok: <\/strong><\/p>\n<p>SZEPTEMBER<\/p>\n<ul>\n<li>09. alakul\u00f3 gy\u0171l\u00e9s<\/li>\n<li>27. \u2013 \u201edivatbemutat\u00f3\u201d az iskol\u00e1ban maradt ruh\u00e1kb\u00f3l<\/li>\n<li>tiszts\u00e9gvisel\u0151k meg- \u00e9s\/vagy \u00fajrav\u00e1laszt\u00e1sa<\/li>\n<\/ul>\n<p>OKT\u00d3BER<\/p>\n<ul>\n<li>4. \u2013 g\u00f3lyab\u00e1l<\/li>\n<li>25. \u2013 t\u00f6kfarag\u00f3 esem\u00e9ny<\/li>\n<li>25. \u2013 12 \u00f3r\u00e1s foci<\/li>\n<\/ul>\n<p>NOVEMBER<\/p>\n<ul>\n<li>15. \u2013 M\u00e1rton-napi v\u00e1s\u00e1r<\/li>\n<li>29. \u2013 Advent programsorozat I. \u2013 koszor\u00fak\u00e9sz\u00edt\u00e9s<\/li>\n<\/ul>\n<p>DECEMBER<\/p>\n<ul>\n<li>6. \u2013 Mikul\u00e1s<\/li>\n<li>6. \u2013 Advent programsorozat II. \u2013 aj\u00e1nd\u00e9kk\u00e9sz\u00edt\u0151 workshop<\/li>\n<li>13. \u2013 Advent programsorozat III. \u2013 Luca-napi t\u00e1ncmulats\u00e1g<\/li>\n<li>20. \u2013 Advent programsorozat IV. \u2013 puncs, s\u00fctem\u00e9nyek<\/li>\n<\/ul>\n<p>JANU\u00c1R<\/p>\n<ul>\n<li>22. \u2013 Magyar kult\u00fara napja \u2013 \u00c9l\u0151 Honfoglal\u00f3<\/li>\n<\/ul>\n<p>FEBRU\u00c1R<\/p>\n<ul>\n<li>14. \u2013 Valentin-nap \u2013 kedves \u00fczenetek k\u00fcld\u00e9se<\/li>\n<li>21. \u2013 \u00e1ltal\u00e1nos iskola farsang<\/li>\n<li>28. \u2013 gimis farsang<\/li>\n<\/ul>\n<p>M\u00c1RCIUS<\/p>\n<ul>\n<li>m\u00e1rc.21. \u2013 KI-MIT-TUD v\u00e1logat\u00f3<\/li>\n<\/ul>\n<p>\u00c1PRILIS<\/p>\n<ul>\n<li>\u00e1pr.14. \u2013 oszt\u00e1lyok kisfilmjeinek vet\u00edt\u00e9se (sz\u00fcnetek)<\/li>\n<li>\u00e1pr.15. \u2013 kamp\u00e1nynap (r\u00f6vid\u00edtett \u00f3r\u00e1k, hosszabb sz\u00fcnetek)<\/li>\n<li>\u00e1pr.16. \u2013 D\u00d6K-nap (tan\u00edt\u00e1s n\u00e9lk\u00fcli munkanap)<\/li>\n<li>sulituri \u2013 F\u00f6ld napj\u00e1hoz kapcsol\u00f3dva<\/li>\n<\/ul>\n<p>M\u00c1JUS<\/p>\n<ul>\n<li>ballag\u00e1s<\/li>\n<li>K\u00fclf\u00f6ldi tanulm\u00e1ny\u00fat \u2013 Anglia \u2013 a Challenge Utaz\u00e1si Iroda szervez\u00e9s\u00e9vel &#8211; ? l\u00e9tsz\u00e1mt\u00f3l f\u00fcgg\u0151en<\/li>\n<li>Maj\u00e1lis\/Juni\u00e1lis? \u2013 KI-MIT-TUD g\u00e1la?<\/li>\n<\/ul>\n<p>J\u00daNIUS<\/p>\n<ul>\n<li>sportnap<\/li>\n<\/ul>\n<p>D\u00c1TUMF\u00dcGGETLEN PROGRAM\u00d6TLETEK<\/p>\n<ul>\n<li>oszt\u00e1lyz\u00f6ld\u00edt\u00e9si verseny<\/li>\n<li>aut\u00f3mentes nap, KRESZ<\/li>\n<li>ne hozz h\u00e1tizs\u00e1kot program<\/li>\n<li>iskolar\u00e1di\u00f3<\/li>\n<li>havi k\u00f6nyvkibesz\u00e9l\u0151<\/li>\n<li>+1 szendvics<\/li>\n<li>iskola podcast<\/li>\n<li>D\u00d6K-terem takar\u00edt\u00e1sa<\/li>\n<\/ul>\n<p>&nbsp;<\/p>\n","protected":false},"excerpt":{"rendered":"<p>Sashegyi Arany J\u00e1nos \u00c1ltal\u00e1nos Iskola \u00e9s Gimn\u00e1zium \u2013 Di\u00e1k\u00f6nkorm\u00e1nyzat \u00c9ves munkaterv 2024-2025-\u00f6s tan\u00e9v \u00a0 A di\u00e1k\u00f6nkorm\u00e1nyzat eln\u00f6ke: Rixer Enik\u0151 12. a &nbsp; A di\u00e1k\u00f6nkorm\u00e1nyzatot seg\u00edt\u0151 pedag\u00f3gus: Besze Borb\u00e1la Blanka &nbsp; A di\u00e1k\u00f6nkorm\u00e1nyzat tagjai: \u00a0 L\u00e9r\u00e1nt Zsolt, Sz\u00fccs Em\u00edlia 5.a Cz\u00e1ller Benj\u00e1min, Poly\u00e1k \u00cdrisz 5.b Kondorosi Dominik, Pusk\u00e1s Elza 6.a G\u00e1sp\u00e1r Bence, \u00dcr\u00f6gdi Mil\u00e1n 6.b Hudomel [&hellip;]<\/p>\n","protected":false},"author":1,"featured_media":0,"parent":0,"menu_order":0,"comment_status":"closed","ping_status":"closed","template":"","meta":[],"_links":{"self":[{"href":"https:\/\/aranyj.hu\/index.php?rest_route=\/wp\/v2\/pages\/243"}],"collection":[{"href":"https:\/\/aranyj.hu\/index.php?rest_route=\/wp\/v2\/pages"}],"about":[{"href":"https:\/\/aranyj.hu\/index.php?rest_route=\/wp\/v2\/types\/page"}],"author":[{"embeddable":true,"href":"https:\/\/aranyj.hu\/index.php?rest_route=\/wp\/v2\/users\/1"}],"replies":[{"embeddable":true,"href":"https:\/\/aranyj.hu\/index.php?rest_route=%2Fwp%2Fv2%2Fcomments&post=243"}],"version-history":[{"count":14,"href":"https:\/\/aranyj.hu\/index.php?rest_route=\/wp\/v2\/pages\/243\/revisions"}],"predecessor-version":[{"id":9418,"href":"https:\/\/aranyj.hu\/index.php?rest_route=\/wp\/v2\/pages\/243\/revisions\/9418"}],"wp:attachment":[{"href":"https:\/\/aranyj.hu\/index.php?rest_route=%2Fwp%2Fv2%2Fmedia&parent=243"}],"curies":[{"name":"wp","href":"https:\/\/api.w.org\/{rel}","templated":true}]}}