{"id":191,"date":"2015-12-22T19:45:35","date_gmt":"2015-12-22T18:45:35","guid":{"rendered":"http:\/\/aranyj.hu\/?page_id=191"},"modified":"2025-10-22T14:37:28","modified_gmt":"2025-10-22T12:37:28","slug":"kozzeteteli-lista","status":"publish","type":"page","link":"https:\/\/aranyj.hu\/?page_id=191","title":{"rendered":"K\u00f6zz\u00e9t\u00e9teli lista"},"content":{"rendered":"<p><a href=\"http:\/\/aranyj.hu\/wp-content\/uploads\/2025\/10\/035289-kozzeteteli-egyben-1.pdf\">K\u00f6zz\u00e9teteli lista \u00f6sszes\u00edt\u00e9se<\/a><\/p>\n<p><a href=\"http:\/\/aranyj.hu\/?page_id=4497\">A felv\u00e9teli lehet\u0151s\u00e9gekr\u0151l sz\u00f3l\u00f3 t\u00e1j\u00e9koztat\u00f3<\/a><\/p>\n<p><a href=\"http:\/\/aranyj.hu\/?page_id=4500\">A beiratkoz\u00e1sra meghat\u00e1rozott id\u0151<\/a><\/p>\n<p><a href=\"http:\/\/aranyj.hu\/wp-content\/uploads\/2018\/12\/fenntarto_altal_engedelyezett_osztalyok1.pdf\">A fenntart\u00f3 \u00e1ltal enged\u00e9lyezett oszt\u00e1lyok, csoportok sz\u00e1ma<\/a><\/p>\n<p><a href=\"http:\/\/aranyj.hu\/?page_id=4503\">A nevel\u00e9si-oktat\u00e1si int\u00e9zm\u00e9ny nyitvatart\u00e1s\u00e1nak rendje<\/a><\/p>\n<p><a href=\"http:\/\/aranyj.hu\/wp-content\/uploads\/2023\/11\/Kivonat_Eves_munkaterv_2023-2024.pdf\">\u00c9ves munkaterv alapj\u00e1n a nevel\u00e9si \u00e9vben, tan\u00e9vben tervezett jelent\u0151sebb rendezv\u00e9nyek, esem\u00e9nyek id\u0151pontjai<\/a><\/p>\n<p><a href=\"http:\/\/aranyj.hu\/?page_id=6464\">Pedag\u00f3giai-szakmai ellen\u0151rz\u00e9s meg\u00e1llap\u00edt\u00e1sai<\/a><\/p>\n<p><a href=\"http:\/\/aranyj.hu\/wp-content\/uploads\/2022\/10\/Tanfelugyeleti_ellenorzes_megallapitasa_20221025124056.pdf\">Tanfel\u00fcgyeleti ellen\u0151rz\u00e9s meg\u00e1llap\u00edt\u00e1sa<\/a><\/p>\n<p><a href=\"http:\/\/aranyj.hu\/?page_id=4018\">Szervezeti \u00e9s m\u0171k\u00f6d\u00e9si szab\u00e1lyzat<\/a><\/p>\n<p><a href=\"http:\/\/aranyj.hu\/?page_id=65\">H\u00e1zirend<\/a><\/p>\n<p><a href=\"http:\/\/aranyj.hu\/?page_id=174\">Pedag\u00f3giai program<\/a><\/p>\n<p><a href=\"http:\/\/aranyj.hu\/wp-content\/uploads\/2025\/10\/Kozzeteteli-lista-pedagogusok-vegzettsege-2025.-oktober.pdf\">A bet\u00f6lt\u00f6tt munkak\u00f6r\u00f6k alapj\u00e1n a pedag\u00f3gusok iskolai v\u00e9gzetts\u00e9ge \u00e9s szakk\u00e9pzetts\u00e9ge<\/a><\/p>\n<p><a href=\"http:\/\/aranyj.hu\/wp-content\/uploads\/2025\/10\/NOKS-2025.-oktober.pdf\">A bet\u00f6lt\u00f6tt munkak\u00f6r\u00f6k alapj\u00e1n a nevel\u0151 \u00e9s oktat\u00f3 munk\u00e1t seg\u00edt\u0151k sz\u00e1ma, iskolai v\u00e9gzetts\u00e9ge \u00e9s szakk\u00e9pzetts\u00e9ge<\/a><\/p>\n<p class=\"style3\"><a href=\"http:\/\/aranyj.hu\/?page_id=185\">Az orsz\u00e1gos m\u00e9r\u00e9s-\u00e9rt\u00e9kel\u00e9s \u00e9venk\u00e9nti eredm\u00e9nyei<\/a><\/p>\n<p class=\"style3\"><a href=\"http:\/\/aranyj.hu\/?page_id=4507\">A tanul\u00f3k le- \u00e9s kimarad\u00e1s\u00e1val, \u00e9vfolyamism\u00e9tl\u00e9s\u00e9vel kapcsolatos adatok<\/a><\/p>\n<p class=\"style3\"><a href=\"http:\/\/aranyj.hu\/?page_id=163\">A k\u00f6z\u00e9piskol\u00e1ban \u2013 \u00e9venk\u00e9nt felt\u00fcntetve \u2013 az \u00e9retts\u00e9gi vizsg\u00e1k \u00e1tlageredm\u00e9nyei<\/a><\/p>\n<p class=\"style3\"><a href=\"http:\/\/aranyj.hu\/wp-content\/uploads\/2023\/10\/A_tanoran_kivuli_egyeb_foglalkozasok_igenybevetelnek_lehetosege.pdf\">A tan\u00f3r\u00e1n k\u00edv\u00fcli egy\u00e9b foglalkoz\u00e1sok ig\u00e9nybev\u00e9tel\u00e9nek lehet\u0151s\u00e9ge<\/a><\/p>\n<p class=\"style3\"><a href=\"http:\/\/aranyj.hu\/?page_id=4513\">A h\u00e9tv\u00e9gi h\u00e1zi feladatok \u00e9s az iskolai dolgozatok szab\u00e1lyai<\/a><\/p>\n<p class=\"style3\"><a href=\"http:\/\/aranyj.hu\/?page_id=4517\">Az oszt\u00e1lyoz\u00f3vizsga tant\u00e1rgyank\u00e9nti, \u00e9vfolyamonk\u00e9nti k\u00f6vetelm\u00e9nyei, a tanulm\u00e1nyok alatti vizsg\u00e1k tervezett ideje<\/a><\/p>\n<p class=\"style3\"><a href=\"http:\/\/aranyj.hu\/wp-content\/uploads\/2025\/10\/2025-2026-os-tanev-letszam-osszesitese-2025.10.01..pdf\">Az iskolai oszt\u00e1lyok sz\u00e1ma \u00e9s az egyes oszt\u00e1lyokban a tanul\u00f3k l\u00e9tsz\u00e1ma<\/a><\/p>\n<p class=\"style3\"><a href=\"http:\/\/aranyj.hu\/?page_id=4520\">Z\u00e1rad\u00e9kok<\/a><\/p>\n","protected":false},"excerpt":{"rendered":"<p>K\u00f6zz\u00e9teteli lista \u00f6sszes\u00edt\u00e9se A felv\u00e9teli lehet\u0151s\u00e9gekr\u0151l sz\u00f3l\u00f3 t\u00e1j\u00e9koztat\u00f3 A beiratkoz\u00e1sra meghat\u00e1rozott id\u0151 A fenntart\u00f3 \u00e1ltal enged\u00e9lyezett oszt\u00e1lyok, csoportok sz\u00e1ma A nevel\u00e9si-oktat\u00e1si int\u00e9zm\u00e9ny nyitvatart\u00e1s\u00e1nak rendje \u00c9ves munkaterv alapj\u00e1n a nevel\u00e9si \u00e9vben, tan\u00e9vben tervezett jelent\u0151sebb rendezv\u00e9nyek, esem\u00e9nyek id\u0151pontjai Pedag\u00f3giai-szakmai ellen\u0151rz\u00e9s meg\u00e1llap\u00edt\u00e1sai Tanfel\u00fcgyeleti ellen\u0151rz\u00e9s meg\u00e1llap\u00edt\u00e1sa Szervezeti \u00e9s m\u0171k\u00f6d\u00e9si szab\u00e1lyzat H\u00e1zirend Pedag\u00f3giai program A bet\u00f6lt\u00f6tt munkak\u00f6r\u00f6k alapj\u00e1n a pedag\u00f3gusok [&hellip;]<\/p>\n","protected":false},"author":1,"featured_media":0,"parent":0,"menu_order":0,"comment_status":"closed","ping_status":"closed","template":"","meta":[],"_links":{"self":[{"href":"https:\/\/aranyj.hu\/index.php?rest_route=\/wp\/v2\/pages\/191"}],"collection":[{"href":"https:\/\/aranyj.hu\/index.php?rest_route=\/wp\/v2\/pages"}],"about":[{"href":"https:\/\/aranyj.hu\/index.php?rest_route=\/wp\/v2\/types\/page"}],"author":[{"embeddable":true,"href":"https:\/\/aranyj.hu\/index.php?rest_route=\/wp\/v2\/users\/1"}],"replies":[{"embeddable":true,"href":"https:\/\/aranyj.hu\/index.php?rest_route=%2Fwp%2Fv2%2Fcomments&post=191"}],"version-history":[{"count":72,"href":"https:\/\/aranyj.hu\/index.php?rest_route=\/wp\/v2\/pages\/191\/revisions"}],"predecessor-version":[{"id":9871,"href":"https:\/\/aranyj.hu\/index.php?rest_route=\/wp\/v2\/pages\/191\/revisions\/9871"}],"wp:attachment":[{"href":"https:\/\/aranyj.hu\/index.php?rest_route=%2Fwp%2Fv2%2Fmedia&parent=191"}],"curies":[{"name":"wp","href":"https:\/\/api.w.org\/{rel}","templated":true}]}}