{"id":185,"date":"2015-12-22T13:23:44","date_gmt":"2015-12-22T12:23:44","guid":{"rendered":"http:\/\/aranyj.hu\/?page_id=185"},"modified":"2024-11-14T09:07:54","modified_gmt":"2024-11-14T08:07:54","slug":"kompetenciameres","status":"publish","type":"page","link":"https:\/\/aranyj.hu\/?page_id=185","title":{"rendered":"Az orsz\u00e1gos m\u00e9r\u00e9s-\u00e9rt\u00e9kel\u00e9s \u00e9venk\u00e9nti eredm\u00e9nyei"},"content":{"rendered":"<p><img decoding=\"async\" loading=\"lazy\" class=\"alignnone size-medium wp-image-4026\" src=\"http:\/\/aranyj.hu\/wp-content\/uploads\/2018\/08\/22_b-300x169.jpg\" alt=\"\" width=\"300\" height=\"169\" srcset=\"https:\/\/aranyj.hu\/wp-content\/uploads\/2018\/08\/22_b-300x169.jpg 300w, https:\/\/aranyj.hu\/wp-content\/uploads\/2018\/08\/22_b-150x84.jpg 150w, https:\/\/aranyj.hu\/wp-content\/uploads\/2018\/08\/22_b.jpg 615w\" sizes=\"(max-width: 300px) 100vw, 300px\" \/><\/p>\n<p><a href=\"https:\/\/okm.kir.hu\/fit2\/\">Az orsz\u00e1gos m\u00e9r\u00e9s-\u00e9rt\u00e9kel\u00e9s \u00e9venk\u00e9nti eredm\u00e9nyei<\/a><\/p>\n<p><a href=\"https:\/\/www.netfit.eu\/public\/pb_riport_iskola.php\">Fizikai fitts\u00e9gi m\u00e9r\u00e9sek<\/a><\/p>\n<p><a href=\"http:\/\/aranyj.hu\/wp-content\/uploads\/2024\/11\/Intezmenyi_035289_06_IdgAngol_OKM2022.pdf\">Angol nyelvi m\u00e9r\u00e9s 6. \u00e9vfolyam<\/a><\/p>\n<p><a href=\"http:\/\/aranyj.hu\/wp-content\/uploads\/2024\/11\/Intezmenyi_035289_08_IdgAngol_OKM2022.pdf\">Angol nyelvi m\u00e9r\u00e9s 8. \u00e9vfolyam<\/a><\/p>\n","protected":false},"excerpt":{"rendered":"<p>Az orsz\u00e1gos m\u00e9r\u00e9s-\u00e9rt\u00e9kel\u00e9s \u00e9venk\u00e9nti eredm\u00e9nyei Fizikai fitts\u00e9gi m\u00e9r\u00e9sek Angol nyelvi m\u00e9r\u00e9s 6. \u00e9vfolyam Angol nyelvi m\u00e9r\u00e9s 8. \u00e9vfolyam<\/p>\n","protected":false},"author":1,"featured_media":0,"parent":0,"menu_order":0,"comment_status":"closed","ping_status":"closed","template":"","meta":[],"_links":{"self":[{"href":"https:\/\/aranyj.hu\/index.php?rest_route=\/wp\/v2\/pages\/185"}],"collection":[{"href":"https:\/\/aranyj.hu\/index.php?rest_route=\/wp\/v2\/pages"}],"about":[{"href":"https:\/\/aranyj.hu\/index.php?rest_route=\/wp\/v2\/types\/page"}],"author":[{"embeddable":true,"href":"https:\/\/aranyj.hu\/index.php?rest_route=\/wp\/v2\/users\/1"}],"replies":[{"embeddable":true,"href":"https:\/\/aranyj.hu\/index.php?rest_route=%2Fwp%2Fv2%2Fcomments&post=185"}],"version-history":[{"count":11,"href":"https:\/\/aranyj.hu\/index.php?rest_route=\/wp\/v2\/pages\/185\/revisions"}],"predecessor-version":[{"id":9169,"href":"https:\/\/aranyj.hu\/index.php?rest_route=\/wp\/v2\/pages\/185\/revisions\/9169"}],"wp:attachment":[{"href":"https:\/\/aranyj.hu\/index.php?rest_route=%2Fwp%2Fv2%2Fmedia&parent=185"}],"curies":[{"name":"wp","href":"https:\/\/api.w.org\/{rel}","templated":true}]}}