{"id":174,"date":"2015-12-22T13:14:07","date_gmt":"2015-12-22T12:14:07","guid":{"rendered":"http:\/\/aranyj.hu\/?page_id=174"},"modified":"2025-10-01T07:22:49","modified_gmt":"2025-10-01T05:22:49","slug":"pedagogiai-program","status":"publish","type":"page","link":"https:\/\/aranyj.hu\/?page_id=174","title":{"rendered":"Pedag\u00f3giai program"},"content":{"rendered":"<p class=\"style4\" style=\"text-align: center;\"><a href=\"http:\/\/aranyj.hu\/wp-content\/uploads\/2025\/10\/Sashegyi-Arany-Alt-Isk-es-Gimn.-PP_vegl_2025.-szeptember.pdf\">Pedag\u00f3giai program<\/a><br \/>\n<a href=\"http:\/\/aranyj.hu\/wp-content\/uploads\/2022\/10\/Ped_Prog_mod_elf_SZMSZ_mell_Adatvedelmi_Szabalyzat-202209.pdf\">Z\u00e1rad\u00e9k<\/a><\/p>\n<p class=\"style4\" style=\"text-align: center;\"><strong>Pedag\u00f3giai program: Mell\u00e9kletek<\/strong><\/p>\n<p style=\"text-align: center;\"><a href=\"http:\/\/aranyj.hu\/wp-content\/uploads\/2025\/10\/1.-sz.-melleklet_Felveteli-kovetelmenyek-a-szobeli-meghallgatason.pdf\"><em>1. sz. mell\u00e9klet: Felv\u00e9teli k\u00f6vetelm\u00e9nyek a sz\u00f3beli meghallgat\u00e1son a 8. \u00e9vfolyamon<\/em><\/a><\/p>\n<p style=\"text-align: center;\"><a href=\"http:\/\/aranyj.hu\/?page_id=6476\"><em>2.sz.\/A \u00a0mell\u00e9klet: Helyi tantervek: 1-4. \u00e9vfolyam<\/em><\/a><\/p>\n<p style=\"text-align: center;\"><a href=\"http:\/\/aranyj.hu\/?page_id=6493\"><em>2. sz.\/B mell\u00e9klet: Helyi tantervek: 5-8. \u00e9vfolyam<\/em><\/a><\/p>\n<p style=\"text-align: center;\"><a href=\"http:\/\/aranyj.hu\/?page_id=6518\"><em>2. sz. \/C mell\u00e9klet: Helyi tantervek: 9. NYEK \u00e9s 9-12. \u00e9vfolyam\u00a0&#8211; k\u00f6telez\u0151 tant\u00e1rgyak<\/em><\/a><\/p>\n<p style=\"text-align: center;\"><a href=\"http:\/\/aranyj.hu\/?page_id=6539\"><em>2. sz.\/D mell\u00e9klet: \u00c9retts\u00e9gi felk\u00e9sz\u00edt\u0151 foglalkoz\u00e1sok helyi tanterve 11-12. \u00e9vfolyam<\/em><\/a><\/p>\n<p style=\"text-align: center;\"><em><a href=\"https:\/\/ajgm.mozanaplo.hu\/_tinymce_uploads\/bp_arany\/files\/4._sz._mell%C3%A9klet_n%C3%A9pt%C3%A1ncoktat%C3%A1s.pdf\" target=\"_blank\" rel=\"noopener noreferrer\">3. sz. mell\u00e9klet: N\u00e9pt\u00e1ncoktat\u00e1s<\/a><\/em><\/p>\n<p style=\"text-align: center;\"><em><a href=\"http:\/\/aranyj.hu\/wp-content\/uploads\/2021\/10\/5szmelleklet_aktszinttmakrei.pdf\" target=\"_blank\" rel=\"noopener noreferrer\">4. sz. mell\u00e9klet: A k\u00e9tszint\u0171 \u00e9retts\u00e9gi vizsga t\u00e9mak\u00f6rei<\/a><\/em><\/p>\n<p>&nbsp;<\/p>\n<p><a name=\"pedprog6\"><\/a><\/p>\n<p>&nbsp;<\/p>\n<p><a href=\"http:\/\/aranyj.hu\/?page_id=7309\">5. sz. mell\u00e9klet: <em>Az oszt\u00e1lyoz\u00f3, jav\u00edt\u00f3, k\u00fcl\u00f6nb\u00f6zeti vizsg\u00e1k k\u00f6vetelm\u00e9nyei, a tanulm\u00e1nyok alatti vizsg\u00e1k tervezett ideje, a vizsg\u00e1ra t\u00f6rt\u00e9n\u0151 jelentkez\u00e9s m\u00f3dja \u00e9s hat\u00e1rideje.<\/em><\/a><\/p>\n<p><a href=\"http:\/\/aranyj.hu\/wp-content\/uploads\/2023\/11\/6.sz_.melleklet_Fejlesztesi_program_az_SNI_es_BTMN-es_tanulok_nevelesere_oktatasara_2024.pdf\" target=\"_blank\" rel=\"noopener\">6. sz. mell\u00e9klet: <i>A\u00a0<u>saj\u00e1tos nevel\u00e9si ig\u00e9ny\u0171 (SNI \u00e9s BTMN) tanul\u00f3k nevel\u00e9s\u00e9re &#8211; oktat\u00e1s\u00e1ra vonatkoz\u00f3 fejleszt\u00e9si program (mell\u00e9klet)- \u00e1lt.isk, (als\u00f3-fels\u0151), gimn.<\/u><\/i><\/a><\/p>\n<div><\/div>\n","protected":false},"excerpt":{"rendered":"<p>Pedag\u00f3giai program Z\u00e1rad\u00e9k Pedag\u00f3giai program: Mell\u00e9kletek 1. sz. mell\u00e9klet: Felv\u00e9teli k\u00f6vetelm\u00e9nyek a sz\u00f3beli meghallgat\u00e1son a 8. \u00e9vfolyamon 2.sz.\/A \u00a0mell\u00e9klet: Helyi tantervek: 1-4. \u00e9vfolyam 2. sz.\/B mell\u00e9klet: Helyi tantervek: 5-8. \u00e9vfolyam 2. sz. \/C mell\u00e9klet: Helyi tantervek: 9. NYEK \u00e9s 9-12. \u00e9vfolyam\u00a0&#8211; k\u00f6telez\u0151 tant\u00e1rgyak 2. sz.\/D mell\u00e9klet: \u00c9retts\u00e9gi felk\u00e9sz\u00edt\u0151 foglalkoz\u00e1sok helyi tanterve 11-12. \u00e9vfolyam 3. sz. [&hellip;]<\/p>\n","protected":false},"author":1,"featured_media":0,"parent":0,"menu_order":0,"comment_status":"closed","ping_status":"closed","template":"","meta":[],"_links":{"self":[{"href":"https:\/\/aranyj.hu\/index.php?rest_route=\/wp\/v2\/pages\/174"}],"collection":[{"href":"https:\/\/aranyj.hu\/index.php?rest_route=\/wp\/v2\/pages"}],"about":[{"href":"https:\/\/aranyj.hu\/index.php?rest_route=\/wp\/v2\/types\/page"}],"author":[{"embeddable":true,"href":"https:\/\/aranyj.hu\/index.php?rest_route=\/wp\/v2\/users\/1"}],"replies":[{"embeddable":true,"href":"https:\/\/aranyj.hu\/index.php?rest_route=%2Fwp%2Fv2%2Fcomments&post=174"}],"version-history":[{"count":39,"href":"https:\/\/aranyj.hu\/index.php?rest_route=\/wp\/v2\/pages\/174\/revisions"}],"predecessor-version":[{"id":9789,"href":"https:\/\/aranyj.hu\/index.php?rest_route=\/wp\/v2\/pages\/174\/revisions\/9789"}],"wp:attachment":[{"href":"https:\/\/aranyj.hu\/index.php?rest_route=%2Fwp%2Fv2%2Fmedia&parent=174"}],"curies":[{"name":"wp","href":"https:\/\/api.w.org\/{rel}","templated":true}]}}