{"id":163,"date":"2015-12-20T17:45:34","date_gmt":"2015-12-20T16:45:34","guid":{"rendered":"http:\/\/aranyj.hu\/?page_id=163"},"modified":"2025-09-19T11:14:19","modified_gmt":"2025-09-19T09:14:19","slug":"erettsegi-eredmenyek","status":"publish","type":"page","link":"https:\/\/aranyj.hu\/?page_id=163","title":{"rendered":"\u00c9retts\u00e9gi eredm\u00e9nyek"},"content":{"rendered":"<p><a href=\"http:\/\/aranyj.hu\/wp-content\/uploads\/2025\/09\/2025.pdf\">2025<\/a><\/p>\n<p><a href=\"http:\/\/aranyj.hu\/wp-content\/uploads\/2024\/11\/2024.pdf\">2024<\/a><\/p>\n<p><a href=\"http:\/\/aranyj.hu\/wp-content\/uploads\/2024\/11\/2023.pdf\">2023<\/a><\/p>\n<p><a href=\"http:\/\/aranyj.hu\/wp-content\/uploads\/2024\/11\/2022.pdf\">2022<\/a><\/p>\n<p><a href=\"http:\/\/aranyj.hu\/wp-content\/uploads\/2024\/11\/2021.pdf\">2021<\/a><\/p>\n<p><a href=\"http:\/\/aranyj.hu\/wp-content\/uploads\/2024\/11\/2020.pdf\">2020<\/a><\/p>\n<p><a href=\"http:\/\/aranyj.hu\/wp-content\/uploads\/2024\/11\/2019.pdf\">2019<\/a><\/p>\n<p><a href=\"http:\/\/aranyj.hu\/wp-content\/uploads\/2018\/09\/erettsegistat2018.pdf\">2018<\/a><\/p>\n<p><a href=\"http:\/\/aranyj.hu\/wp-content\/uploads\/2018\/08\/statisztika_2017.pdf\">2017<\/a><\/p>\n<p><a href=\"http:\/\/aranyj.hu\/wp-content\/uploads\/2018\/08\/statisztika2016.pdf\">2016<\/a><\/p>\n<p><a href=\"http:\/\/aranyj.hu\/wp-content\/uploads\/2015\/12\/retts\u00e9gi15.pdf\">2015<\/a><\/p>\n<p><a href=\"http:\/\/aranyj.hu\/wp-content\/uploads\/2015\/12\/statisztikahonlapra14.pdf\">2014<\/a><\/p>\n<p><a href=\"http:\/\/aranyj.hu\/wp-content\/uploads\/2015\/12\/erettsegistat2013.pdf\">2013<\/a><\/p>\n<p><a href=\"http:\/\/aranyj.hu\/wp-content\/uploads\/2015\/12\/erettsegistat2012.pdf\">2012<\/a><\/p>\n<p><a href=\"http:\/\/aranyj.hu\/wp-content\/uploads\/2015\/12\/2011j\u00fanteljesstatisztika.pdf\">2011<\/a><\/p>\n<p><a href=\"http:\/\/aranyj.hu\/wp-content\/uploads\/2015\/12\/erettsegi2010.pdf\">2010<\/a><\/p>\n<p><a href=\"http:\/\/aranyj.hu\/wp-content\/uploads\/2015\/12\/erettsegi09honlap-1.pdf\">2009<\/a><\/p>\n","protected":false},"excerpt":{"rendered":"<p>2025 2024 2023 2022 2021 2020 2019 2018 2017 2016 2015 2014 2013 2012 2011 2010 2009<\/p>\n","protected":false},"author":1,"featured_media":0,"parent":0,"menu_order":0,"comment_status":"closed","ping_status":"closed","template":"","meta":[],"_links":{"self":[{"href":"https:\/\/aranyj.hu\/index.php?rest_route=\/wp\/v2\/pages\/163"}],"collection":[{"href":"https:\/\/aranyj.hu\/index.php?rest_route=\/wp\/v2\/pages"}],"about":[{"href":"https:\/\/aranyj.hu\/index.php?rest_route=\/wp\/v2\/types\/page"}],"author":[{"embeddable":true,"href":"https:\/\/aranyj.hu\/index.php?rest_route=\/wp\/v2\/users\/1"}],"replies":[{"embeddable":true,"href":"https:\/\/aranyj.hu\/index.php?rest_route=%2Fwp%2Fv2%2Fcomments&post=163"}],"version-history":[{"count":20,"href":"https:\/\/aranyj.hu\/index.php?rest_route=\/wp\/v2\/pages\/163\/revisions"}],"predecessor-version":[{"id":9779,"href":"https:\/\/aranyj.hu\/index.php?rest_route=\/wp\/v2\/pages\/163\/revisions\/9779"}],"wp:attachment":[{"href":"https:\/\/aranyj.hu\/index.php?rest_route=%2Fwp%2Fv2%2Fmedia&parent=163"}],"curies":[{"name":"wp","href":"https:\/\/api.w.org\/{rel}","templated":true}]}}