{"id":152,"date":"2015-12-20T09:51:52","date_gmt":"2015-12-20T08:51:52","guid":{"rendered":"http:\/\/aranyj.hu\/?page_id=152"},"modified":"2025-04-11T10:26:16","modified_gmt":"2025-04-11T08:26:16","slug":"kapcsolat","status":"publish","type":"page","link":"https:\/\/aranyj.hu\/?page_id=152","title":{"rendered":"Kapcsolat"},"content":{"rendered":"<p><strong>Nyitvatart\u00e1s<\/strong><\/p>\n<div>\n<p>Iskol\u00e1nk munkanapokon 6:00-20:00-ig van nyitva.<\/p>\n<p>Iskolai \u00fcgyeletet 7:00-18:00-ig.<\/p>\n<\/div>\n<p class=\"style4\"><strong>Iskol\u00e1nk levelez\u00e9si c\u00edme:<\/strong> Sashegyi Arany J\u00e1nos \u00c1ltal\u00e1nos Iskola \u00e9s Gimn\u00e1zium 1124 Budapest, Meredek utca 1.<\/p>\n<p class=\"style4\"><strong>Int\u00e9zm\u00e9nyvezet\u0151:<\/strong> Patk\u00f3 Lajos<\/p>\n<p class=\"style4\"><strong>Iskol\u00e1nk telefonsz\u00e1mai:<\/strong><\/p>\n<h2 class=\"style4\"><strong><em>Porta:<\/em><\/strong><\/h2>\n<h2 class=\"style4\"><strong><em>(1)319-33-78<br \/>\n(1)319-33-79<br \/>\n(1)319-33-80<\/em><\/strong><\/h2>\n<p>\u00c1ltal\u00e1nos iskolai \u00e9s igazgat\u00f3i titk\u00e1rs\u00e1g : 310-7316<br \/>\nGimn\u00e1ziumi titk\u00e1rs\u00e1g: 310-7284<br \/>\nTan\u00e1ri t.: 310-7291<\/p>\n<p>Teremb\u00e9rlet:<\/p>\n<p class=\"style4\"><strong>OM azonos\u00edt\u00f3:<\/strong> 035289<\/p>\n<p class=\"style4\"><strong>Iskol\u00e1nk e-mail c\u00edme:<\/strong> <a class=\"style5\" href=\"mailto:aranyj12ker@gmail.com\">aranyj12ker@gmail.com<\/a><\/p>\n<p><iframe loading=\"lazy\" style=\"border: 0;\" src=\"https:\/\/www.google.com\/maps\/embed?pb=!1m14!1m8!1m3!1d10785.133033062171!2d19.022613!3d47.484395!3m2!1i1024!2i768!4f13.1!3m3!1m2!1s0x4741ddd35219c5e9%3A0x37cb3d45afe0ee2d!2sMeredek+u.+1%2C+Budapest%2C+1124+Magyarorsz%C3%A1g!5e0!3m2!1shu!2shu!4v1450601463309\" width=\"600\" height=\"450\" frameborder=\"0\" allowfullscreen=\"allowfullscreen\"><\/iframe><\/p>\n","protected":false},"excerpt":{"rendered":"<p>Nyitvatart\u00e1s Iskol\u00e1nk munkanapokon 6:00-20:00-ig van nyitva. Iskolai \u00fcgyeletet 7:00-18:00-ig. Iskol\u00e1nk levelez\u00e9si c\u00edme: Sashegyi Arany J\u00e1nos \u00c1ltal\u00e1nos Iskola \u00e9s Gimn\u00e1zium 1124 Budapest, Meredek utca 1. Int\u00e9zm\u00e9nyvezet\u0151: Patk\u00f3 Lajos Iskol\u00e1nk telefonsz\u00e1mai: Porta: (1)319-33-78 (1)319-33-79 (1)319-33-80 \u00c1ltal\u00e1nos iskolai \u00e9s igazgat\u00f3i titk\u00e1rs\u00e1g : 310-7316 Gimn\u00e1ziumi titk\u00e1rs\u00e1g: 310-7284 Tan\u00e1ri t.: 310-7291 Teremb\u00e9rlet: OM azonos\u00edt\u00f3: 035289 Iskol\u00e1nk e-mail c\u00edme: aranyj12ker@gmail.com<\/p>\n","protected":false},"author":1,"featured_media":0,"parent":0,"menu_order":0,"comment_status":"closed","ping_status":"closed","template":"","meta":[],"_links":{"self":[{"href":"https:\/\/aranyj.hu\/index.php?rest_route=\/wp\/v2\/pages\/152"}],"collection":[{"href":"https:\/\/aranyj.hu\/index.php?rest_route=\/wp\/v2\/pages"}],"about":[{"href":"https:\/\/aranyj.hu\/index.php?rest_route=\/wp\/v2\/types\/page"}],"author":[{"embeddable":true,"href":"https:\/\/aranyj.hu\/index.php?rest_route=\/wp\/v2\/users\/1"}],"replies":[{"embeddable":true,"href":"https:\/\/aranyj.hu\/index.php?rest_route=%2Fwp%2Fv2%2Fcomments&post=152"}],"version-history":[{"count":22,"href":"https:\/\/aranyj.hu\/index.php?rest_route=\/wp\/v2\/pages\/152\/revisions"}],"predecessor-version":[{"id":9427,"href":"https:\/\/aranyj.hu\/index.php?rest_route=\/wp\/v2\/pages\/152\/revisions\/9427"}],"wp:attachment":[{"href":"https:\/\/aranyj.hu\/index.php?rest_route=%2Fwp%2Fv2%2Fmedia&parent=152"}],"curies":[{"name":"wp","href":"https:\/\/api.w.org\/{rel}","templated":true}]}}