{"id":10078,"date":"2026-03-11T12:59:26","date_gmt":"2026-03-11T11:59:26","guid":{"rendered":"https:\/\/aranyj.hu\/?page_id=10078"},"modified":"2026-03-11T13:06:18","modified_gmt":"2026-03-11T12:06:18","slug":"letoltheto-dokumentumok","status":"publish","type":"page","link":"https:\/\/aranyj.hu\/?page_id=10078","title":{"rendered":"Let\u00f6lthet\u0151 dokumentumok"},"content":{"rendered":"<p><a href=\"http:\/\/aranyj.hu\/wp-content\/uploads\/2026\/03\/JELENTKEZESI-LAP_Javitovizsgara-2026.pdf\">JELENTKEZ\u00c9SI LAP Jav\u00edt\u00f3vizsg\u00e1ra 2026<\/a><\/p>\n<p><a href=\"http:\/\/aranyj.hu\/wp-content\/uploads\/2026\/03\/JELENTKEZESI-LAP_kulonbozeti-vizsgara-2026.pdf\">JELENTKEZ\u00c9SI LAP k\u00fcl\u00f6nb\u00f6zeti vizsg\u00e1ra 2026<\/a><\/p>\n<p><a href=\"http:\/\/aranyj.hu\/wp-content\/uploads\/2026\/03\/JELENTKEZESI-LAP_Osztalyozovizsgara-2026-1.pdf\">JELENTKEZ\u00c9SI LAP Oszt\u00e1lyoz\u00f3vizsg\u00e1ra 2026<\/a><\/p>\n<p><a href=\"http:\/\/aranyj.hu\/wp-content\/uploads\/2026\/03\/Jelentkezesi_lap_OKTV.pdf\">Jelentkez\u00e9si lap OKTV<\/a><\/p>\n<p><a href=\"http:\/\/aranyj.hu\/wp-content\/uploads\/2026\/03\/Testneveles_felmetes_kerele_sportoloknak.pdf\">Testnevel\u00e9s felmet\u00e9s k\u00e9relem sportol\u00f3knak<\/a><\/p>\n","protected":false},"excerpt":{"rendered":"<p>JELENTKEZ\u00c9SI LAP Jav\u00edt\u00f3vizsg\u00e1ra 2026 JELENTKEZ\u00c9SI LAP k\u00fcl\u00f6nb\u00f6zeti vizsg\u00e1ra 2026 JELENTKEZ\u00c9SI LAP Oszt\u00e1lyoz\u00f3vizsg\u00e1ra 2026 Jelentkez\u00e9si lap OKTV Testnevel\u00e9s felmet\u00e9s k\u00e9relem sportol\u00f3knak<\/p>\n","protected":false},"author":1,"featured_media":0,"parent":0,"menu_order":0,"comment_status":"closed","ping_status":"closed","template":"","meta":[],"_links":{"self":[{"href":"https:\/\/aranyj.hu\/index.php?rest_route=\/wp\/v2\/pages\/10078"}],"collection":[{"href":"https:\/\/aranyj.hu\/index.php?rest_route=\/wp\/v2\/pages"}],"about":[{"href":"https:\/\/aranyj.hu\/index.php?rest_route=\/wp\/v2\/types\/page"}],"author":[{"embeddable":true,"href":"https:\/\/aranyj.hu\/index.php?rest_route=\/wp\/v2\/users\/1"}],"replies":[{"embeddable":true,"href":"https:\/\/aranyj.hu\/index.php?rest_route=%2Fwp%2Fv2%2Fcomments&post=10078"}],"version-history":[{"count":5,"href":"https:\/\/aranyj.hu\/index.php?rest_route=\/wp\/v2\/pages\/10078\/revisions"}],"predecessor-version":[{"id":10089,"href":"https:\/\/aranyj.hu\/index.php?rest_route=\/wp\/v2\/pages\/10078\/revisions\/10089"}],"wp:attachment":[{"href":"https:\/\/aranyj.hu\/index.php?rest_route=%2Fwp%2Fv2%2Fmedia&parent=10078"}],"curies":[{"name":"wp","href":"https:\/\/api.w.org\/{rel}","templated":true}]}}